{"id":88,"date":"2020-11-05T10:49:05","date_gmt":"2020-11-05T10:49:05","guid":{"rendered":"https:\/\/dedisplay.es\/?page_id=88"},"modified":"2023-03-27T13:23:20","modified_gmt":"2023-03-27T13:23:20","slug":"vinos-de-la-tierra-de-cadiz-finca-moncloa","status":"publish","type":"page","link":"https:\/\/vinumnobile.com\/index.php\/vinos-de-la-tierra-de-cadiz-finca-moncloa\/","title":{"rendered":"VINOS DE LA TIERRA DE C\u00c1DIZ-finca-moncloa"},"content":{"rendered":"\t\t<div data-elementor-type=\"wp-page\" data-elementor-id=\"88\" class=\"elementor elementor-88\" data-elementor-settings=\"[]\">\n\t\t\t\t\t\t<div class=\"elementor-inner\">\n\t\t\t\t\t\t\t<div class=\"elementor-section-wrap\">\n\t\t\t\t\t\t\t<section class=\"elementor-section elementor-top-section elementor-element elementor-element-2125d2b5 elementor-section-boxed elementor-section-height-default elementor-section-height-default\" data-id=\"2125d2b5\" data-element_type=\"section\">\n\t\t\t\t\t\t<div class=\"elementor-container elementor-column-gap-default\">\n\t\t\t\t\t\t\t<div class=\"elementor-row\">\n\t\t\t\t\t<div class=\"elementor-column elementor-col-100 elementor-top-column elementor-element elementor-element-2683a4af\" data-id=\"2683a4af\" data-element_type=\"column\">\n\t\t\t<div class=\"elementor-column-wrap elementor-element-populated\">\n\t\t\t\t\t\t\t<div class=\"elementor-widget-wrap\">\n\t\t\t\t\t\t<div class=\"elementor-element elementor-element-65708531 elementor-widget elementor-widget-heading\" data-id=\"65708531\" data-element_type=\"widget\" data-widget_type=\"heading.default\">\n\t\t\t\t<div class=\"elementor-widget-container\">\n\t\t\t<h1 class=\"elementor-heading-title elementor-size-default\">Vinos de la Tierra de C\u00e1diz<\/h1>\t\t<\/div>\n\t\t\t\t<\/div>\n\t\t\t\t<div class=\"elementor-element elementor-element-474c28df elementor-widget-divider--view-line elementor-widget elementor-widget-divider\" data-id=\"474c28df\" data-element_type=\"widget\" data-widget_type=\"divider.default\">\n\t\t\t\t<div class=\"elementor-widget-container\">\n\t\t\t\t\t<div class=\"elementor-divider\">\n\t\t\t<span class=\"elementor-divider-separator\">\n\t\t\t\t\t\t<\/span>\n\t\t<\/div>\n\t\t\t\t<\/div>\n\t\t\t\t<\/div>\n\t\t\t\t<div class=\"elementor-element elementor-element-6e57c58a elementor-widget elementor-widget-heading\" data-id=\"6e57c58a\" data-element_type=\"widget\" data-widget_type=\"heading.default\">\n\t\t\t\t<div class=\"elementor-widget-container\">\n\t\t\t<h2 class=\"elementor-heading-title elementor-size-default\">FINCA MONCLOA<\/h2>\t\t<\/div>\n\t\t\t\t<\/div>\n\t\t\t\t<div class=\"elementor-element elementor-element-24328beb elementor-widget elementor-widget-text-editor\" data-id=\"24328beb\" data-element_type=\"widget\" data-widget_type=\"text-editor.default\">\n\t\t\t\t<div class=\"elementor-widget-container\">\n\t\t\t\t\t\t\t\t<div class=\"elementor-text-editor elementor-clearfix\">\n\t\t\t\t\tCon este peque\u00f1o vi\u00f1edo situado en Arcos de la Frontera, la Familia Gonz\u00e1lez recupera la tradici\u00f3n de elaborar grandes vinos tintos en C\u00e1diz, como ya se hiciera en el siglo XVI. Es una apuesta por la recuperaci\u00f3n de la ancestral Tintilla de Rota, una variedad aut\u00f3ctona andaluza que, empleada sutilmente, aporta una complejidad muy singular.\t\t\t\t\t<\/div>\n\t\t\t\t\t\t<\/div>\n\t\t\t\t<\/div>\n\t\t\t\t\t\t<\/div>\n\t\t\t\t\t<\/div>\n\t\t<\/div>\n\t\t\t\t\t\t\t\t<\/div>\n\t\t\t\t\t<\/div>\n\t\t<\/section>\n\t\t\t\t<section class=\"elementor-section elementor-top-section elementor-element elementor-element-7d85defa elementor-section-boxed elementor-section-height-default elementor-section-height-default\" data-id=\"7d85defa\" data-element_type=\"section\">\n\t\t\t\t\t\t<div class=\"elementor-container elementor-column-gap-default\">\n\t\t\t\t\t\t\t<div class=\"elementor-row\">\n\t\t\t\t\t<div class=\"elementor-column elementor-col-100 elementor-top-column elementor-element elementor-element-5c1e1d13\" data-id=\"5c1e1d13\" data-element_type=\"column\">\n\t\t\t<div class=\"elementor-column-wrap elementor-element-populated\">\n\t\t\t\t\t\t\t<div class=\"elementor-widget-wrap\">\n\t\t\t\t\t\t<div class=\"elementor-element elementor-element-a26aebc elementor-widget elementor-widget-heading\" data-id=\"a26aebc\" data-element_type=\"widget\" data-widget_type=\"heading.default\">\n\t\t\t\t<div class=\"elementor-widget-container\">\n\t\t\t<h3 class=\"elementor-heading-title elementor-size-default\">FINCA MONCLOA<\/h3>\t\t<\/div>\n\t\t\t\t<\/div>\n\t\t\t\t<section class=\"elementor-section elementor-inner-section elementor-element elementor-element-0c4aed0 elementor-section-boxed elementor-section-height-default elementor-section-height-default\" data-id=\"0c4aed0\" data-element_type=\"section\">\n\t\t\t\t\t\t<div class=\"elementor-container elementor-column-gap-default\">\n\t\t\t\t\t\t\t<div class=\"elementor-row\">\n\t\t\t\t\t<div class=\"make-column-clickable-elementor elementor-column elementor-col-25 elementor-inner-column elementor-element elementor-element-1dc8ea1 elementor-hidden-tablet\" style=\"cursor: pointer;\" data-column-clickable=\"https:\/\/vinumnobile.com\/index.php\/vinos-de-la-tierra-de-cadiz-finca-moncloa\/finca-moncloa\/\" data-column-clickable-blank=\"_self\" data-id=\"1dc8ea1\" data-element_type=\"column\" data-settings=\"{&quot;background_background&quot;:&quot;classic&quot;}\">\n\t\t\t<div class=\"elementor-column-wrap\">\n\t\t\t\t\t\t\t<div class=\"elementor-widget-wrap\">\n\t\t\t\t\t\t\t\t<\/div>\n\t\t\t\t\t<\/div>\n\t\t<\/div>\n\t\t\t\t<div class=\"make-column-clickable-elementor elementor-column elementor-col-25 elementor-inner-column elementor-element elementor-element-10a27fb\" style=\"cursor: pointer;\" data-column-clickable=\"https:\/\/vinumnobile.com\/index.php\/vinos-de-la-tierra-de-cadiz-finca-moncloa\/finca-moncloa\/\" data-column-clickable-blank=\"_self\" data-id=\"10a27fb\" data-element_type=\"column\" data-settings=\"{&quot;background_background&quot;:&quot;classic&quot;}\">\n\t\t\t<div class=\"elementor-column-wrap elementor-element-populated\">\n\t\t\t\t\t\t\t<div class=\"elementor-widget-wrap\">\n\t\t\t\t\t\t<div class=\"elementor-element elementor-element-e03b2ef elementor-widget elementor-widget-image\" data-id=\"e03b2ef\" data-element_type=\"widget\" data-widget_type=\"image.default\">\n\t\t\t\t<div class=\"elementor-widget-container\">\n\t\t\t\t\t\t\t\t<div class=\"elementor-image\">\n\t\t\t\t\t\t\t\t\t\t\t\t\t<a href=\"https:\/\/vinumnobile.com\/index.php\/vinos-de-la-tierra-de-cadiz-finca-moncloa\/finca-moncloa\/\">\n\t\t\t\t\t\t\t<img loading=\"lazy\" decoding=\"async\" width=\"24\" height=\"24\" src=\"https:\/\/vinumnobile.com\/wp-content\/uploads\/2020\/11\/pto_negro.png\" class=\"elementor-animation-grow attachment-large size-large\" alt=\"\" \/>\t\t\t\t\t\t\t\t<\/a>\n\t\t\t\t\t\t\t\t\t\t\t\t\t\t<\/div>\n\t\t\t\t\t\t<\/div>\n\t\t\t\t<\/div>\n\t\t\t\t<div class=\"elementor-element elementor-element-121615c elementor-widget elementor-widget-image\" data-id=\"121615c\" data-element_type=\"widget\" data-settings=\"{&quot;_animation&quot;:&quot;none&quot;}\" data-widget_type=\"image.default\">\n\t\t\t\t<div class=\"elementor-widget-container\">\n\t\t\t\t\t\t\t\t<div class=\"elementor-image\">\n\t\t\t\t\t\t\t\t\t<figure class=\"wp-caption\">\n\t\t\t\t\t\t\t\t\t\t\t<a href=\"https:\/\/vinumnobile.com\/index.php\/vinos-de-la-tierra-de-cadiz-finca-moncloa\/finca-moncloa\/\">\n\t\t\t\t\t\t\t<img loading=\"lazy\" decoding=\"async\" width=\"87\" height=\"330\" src=\"https:\/\/vinumnobile.com\/wp-content\/uploads\/2023\/03\/FincaMoncloaFincaMoncloa-botella-01a-FincaMoncloa.png\" class=\"elementor-animation-float attachment-full size-full\" alt=\"\" \/>\t\t\t\t\t\t\t\t<\/a>\n\t\t\t\t\t\t\t\t\t\t\t<figcaption class=\"widget-image-caption wp-caption-text\">Finca Moncloa<\/figcaption>\n\t\t\t\t\t\t\t\t\t\t<\/figure>\n\t\t\t\t\t\t\t\t<\/div>\n\t\t\t\t\t\t<\/div>\n\t\t\t\t<\/div>\n\t\t\t\t\t\t<\/div>\n\t\t\t\t\t<\/div>\n\t\t<\/div>\n\t\t\t\t<div class=\"make-column-clickable-elementor elementor-column elementor-col-25 elementor-inner-column elementor-element elementor-element-74bcf3c\" style=\"cursor: pointer;\" data-column-clickable=\"https:\/\/vinumnobile.com\/index.php\/vinos-de-la-tierra-de-cadiz-finca-moncloa\/edic-limitada-tintilla-de-rota\/\" data-column-clickable-blank=\"_self\" data-id=\"74bcf3c\" data-element_type=\"column\" data-settings=\"{&quot;background_background&quot;:&quot;classic&quot;}\">\n\t\t\t<div class=\"elementor-column-wrap elementor-element-populated\">\n\t\t\t\t\t\t\t<div class=\"elementor-widget-wrap\">\n\t\t\t\t\t\t<div class=\"elementor-element elementor-element-1cd7140 elementor-widget elementor-widget-image\" data-id=\"1cd7140\" data-element_type=\"widget\" data-widget_type=\"image.default\">\n\t\t\t\t<div class=\"elementor-widget-container\">\n\t\t\t\t\t\t\t\t<div class=\"elementor-image\">\n\t\t\t\t\t\t\t\t\t\t\t\t\t<a href=\"https:\/\/vinumnobile.com\/index.php\/vinos-de-la-tierra-de-cadiz-finca-moncloa\/edic-limitada-tintilla-de-rota\/\">\n\t\t\t\t\t\t\t<img loading=\"lazy\" decoding=\"async\" width=\"24\" height=\"24\" src=\"https:\/\/vinumnobile.com\/wp-content\/uploads\/2020\/11\/pto_negro.png\" class=\"elementor-animation-grow attachment-large size-large\" alt=\"\" \/>\t\t\t\t\t\t\t\t<\/a>\n\t\t\t\t\t\t\t\t\t\t\t\t\t\t<\/div>\n\t\t\t\t\t\t<\/div>\n\t\t\t\t<\/div>\n\t\t\t\t<div class=\"elementor-element elementor-element-2b5783f elementor-widget elementor-widget-image\" data-id=\"2b5783f\" data-element_type=\"widget\" data-settings=\"{&quot;_animation&quot;:&quot;none&quot;}\" data-widget_type=\"image.default\">\n\t\t\t\t<div class=\"elementor-widget-container\">\n\t\t\t\t\t\t\t\t<div class=\"elementor-image\">\n\t\t\t\t\t\t\t\t\t<figure class=\"wp-caption\">\n\t\t\t\t\t\t\t\t\t\t\t<a href=\"https:\/\/vinumnobile.com\/index.php\/vinos-de-la-tierra-de-cadiz-finca-moncloa\/edic-limitada-tintilla-de-rota\/\">\n\t\t\t\t\t\t\t<img loading=\"lazy\" decoding=\"async\" width=\"88\" height=\"330\" src=\"https:\/\/vinumnobile.com\/wp-content\/uploads\/2023\/03\/FincaMoncloaFincaMoncloa-botella-03a-EdEspecialTintilla.png\" class=\"elementor-animation-float attachment-full size-full\" alt=\"FincaMoncloaFincaMoncloa-botella-03a-EdEspecialTintilla\" \/>\t\t\t\t\t\t\t\t<\/a>\n\t\t\t\t\t\t\t\t\t\t\t<figcaption class=\"widget-image-caption wp-caption-text\">Edic. Limitada Tintilla de Rota<\/figcaption>\n\t\t\t\t\t\t\t\t\t\t<\/figure>\n\t\t\t\t\t\t\t\t<\/div>\n\t\t\t\t\t\t<\/div>\n\t\t\t\t<\/div>\n\t\t\t\t\t\t<\/div>\n\t\t\t\t\t<\/div>\n\t\t<\/div>\n\t\t\t\t<div class=\"elementor-column elementor-col-25 elementor-inner-column elementor-element elementor-element-a02b6c3 elementor-hidden-tablet elementor-hidden-phone\" data-id=\"a02b6c3\" data-element_type=\"column\" data-settings=\"{&quot;background_background&quot;:&quot;classic&quot;}\">\n\t\t\t<div class=\"elementor-column-wrap\">\n\t\t\t\t\t\t\t<div class=\"elementor-widget-wrap\">\n\t\t\t\t\t\t\t\t<\/div>\n\t\t\t\t\t<\/div>\n\t\t<\/div>\n\t\t\t\t\t\t\t\t<\/div>\n\t\t\t\t\t<\/div>\n\t\t<\/section>\n\t\t\t\t\t\t<\/div>\n\t\t\t\t\t<\/div>\n\t\t<\/div>\n\t\t\t\t\t\t\t\t<\/div>\n\t\t\t\t\t<\/div>\n\t\t<\/section>\n\t\t\t\t<section class=\"elementor-section elementor-top-section elementor-element elementor-element-4bf85ecd elementor-section-boxed elementor-section-height-default elementor-section-height-default\" data-id=\"4bf85ecd\" data-element_type=\"section\">\n\t\t\t\t\t\t<div class=\"elementor-container elementor-column-gap-default\">\n\t\t\t\t\t\t\t<div class=\"elementor-row\">\n\t\t\t\t\t<div class=\"elementor-column elementor-col-100 elementor-top-column elementor-element elementor-element-1b864d39\" data-id=\"1b864d39\" data-element_type=\"column\">\n\t\t\t<div class=\"elementor-column-wrap elementor-element-populated\">\n\t\t\t\t\t\t\t<div class=\"elementor-widget-wrap\">\n\t\t\t\t\t\t<div class=\"elementor-element elementor-element-6e0eb664 elementor-widget elementor-widget-heading\" data-id=\"6e0eb664\" data-element_type=\"widget\" data-widget_type=\"heading.default\">\n\t\t\t\t<div class=\"elementor-widget-container\">\n\t\t\t<h3 class=\"elementor-heading-title elementor-size-default\">TINTILLA DE ROTA<\/h3>\t\t<\/div>\n\t\t\t\t<\/div>\n\t\t\t\t<section class=\"elementor-section elementor-inner-section elementor-element elementor-element-5c5b0d58 elementor-section-boxed elementor-section-height-default elementor-section-height-default\" data-id=\"5c5b0d58\" data-element_type=\"section\">\n\t\t\t\t\t\t<div class=\"elementor-container elementor-column-gap-default\">\n\t\t\t\t\t\t\t<div class=\"elementor-row\">\n\t\t\t\t\t<div class=\"make-column-clickable-elementor elementor-column elementor-col-25 elementor-inner-column elementor-element elementor-element-7491ad3c elementor-hidden-tablet\" style=\"cursor: pointer;\" data-column-clickable=\"https:\/\/vinumnobile.com\/index.php\/vinos-de-la-tierra-de-cadiz-finca-moncloa\/tintilla-de-rota\/\" data-column-clickable-blank=\"_self\" data-id=\"7491ad3c\" data-element_type=\"column\" data-settings=\"{&quot;background_background&quot;:&quot;classic&quot;}\">\n\t\t\t<div class=\"elementor-column-wrap\">\n\t\t\t\t\t\t\t<div class=\"elementor-widget-wrap\">\n\t\t\t\t\t\t\t\t<\/div>\n\t\t\t\t\t<\/div>\n\t\t<\/div>\n\t\t\t\t<div class=\"make-column-clickable-elementor elementor-column elementor-col-25 elementor-inner-column elementor-element elementor-element-5beda041\" style=\"cursor: pointer;\" data-column-clickable=\"https:\/\/vinumnobile.com\/index.php\/vinos-de-la-tierra-de-cadiz-finca-moncloa\/tintilla-de-rota\/\" data-column-clickable-blank=\"_self\" data-id=\"5beda041\" data-element_type=\"column\" data-settings=\"{&quot;background_background&quot;:&quot;classic&quot;}\">\n\t\t\t<div class=\"elementor-column-wrap elementor-element-populated\">\n\t\t\t\t\t\t\t<div class=\"elementor-widget-wrap\">\n\t\t\t\t\t\t<div class=\"elementor-element elementor-element-dfedbcc elementor-widget elementor-widget-image\" data-id=\"dfedbcc\" data-element_type=\"widget\" data-widget_type=\"image.default\">\n\t\t\t\t<div class=\"elementor-widget-container\">\n\t\t\t\t\t\t\t\t<div class=\"elementor-image\">\n\t\t\t\t\t\t\t\t\t\t\t\t\t<a href=\"https:\/\/vinumnobile.com\/index.php\/vinos-de-la-tierra-de-cadiz-finca-moncloa\/tintilla-de-rota\/\">\n\t\t\t\t\t\t\t<img loading=\"lazy\" decoding=\"async\" width=\"24\" height=\"24\" src=\"https:\/\/vinumnobile.com\/wp-content\/uploads\/2020\/11\/pto_negro.png\" class=\"elementor-animation-grow attachment-large size-large\" alt=\"\" \/>\t\t\t\t\t\t\t\t<\/a>\n\t\t\t\t\t\t\t\t\t\t\t\t\t\t<\/div>\n\t\t\t\t\t\t<\/div>\n\t\t\t\t<\/div>\n\t\t\t\t<div class=\"elementor-element elementor-element-8813517 elementor-widget elementor-widget-image\" data-id=\"8813517\" data-element_type=\"widget\" data-settings=\"{&quot;_animation&quot;:&quot;none&quot;}\" data-widget_type=\"image.default\">\n\t\t\t\t<div class=\"elementor-widget-container\">\n\t\t\t\t\t\t\t\t<div class=\"elementor-image\">\n\t\t\t\t\t\t\t\t\t<figure class=\"wp-caption\">\n\t\t\t\t\t\t\t\t\t\t\t<a href=\"https:\/\/vinumnobile.com\/index.php\/vinos-de-la-tierra-de-cadiz-finca-moncloa\/tintilla-de-rota\/\">\n\t\t\t\t\t\t\t<img loading=\"lazy\" decoding=\"async\" width=\"195\" height=\"330\" src=\"https:\/\/vinumnobile.com\/wp-content\/uploads\/2023\/03\/FincaMoncloaTintillaDeRota-botella-01a-TintillaDeRota.png\" class=\"elementor-animation-float attachment-full size-full\" alt=\"FincaMoncloaTintillaDeRota-botella-01a-TintillaDeRota\" \/>\t\t\t\t\t\t\t\t<\/a>\n\t\t\t\t\t\t\t\t\t\t\t<figcaption class=\"widget-image-caption wp-caption-text\">Tintilla de Rota<\/figcaption>\n\t\t\t\t\t\t\t\t\t\t<\/figure>\n\t\t\t\t\t\t\t\t<\/div>\n\t\t\t\t\t\t<\/div>\n\t\t\t\t<\/div>\n\t\t\t\t\t\t<\/div>\n\t\t\t\t\t<\/div>\n\t\t<\/div>\n\t\t\t\t<div class=\"elementor-column elementor-col-25 elementor-inner-column elementor-element elementor-element-182f735c elementor-hidden-tablet elementor-hidden-phone\" data-id=\"182f735c\" data-element_type=\"column\" data-settings=\"{&quot;background_background&quot;:&quot;classic&quot;}\">\n\t\t\t<div class=\"elementor-column-wrap\">\n\t\t\t\t\t\t\t<div class=\"elementor-widget-wrap\">\n\t\t\t\t\t\t\t\t<\/div>\n\t\t\t\t\t<\/div>\n\t\t<\/div>\n\t\t\t\t<div class=\"elementor-column elementor-col-25 elementor-inner-column elementor-element elementor-element-54620e49 elementor-hidden-tablet elementor-hidden-phone\" data-id=\"54620e49\" data-element_type=\"column\" data-settings=\"{&quot;background_background&quot;:&quot;classic&quot;}\">\n\t\t\t<div class=\"elementor-column-wrap\">\n\t\t\t\t\t\t\t<div class=\"elementor-widget-wrap\">\n\t\t\t\t\t\t\t\t<\/div>\n\t\t\t\t\t<\/div>\n\t\t<\/div>\n\t\t\t\t\t\t\t\t<\/div>\n\t\t\t\t\t<\/div>\n\t\t<\/section>\n\t\t\t\t\t\t<\/div>\n\t\t\t\t\t<\/div>\n\t\t<\/div>\n\t\t\t\t\t\t\t\t<\/div>\n\t\t\t\t\t<\/div>\n\t\t<\/section>\n\t\t\t\t\t\t<\/div>\n\t\t\t\t\t\t<\/div>\n\t\t\t\t\t<\/div>\n\t\t","protected":false},"excerpt":{"rendered":"<p>Vinos de la Tierra de C\u00e1diz FINCA MONCLOA Con este peque\u00f1o vi\u00f1edo situado en Arcos de la Frontera, la Familia Gonz\u00e1lez recupera la tradici\u00f3n de elaborar grandes vinos tintos en C\u00e1diz, como ya se hiciera en el siglo XVI. Es una apuesta por la recuperaci\u00f3n de la ancestral Tintilla de Rota, una variedad aut\u00f3ctona andaluza [&hellip;]<\/p>\n","protected":false},"author":1,"featured_media":0,"parent":0,"menu_order":0,"comment_status":"closed","ping_status":"closed","template":"elementor_header_footer","meta":{"footnotes":""},"class_list":["post-88","page","type-page","status-publish","hentry"],"_links":{"self":[{"href":"https:\/\/vinumnobile.com\/index.php\/wp-json\/wp\/v2\/pages\/88","targetHints":{"allow":["GET"]}}],"collection":[{"href":"https:\/\/vinumnobile.com\/index.php\/wp-json\/wp\/v2\/pages"}],"about":[{"href":"https:\/\/vinumnobile.com\/index.php\/wp-json\/wp\/v2\/types\/page"}],"author":[{"embeddable":true,"href":"https:\/\/vinumnobile.com\/index.php\/wp-json\/wp\/v2\/users\/1"}],"replies":[{"embeddable":true,"href":"https:\/\/vinumnobile.com\/index.php\/wp-json\/wp\/v2\/comments?post=88"}],"version-history":[{"count":20,"href":"https:\/\/vinumnobile.com\/index.php\/wp-json\/wp\/v2\/pages\/88\/revisions"}],"predecessor-version":[{"id":5446,"href":"https:\/\/vinumnobile.com\/index.php\/wp-json\/wp\/v2\/pages\/88\/revisions\/5446"}],"wp:attachment":[{"href":"https:\/\/vinumnobile.com\/index.php\/wp-json\/wp\/v2\/media?parent=88"}],"curies":[{"name":"wp","href":"https:\/\/api.w.org\/{rel}","templated":true}]}}