{"id":5207,"date":"2023-03-22T11:05:40","date_gmt":"2023-03-22T11:05:40","guid":{"rendered":"https:\/\/vinumnobile.com\/?page_id=5207"},"modified":"2023-03-22T11:12:08","modified_gmt":"2023-03-22T11:12:08","slug":"vareia","status":"publish","type":"page","link":"https:\/\/vinumnobile.com\/index.php\/d-o-ca-rioja\/rioja-beronia\/vareia\/","title":{"rendered":"vareia"},"content":{"rendered":"\t\t<div data-elementor-type=\"wp-page\" data-elementor-id=\"5207\" class=\"elementor elementor-5207\" data-elementor-settings=\"[]\">\n\t\t\t\t\t\t<div class=\"elementor-inner\">\n\t\t\t\t\t\t\t<div class=\"elementor-section-wrap\">\n\t\t\t\t\t\t\t<section class=\"elementor-section elementor-top-section elementor-element elementor-element-39c3818 elementor-section-height-min-height elementor-section-items-top elementor-section-boxed elementor-section-height-default\" data-id=\"39c3818\" data-element_type=\"section\">\n\t\t\t\t\t\t<div class=\"elementor-container elementor-column-gap-default\">\n\t\t\t\t\t\t\t<div class=\"elementor-row\">\n\t\t\t\t\t<div class=\"elementor-column elementor-col-33 elementor-top-column elementor-element elementor-element-1704d4b\" data-id=\"1704d4b\" data-element_type=\"column\">\n\t\t\t<div class=\"elementor-column-wrap elementor-element-populated\">\n\t\t\t\t\t\t\t<div class=\"elementor-widget-wrap\">\n\t\t\t\t\t\t<div class=\"elementor-element elementor-element-c6d559d elementor-widget elementor-widget-heading\" data-id=\"c6d559d\" data-element_type=\"widget\" data-widget_type=\"heading.default\">\n\t\t\t\t<div class=\"elementor-widget-container\">\n\t\t\t<h1 class=\"elementor-heading-title elementor-size-default\">D.O. Ca Rioja<\/h1>\t\t<\/div>\n\t\t\t\t<\/div>\n\t\t\t\t<div class=\"elementor-element elementor-element-7b75c95 elementor-widget-divider--view-line elementor-widget elementor-widget-divider\" data-id=\"7b75c95\" data-element_type=\"widget\" data-widget_type=\"divider.default\">\n\t\t\t\t<div class=\"elementor-widget-container\">\n\t\t\t\t\t<div class=\"elementor-divider\">\n\t\t\t<span class=\"elementor-divider-separator\">\n\t\t\t\t\t\t<\/span>\n\t\t<\/div>\n\t\t\t\t<\/div>\n\t\t\t\t<\/div>\n\t\t\t\t<div class=\"elementor-element elementor-element-c191d2f elementor-widget elementor-widget-heading\" data-id=\"c191d2f\" data-element_type=\"widget\" data-widget_type=\"heading.default\">\n\t\t\t\t<div class=\"elementor-widget-container\">\n\t\t\t<h2 class=\"elementor-heading-title elementor-size-default\">BERONIA<\/h2>\t\t<\/div>\n\t\t\t\t<\/div>\n\t\t\t\t<div class=\"elementor-element elementor-element-2085773 elementor-widget elementor-widget-heading\" data-id=\"2085773\" data-element_type=\"widget\" data-widget_type=\"heading.default\">\n\t\t\t\t<div class=\"elementor-widget-container\">\n\t\t\t<h3 class=\"elementor-heading-title elementor-size-default\">Vareia Beronia<\/h3>\t\t<\/div>\n\t\t\t\t<\/div>\n\t\t\t\t<div class=\"elementor-element elementor-element-5c54857 elementor-widget elementor-widget-text-editor\" data-id=\"5c54857\" data-element_type=\"widget\" data-widget_type=\"text-editor.default\">\n\t\t\t\t<div class=\"elementor-widget-container\">\n\t\t\t\t\t\t\t\t<div class=\"elementor-text-editor elementor-clearfix\">\n\t\t\t\t\t<p><strong>VARIEDAD DE UVA:<\/strong><br \/>100% Tempranillo.<span class=\"Apple-converted-space\">\u00a0<\/span><\/p>\t\t\t\t\t<\/div>\n\t\t\t\t\t\t<\/div>\n\t\t\t\t<\/div>\n\t\t\t\t<div class=\"elementor-element elementor-element-f27c711 elementor-widget elementor-widget-text-editor\" data-id=\"f27c711\" data-element_type=\"widget\" data-widget_type=\"text-editor.default\">\n\t\t\t\t<div class=\"elementor-widget-container\">\n\t\t\t\t\t\t\t\t<div class=\"elementor-text-editor elementor-clearfix\">\n\t\t\t\t\t<p><strong>VI\u00d1EDO <\/strong><span class=\"s3\"><b>SINGULAR<\/b><\/span><strong>:<\/strong><br \/>Vino procedente de un Vi\u00f1edo Singular. Vareia Beronia la parcela de la que procede fue plantada en 1950. Se trata de una plantaci\u00f3n de 1,6 Ha. en suelo arcilloso-calc\u00e1reo con cantos rodados y de excelente drenaje y pobre en sustrato, lo que da a lugar a bajas producciones. Estas condiciones del vi\u00f1edo nos permiten elaborar Vareia Beronia en nuestra nueva bodega. La aut\u00e9ntica expresi\u00f3n del terru\u00f1o. \u201cNacido entre amigos para ser disfrutado por amigos.\u201d<\/p>\t\t\t\t\t<\/div>\n\t\t\t\t\t\t<\/div>\n\t\t\t\t<\/div>\n\t\t\t\t\t\t<\/div>\n\t\t\t\t\t<\/div>\n\t\t<\/div>\n\t\t\t\t<div class=\"elementor-column elementor-col-33 elementor-top-column elementor-element elementor-element-769b53b\" data-id=\"769b53b\" data-element_type=\"column\">\n\t\t\t<div class=\"elementor-column-wrap elementor-element-populated\">\n\t\t\t\t\t\t\t<div class=\"elementor-widget-wrap\">\n\t\t\t\t\t\t<div class=\"elementor-element elementor-element-72edf7e elementor-widget elementor-widget-image\" data-id=\"72edf7e\" data-element_type=\"widget\" data-widget_type=\"image.default\">\n\t\t\t\t<div class=\"elementor-widget-container\">\n\t\t\t\t\t\t\t\t<div class=\"elementor-image\">\n\t\t\t\t\t\t\t\t\t\t\t\t<img loading=\"lazy\" decoding=\"async\" width=\"166\" height=\"580\" src=\"https:\/\/vinumnobile.com\/wp-content\/uploads\/2023\/03\/BeroniaPremium-botella-05b-Vareia.png\" class=\"attachment-full size-full\" alt=\"\" \/>\t\t\t\t\t\t\t\t\t\t\t\t\t\t<\/div>\n\t\t\t\t\t\t<\/div>\n\t\t\t\t<\/div>\n\t\t\t\t\t\t<\/div>\n\t\t\t\t\t<\/div>\n\t\t<\/div>\n\t\t\t\t<div class=\"elementor-column elementor-col-33 elementor-top-column elementor-element elementor-element-fc8da1f\" data-id=\"fc8da1f\" data-element_type=\"column\">\n\t\t\t<div class=\"elementor-column-wrap elementor-element-populated\">\n\t\t\t\t\t\t\t<div class=\"elementor-widget-wrap\">\n\t\t\t\t\t\t<div class=\"elementor-element elementor-element-13aaf13 elementor-widget elementor-widget-text-editor\" data-id=\"13aaf13\" data-element_type=\"widget\" data-widget_type=\"text-editor.default\">\n\t\t\t\t<div class=\"elementor-widget-container\">\n\t\t\t\t\t\t\t\t<div class=\"elementor-text-editor elementor-clearfix\">\n\t\t\t\t\t<p><strong>ELABORACI\u00d3N:<\/strong><br \/>La vendimia se realiza de forma manual, con la intenci\u00f3n de evitar da\u00f1os mec\u00e1nicos. El mosto realiza una maceraci\u00f3n prefermentativa en fr\u00edo durante unos d\u00edas, fermentaci\u00f3n alcoh\u00f3lica por debajo de 26\u00b0 C. Este vino ha sido criado 11 meses en barrica, en Foudre de 3.500 litros de roble franc\u00e9s nuevo. Tras este periodo ha pasado 7 meses de crianza en botella hasta su comercializaci\u00f3n.<\/p>\t\t\t\t\t<\/div>\n\t\t\t\t\t\t<\/div>\n\t\t\t\t<\/div>\n\t\t\t\t<div class=\"elementor-element elementor-element-2050499 elementor-widget elementor-widget-text-editor\" data-id=\"2050499\" data-element_type=\"widget\" data-widget_type=\"text-editor.default\">\n\t\t\t\t<div class=\"elementor-widget-container\">\n\t\t\t\t\t\t\t\t<div class=\"elementor-text-editor elementor-clearfix\">\n\t\t\t\t\t<p class=\"p2\"><span class=\"s3\"><b>NOTA DE CATA<\/b><\/span><strong>:<\/strong><br \/>Presenta un profundo color granate de capa muy alta. Compleja nariz donde destacan aromas a frutos rojos, regaliz, p\u00e9talos de rosa propios del tempranillo sobre un fondo de cacao y especias. En boca es un vino voluminoso, equilibrado y bien estructurado que expresa todas las virtudes de un gran tempranillo de Rioja.<\/p>\t\t\t\t\t<\/div>\n\t\t\t\t\t\t<\/div>\n\t\t\t\t<\/div>\n\t\t\t\t<div class=\"elementor-element elementor-element-70abf28 elementor-align-center elementor-widget elementor-widget-button\" data-id=\"70abf28\" data-element_type=\"widget\" data-widget_type=\"button.default\">\n\t\t\t\t<div class=\"elementor-widget-container\">\n\t\t\t\t\t<div class=\"elementor-button-wrapper\">\n\t\t\t<a href=\"https:\/\/vinumnobile.com\/wp-content\/uploads\/2023\/03\/BeroniaPremium-ficha-05-Vareia.pdf\" target=\"_blank\" class=\"elementor-button-link elementor-button elementor-size-sm\" role=\"button\">\n\t\t\t\t\t\t<span class=\"elementor-button-content-wrapper\">\n\t\t\t\t\t\t<span class=\"elementor-button-text\">DESCARGAR FICHA PDF<\/span>\n\t\t<\/span>\n\t\t\t\t\t<\/a>\n\t\t<\/div>\n\t\t\t\t<\/div>\n\t\t\t\t<\/div>\n\t\t\t\t\t\t<\/div>\n\t\t\t\t\t<\/div>\n\t\t<\/div>\n\t\t\t\t\t\t\t\t<\/div>\n\t\t\t\t\t<\/div>\n\t\t<\/section>\n\t\t\t\t\t\t<\/div>\n\t\t\t\t\t\t<\/div>\n\t\t\t\t\t<\/div>\n\t\t","protected":false},"excerpt":{"rendered":"<p>D.O. Ca Rioja BERONIA Vareia Beronia VARIEDAD DE UVA:100% Tempranillo.\u00a0 VI\u00d1EDO SINGULAR:Vino procedente de un Vi\u00f1edo Singular. Vareia Beronia la parcela de la que procede fue plantada en 1950. Se trata de una plantaci\u00f3n de 1,6 Ha. en suelo arcilloso-calc\u00e1reo con cantos rodados y de excelente drenaje y pobre en sustrato, lo que da a [&hellip;]<\/p>\n","protected":false},"author":1,"featured_media":0,"parent":1293,"menu_order":0,"comment_status":"closed","ping_status":"closed","template":"elementor_header_footer","meta":{"footnotes":""},"class_list":["post-5207","page","type-page","status-publish","hentry"],"_links":{"self":[{"href":"https:\/\/vinumnobile.com\/index.php\/wp-json\/wp\/v2\/pages\/5207","targetHints":{"allow":["GET"]}}],"collection":[{"href":"https:\/\/vinumnobile.com\/index.php\/wp-json\/wp\/v2\/pages"}],"about":[{"href":"https:\/\/vinumnobile.com\/index.php\/wp-json\/wp\/v2\/types\/page"}],"author":[{"embeddable":true,"href":"https:\/\/vinumnobile.com\/index.php\/wp-json\/wp\/v2\/users\/1"}],"replies":[{"embeddable":true,"href":"https:\/\/vinumnobile.com\/index.php\/wp-json\/wp\/v2\/comments?post=5207"}],"version-history":[{"count":7,"href":"https:\/\/vinumnobile.com\/index.php\/wp-json\/wp\/v2\/pages\/5207\/revisions"}],"predecessor-version":[{"id":5217,"href":"https:\/\/vinumnobile.com\/index.php\/wp-json\/wp\/v2\/pages\/5207\/revisions\/5217"}],"up":[{"embeddable":true,"href":"https:\/\/vinumnobile.com\/index.php\/wp-json\/wp\/v2\/pages\/1293"}],"wp:attachment":[{"href":"https:\/\/vinumnobile.com\/index.php\/wp-json\/wp\/v2\/media?parent=5207"}],"curies":[{"name":"wp","href":"https:\/\/api.w.org\/{rel}","templated":true}]}}