{"id":4279,"date":"2021-06-09T13:49:02","date_gmt":"2021-06-09T13:49:02","guid":{"rendered":"https:\/\/vinumnobile.com\/?page_id=4279"},"modified":"2021-06-11T08:09:06","modified_gmt":"2021-06-11T08:09:06","slug":"flor-de-muga-blanco","status":"publish","type":"page","link":"https:\/\/vinumnobile.com\/index.php\/d-o-ca-rioja\/rioja-muga\/flor-de-muga-blanco\/","title":{"rendered":"flor-de-muga-blanco"},"content":{"rendered":"\t\t<div data-elementor-type=\"wp-page\" data-elementor-id=\"4279\" class=\"elementor elementor-4279\" data-elementor-settings=\"[]\">\n\t\t\t\t\t\t<div class=\"elementor-inner\">\n\t\t\t\t\t\t\t<div class=\"elementor-section-wrap\">\n\t\t\t\t\t\t\t<section class=\"elementor-section elementor-top-section elementor-element elementor-element-57a63440 elementor-section-height-min-height elementor-section-items-top elementor-section-boxed elementor-section-height-default\" data-id=\"57a63440\" data-element_type=\"section\">\n\t\t\t\t\t\t<div class=\"elementor-container elementor-column-gap-default\">\n\t\t\t\t\t\t\t<div class=\"elementor-row\">\n\t\t\t\t\t<div class=\"elementor-column elementor-col-33 elementor-top-column elementor-element elementor-element-66d83a6a\" data-id=\"66d83a6a\" data-element_type=\"column\">\n\t\t\t<div class=\"elementor-column-wrap elementor-element-populated\">\n\t\t\t\t\t\t\t<div class=\"elementor-widget-wrap\">\n\t\t\t\t\t\t<div class=\"elementor-element elementor-element-11e6cb8d elementor-widget elementor-widget-heading\" data-id=\"11e6cb8d\" data-element_type=\"widget\" data-widget_type=\"heading.default\">\n\t\t\t\t<div class=\"elementor-widget-container\">\n\t\t\t<h1 class=\"elementor-heading-title elementor-size-default\">D.O. Ca Rioja<\/h1>\t\t<\/div>\n\t\t\t\t<\/div>\n\t\t\t\t<div class=\"elementor-element elementor-element-6bbf4270 elementor-widget-divider--view-line elementor-widget elementor-widget-divider\" data-id=\"6bbf4270\" data-element_type=\"widget\" data-widget_type=\"divider.default\">\n\t\t\t\t<div class=\"elementor-widget-container\">\n\t\t\t\t\t<div class=\"elementor-divider\">\n\t\t\t<span class=\"elementor-divider-separator\">\n\t\t\t\t\t\t<\/span>\n\t\t<\/div>\n\t\t\t\t<\/div>\n\t\t\t\t<\/div>\n\t\t\t\t<div class=\"elementor-element elementor-element-6f965705 elementor-widget elementor-widget-heading\" data-id=\"6f965705\" data-element_type=\"widget\" data-widget_type=\"heading.default\">\n\t\t\t\t<div class=\"elementor-widget-container\">\n\t\t\t<h2 class=\"elementor-heading-title elementor-size-default\">MUGA<\/h2>\t\t<\/div>\n\t\t\t\t<\/div>\n\t\t\t\t<div class=\"elementor-element elementor-element-67f880d5 elementor-widget elementor-widget-heading\" data-id=\"67f880d5\" data-element_type=\"widget\" data-widget_type=\"heading.default\">\n\t\t\t\t<div class=\"elementor-widget-container\">\n\t\t\t<h3 class=\"elementor-heading-title elementor-size-default\">Flor de Muga Blanco<\/h3>\t\t<\/div>\n\t\t\t\t<\/div>\n\t\t\t\t<div class=\"elementor-element elementor-element-2d897bb4 elementor-widget elementor-widget-text-editor\" data-id=\"2d897bb4\" data-element_type=\"widget\" data-widget_type=\"text-editor.default\">\n\t\t\t\t<div class=\"elementor-widget-container\">\n\t\t\t\t\t\t\t\t<div class=\"elementor-text-editor elementor-clearfix\">\n\t\t\t\t\t<strong>VARIEDADES DE UVA:<\/strong><\/br>\nViura<\/br>\nGarnacha blanca<\/br>\nMaturana blanca\n\t\t\t\t\t<\/div>\n\t\t\t\t\t\t<\/div>\n\t\t\t\t<\/div>\n\t\t\t\t<div class=\"elementor-element elementor-element-25fa0659 elementor-widget elementor-widget-text-editor\" data-id=\"25fa0659\" data-element_type=\"widget\" data-widget_type=\"text-editor.default\">\n\t\t\t\t<div class=\"elementor-widget-container\">\n\t\t\t\t\t\t\t\t<div class=\"elementor-text-editor elementor-clearfix\">\n\t\t\t\t\t<strong>SUELO:<\/strong><\/br>\nFranco arenoso (maturana), arcilloso calc\u00e1reo (garnacha blanca) y\narcilloso calc\u00e1reo y ferroso (viura).\t\t\t\t\t<\/div>\n\t\t\t\t\t\t<\/div>\n\t\t\t\t<\/div>\n\t\t\t\t<div class=\"elementor-element elementor-element-1769c67a elementor-widget elementor-widget-text-editor\" data-id=\"1769c67a\" data-element_type=\"widget\" data-widget_type=\"text-editor.default\">\n\t\t\t\t<div class=\"elementor-widget-container\">\n\t\t\t\t\t\t\t\t<div class=\"elementor-text-editor elementor-clearfix\">\n\t\t\t\t\t<strong>ELABORACI\u00d3N Y CRIANZA:<\/strong><\/br>\nTras un breve periodo de maceraci\u00f3n dentro de la prensa, se\nselecciona el mosto flor (el mosto que sale de la prensa de forma\nnatural por gravedad), que a continuaci\u00f3n pasa a fermentarse a baja\ntemperatura en peque\u00f1as barricas de roble. Al final del proceso\nde fermentaci\u00f3n, el vino permanece con sus finas l\u00edas durante\nun periodo de 3 meses en un \u201cOeuf de Beaune\u201d (un dep\u00f3sito de\nhormig\u00f3n con forma de huevo) para conservar as\u00ed su expresi\u00f3n\narom\u00e1tica y aportar un mayor cuerpo al paladar.\nPosteriormente, 6 meses en barricas nuevas de roble franc\u00e9s\nligeramente tostado procedentes de Nevers y Bertranges. El vino\npasa otro periodo de afinamiento en botella de 18 meses para\nobtener un mayor refinamiento y redondez.\t\t\t\t\t<\/div>\n\t\t\t\t\t\t<\/div>\n\t\t\t\t<\/div>\n\t\t\t\t\t\t<\/div>\n\t\t\t\t\t<\/div>\n\t\t<\/div>\n\t\t\t\t<div class=\"elementor-column elementor-col-33 elementor-top-column elementor-element elementor-element-5bb11303\" data-id=\"5bb11303\" data-element_type=\"column\">\n\t\t\t<div class=\"elementor-column-wrap elementor-element-populated\">\n\t\t\t\t\t\t\t<div class=\"elementor-widget-wrap\">\n\t\t\t\t\t\t<div class=\"elementor-element elementor-element-60d878a5 elementor-widget elementor-widget-image\" data-id=\"60d878a5\" data-element_type=\"widget\" data-widget_type=\"image.default\">\n\t\t\t\t<div class=\"elementor-widget-container\">\n\t\t\t\t\t\t\t\t<div class=\"elementor-image\">\n\t\t\t\t\t\t\t\t\t\t\t\t<img loading=\"lazy\" decoding=\"async\" width=\"174\" height=\"580\" src=\"https:\/\/vinumnobile.com\/wp-content\/uploads\/2021\/06\/MugaJovenes-botella-05b-FlorDeMugaBlanco.png\" class=\"attachment-full size-full\" alt=\"\" \/>\t\t\t\t\t\t\t\t\t\t\t\t\t\t<\/div>\n\t\t\t\t\t\t<\/div>\n\t\t\t\t<\/div>\n\t\t\t\t\t\t<\/div>\n\t\t\t\t\t<\/div>\n\t\t<\/div>\n\t\t\t\t<div class=\"elementor-column elementor-col-33 elementor-top-column elementor-element elementor-element-56c28d5b\" data-id=\"56c28d5b\" data-element_type=\"column\">\n\t\t\t<div class=\"elementor-column-wrap elementor-element-populated\">\n\t\t\t\t\t\t\t<div class=\"elementor-widget-wrap\">\n\t\t\t\t\t\t<div class=\"elementor-element elementor-element-76f5e6f7 elementor-widget elementor-widget-text-editor\" data-id=\"76f5e6f7\" data-element_type=\"widget\" data-widget_type=\"text-editor.default\">\n\t\t\t\t<div class=\"elementor-widget-container\">\n\t\t\t\t\t\t\t\t<div class=\"elementor-text-editor elementor-clearfix\">\n\t\t\t\t\t<strong>CATA:<\/strong><\/br>\nVino de color amarillo-pajizo, brillante.<\/br> En la nariz destacan \naromas elegantes y complejos con notas de manzana verde, \nmandarina y pomelo junto con toques de frutas de hueso, como el \nmelocot\u00f3n, y matices de flores blancas y vainilla cremosa.<\/br>\nEntrada en paladar suave y agradable, manteniendo una\ngran armon\u00eda y frescura que revela volumen, mineralidad y\nun complejo sabor afrutado, seguido de un final prolongado\ny refrescante.\t\t\t\t\t<\/div>\n\t\t\t\t\t\t<\/div>\n\t\t\t\t<\/div>\n\t\t\t\t<div class=\"elementor-element elementor-element-29f0ca2 elementor-align-center elementor-widget elementor-widget-button\" data-id=\"29f0ca2\" data-element_type=\"widget\" data-widget_type=\"button.default\">\n\t\t\t\t<div class=\"elementor-widget-container\">\n\t\t\t\t\t<div class=\"elementor-button-wrapper\">\n\t\t\t<a href=\"https:\/\/vinumnobile.com\/wp-content\/uploads\/2020\/11\/MugaJovenes-ficha-05-FlorDeMugaBlanco.pdf\" target=\"_blank\" class=\"elementor-button-link elementor-button elementor-size-sm\" role=\"button\">\n\t\t\t\t\t\t<span class=\"elementor-button-content-wrapper\">\n\t\t\t\t\t\t<span class=\"elementor-button-text\">DESCARGAR FICHA PDF<\/span>\n\t\t<\/span>\n\t\t\t\t\t<\/a>\n\t\t<\/div>\n\t\t\t\t<\/div>\n\t\t\t\t<\/div>\n\t\t\t\t\t\t<\/div>\n\t\t\t\t\t<\/div>\n\t\t<\/div>\n\t\t\t\t\t\t\t\t<\/div>\n\t\t\t\t\t<\/div>\n\t\t<\/section>\n\t\t\t\t\t\t<\/div>\n\t\t\t\t\t\t<\/div>\n\t\t\t\t\t<\/div>\n\t\t","protected":false},"excerpt":{"rendered":"<p>D.O. Ca Rioja MUGA Flor de Muga Blanco VARIEDADES DE UVA: Viura Garnacha blanca Maturana blanca SUELO: Franco arenoso (maturana), arcilloso calc\u00e1reo (garnacha blanca) y arcilloso calc\u00e1reo y ferroso (viura).ELABORACI\u00d3N Y CRIANZA: Tras un breve periodo de maceraci\u00f3n dentro de la prensa, se selecciona el mosto flor (el mosto que sale de la prensa de [&hellip;]<\/p>\n","protected":false},"author":1,"featured_media":0,"parent":634,"menu_order":0,"comment_status":"closed","ping_status":"closed","template":"elementor_header_footer","meta":{"footnotes":""},"class_list":["post-4279","page","type-page","status-publish","hentry"],"_links":{"self":[{"href":"https:\/\/vinumnobile.com\/index.php\/wp-json\/wp\/v2\/pages\/4279","targetHints":{"allow":["GET"]}}],"collection":[{"href":"https:\/\/vinumnobile.com\/index.php\/wp-json\/wp\/v2\/pages"}],"about":[{"href":"https:\/\/vinumnobile.com\/index.php\/wp-json\/wp\/v2\/types\/page"}],"author":[{"embeddable":true,"href":"https:\/\/vinumnobile.com\/index.php\/wp-json\/wp\/v2\/users\/1"}],"replies":[{"embeddable":true,"href":"https:\/\/vinumnobile.com\/index.php\/wp-json\/wp\/v2\/comments?post=4279"}],"version-history":[{"count":20,"href":"https:\/\/vinumnobile.com\/index.php\/wp-json\/wp\/v2\/pages\/4279\/revisions"}],"predecessor-version":[{"id":4386,"href":"https:\/\/vinumnobile.com\/index.php\/wp-json\/wp\/v2\/pages\/4279\/revisions\/4386"}],"up":[{"embeddable":true,"href":"https:\/\/vinumnobile.com\/index.php\/wp-json\/wp\/v2\/pages\/634"}],"wp:attachment":[{"href":"https:\/\/vinumnobile.com\/index.php\/wp-json\/wp\/v2\/media?parent=4279"}],"curies":[{"name":"wp","href":"https:\/\/api.w.org\/{rel}","templated":true}]}}