{"id":3226,"date":"2020-12-16T13:00:14","date_gmt":"2020-12-16T13:00:14","guid":{"rendered":"https:\/\/vinumnobile.com\/?page_id=3226"},"modified":"2023-03-15T14:19:48","modified_gmt":"2023-03-15T14:19:48","slug":"lepanto-pedro-ximenez","status":"publish","type":"page","link":"https:\/\/vinumnobile.com\/index.php\/bebidas-espirituosas\/brandies\/lepanto-pedro-ximenez\/","title":{"rendered":"lepanto-pedro-ximenez"},"content":{"rendered":"\t\t<div data-elementor-type=\"wp-page\" data-elementor-id=\"3226\" class=\"elementor elementor-3226\" data-elementor-settings=\"[]\">\n\t\t\t\t\t\t<div class=\"elementor-inner\">\n\t\t\t\t\t\t\t<div class=\"elementor-section-wrap\">\n\t\t\t\t\t\t\t<section class=\"elementor-section elementor-top-section elementor-element elementor-element-75e80531 elementor-section-height-min-height elementor-section-items-top elementor-section-boxed elementor-section-height-default\" data-id=\"75e80531\" data-element_type=\"section\">\n\t\t\t\t\t\t<div class=\"elementor-container elementor-column-gap-default\">\n\t\t\t\t\t\t\t<div class=\"elementor-row\">\n\t\t\t\t\t<div class=\"elementor-column elementor-col-33 elementor-top-column elementor-element elementor-element-6199d74e\" data-id=\"6199d74e\" data-element_type=\"column\">\n\t\t\t<div class=\"elementor-column-wrap elementor-element-populated\">\n\t\t\t\t\t\t\t<div class=\"elementor-widget-wrap\">\n\t\t\t\t\t\t<div class=\"elementor-element elementor-element-2691c06e elementor-widget elementor-widget-heading\" data-id=\"2691c06e\" data-element_type=\"widget\" data-widget_type=\"heading.default\">\n\t\t\t\t<div class=\"elementor-widget-container\">\n\t\t\t<h1 class=\"elementor-heading-title elementor-size-default\">Brandies y bebidas\nespirituosas<\/h1>\t\t<\/div>\n\t\t\t\t<\/div>\n\t\t\t\t<div class=\"elementor-element elementor-element-48e2f9fd elementor-widget-divider--view-line elementor-widget elementor-widget-divider\" data-id=\"48e2f9fd\" data-element_type=\"widget\" data-widget_type=\"divider.default\">\n\t\t\t\t<div class=\"elementor-widget-container\">\n\t\t\t\t\t<div class=\"elementor-divider\">\n\t\t\t<span class=\"elementor-divider-separator\">\n\t\t\t\t\t\t<\/span>\n\t\t<\/div>\n\t\t\t\t<\/div>\n\t\t\t\t<\/div>\n\t\t\t\t<div class=\"elementor-element elementor-element-695e053e elementor-widget elementor-widget-heading\" data-id=\"695e053e\" data-element_type=\"widget\" data-widget_type=\"heading.default\">\n\t\t\t\t<div class=\"elementor-widget-container\">\n\t\t\t<h2 class=\"elementor-heading-title elementor-size-default\">BRANDY<\/h2>\t\t<\/div>\n\t\t\t\t<\/div>\n\t\t\t\t<div class=\"elementor-element elementor-element-cc7c5e0 elementor-widget elementor-widget-heading\" data-id=\"cc7c5e0\" data-element_type=\"widget\" data-widget_type=\"heading.default\">\n\t\t\t\t<div class=\"elementor-widget-container\">\n\t\t\t<h3 class=\"elementor-heading-title elementor-size-default\">Lepanto Pedro Xim\u00e9nez<\/h3>\t\t<\/div>\n\t\t\t\t<\/div>\n\t\t\t\t<div class=\"elementor-element elementor-element-32824f02 elementor-widget elementor-widget-text-editor\" data-id=\"32824f02\" data-element_type=\"widget\" data-widget_type=\"text-editor.default\">\n\t\t\t\t<div class=\"elementor-widget-container\">\n\t\t\t\t\t\t\t\t<div class=\"elementor-text-editor elementor-clearfix\">\n\t\t\t\t\t<strong>VARIEDADES DE UVA:<\/strong><br\/>\nPalomino: 100%\t\t\t\t\t<\/div>\n\t\t\t\t\t\t<\/div>\n\t\t\t\t<\/div>\n\t\t\t\t<div class=\"elementor-element elementor-element-556e9ab4 elementor-widget elementor-widget-text-editor\" data-id=\"556e9ab4\" data-element_type=\"widget\" data-widget_type=\"text-editor.default\">\n\t\t\t\t<div class=\"elementor-widget-container\">\n\t\t\t\t\t\t\t\t<div class=\"elementor-text-editor elementor-clearfix\">\n\t\t\t\t\t<strong>GRADUACI\u00d3N:<\/strong><br\/>\n36% Vol.\t\t\t\t\t<\/div>\n\t\t\t\t\t\t<\/div>\n\t\t\t\t<\/div>\n\t\t\t\t<div class=\"elementor-element elementor-element-7b45dbf7 elementor-widget elementor-widget-text-editor\" data-id=\"7b45dbf7\" data-element_type=\"widget\" data-widget_type=\"text-editor.default\">\n\t\t\t\t<div class=\"elementor-widget-container\">\n\t\t\t\t\t\t\t\t<div class=\"elementor-text-editor elementor-clearfix\">\n\t\t\t\t\t<p><strong>DESTILACI\u00d3N:<\/strong><br \/>La producci\u00f3n de Lepanto comienza con la meticulosa tarea de la selecci\u00f3n de las uvas, solo ser\u00e1 usado el mejor mosto procedente de las uvas Palomino cultivadas en Jerez. El mosto obtenido es destilado siguiendo el proceso de doble destilaci\u00f3n. Este proceso se lleva a cabo en dos alambiques tipo \u201cCharentais\u201d situados en la bodega de Los Arcos, en Jerez. Estos alambiques datan de 1960 y son de co\u00f1ac. Cada uno tiene capacidad de 25 hectolitros. Solo ser\u00e1 usada la parte central del alambique, conocida como \u201cel coraz\u00f3n\u201d, que tiene un contenido alcoh\u00f3lico de entre 65 y 72% Vol. Este licor denominado \u201cholanda\u201d ser\u00e1 envejecido en botas para producir Brandy de Jerez.<\/p>\t\t\t\t\t<\/div>\n\t\t\t\t\t\t<\/div>\n\t\t\t\t<\/div>\n\t\t\t\t\t\t<\/div>\n\t\t\t\t\t<\/div>\n\t\t<\/div>\n\t\t\t\t<div class=\"elementor-column elementor-col-33 elementor-top-column elementor-element elementor-element-2baffa2d\" data-id=\"2baffa2d\" data-element_type=\"column\">\n\t\t\t<div class=\"elementor-column-wrap elementor-element-populated\">\n\t\t\t\t\t\t\t<div class=\"elementor-widget-wrap\">\n\t\t\t\t\t\t<div class=\"elementor-element elementor-element-6e17ad53 elementor-widget elementor-widget-image\" data-id=\"6e17ad53\" data-element_type=\"widget\" data-widget_type=\"image.default\">\n\t\t\t\t<div class=\"elementor-widget-container\">\n\t\t\t\t\t\t\t\t<div class=\"elementor-image\">\n\t\t\t\t\t\t\t\t\t\t\t\t<img loading=\"lazy\" decoding=\"async\" width=\"290\" height=\"580\" src=\"https:\/\/vinumnobile.com\/wp-content\/uploads\/2023\/03\/Brandy-botella-05b-LepantoPedroXimenez.png\" class=\"attachment-full size-full\" alt=\"Brandy-botella-05b-LepantoPedroXimenez\" \/>\t\t\t\t\t\t\t\t\t\t\t\t\t\t<\/div>\n\t\t\t\t\t\t<\/div>\n\t\t\t\t<\/div>\n\t\t\t\t\t\t<\/div>\n\t\t\t\t\t<\/div>\n\t\t<\/div>\n\t\t\t\t<div class=\"elementor-column elementor-col-33 elementor-top-column elementor-element elementor-element-2cf62f1c\" data-id=\"2cf62f1c\" data-element_type=\"column\">\n\t\t\t<div class=\"elementor-column-wrap elementor-element-populated\">\n\t\t\t\t\t\t\t<div class=\"elementor-widget-wrap\">\n\t\t\t\t\t\t<div class=\"elementor-element elementor-element-5d376bf9 elementor-widget elementor-widget-text-editor\" data-id=\"5d376bf9\" data-element_type=\"widget\" data-widget_type=\"text-editor.default\">\n\t\t\t\t<div class=\"elementor-widget-container\">\n\t\t\t\t\t\t\t\t<div class=\"elementor-text-editor elementor-clearfix\">\n\t\t\t\t\t<p class=\"p2\"><span class=\"s3\"><b>CRIANZA<\/b><\/span><strong>:<br \/><\/strong>Las holandas de Lepanto envejecen en botas de roble americano durante un m\u00ednimo de 15 a\u00f1os, siguiendo el tradicional sistema de Soleras y Criaderas, el mismo sistema de crianza usado para los vinos de Jerez. Este Brandy envejece durante 12 a\u00f1os en botas que previamente conten\u00edan T\u00edo Pepe, y otros tres a\u00f1os en botas que conten\u00eda No\u00e9, el Pedro Xim\u00e9nez con 30 a\u00f1os de Gonzalez Byass.<\/p>\t\t\t\t\t<\/div>\n\t\t\t\t\t\t<\/div>\n\t\t\t\t<\/div>\n\t\t\t\t<div class=\"elementor-element elementor-element-91d64ee elementor-widget elementor-widget-text-editor\" data-id=\"91d64ee\" data-element_type=\"widget\" data-widget_type=\"text-editor.default\">\n\t\t\t\t<div class=\"elementor-widget-container\">\n\t\t\t\t\t\t\t\t<div class=\"elementor-text-editor elementor-clearfix\">\n\t\t\t\t\t<strong>CATA:<\/strong><br>Color \u00e1mbar oscuro con tonos caoba. Inmensamente rico en aromas de pasas e higos, precedentes del Pedro Xim\u00e9nez, y tonos de roble debido al tiempo en bota. En el paladar se presenta suave y elegante.<span class=\"Apple-converted-space\">\u00a0<\/span>\t\t\t\t\t<\/div>\n\t\t\t\t\t\t<\/div>\n\t\t\t\t<\/div>\n\t\t\t\t<div class=\"elementor-element elementor-element-6baecf8 elementor-align-center elementor-widget elementor-widget-button\" data-id=\"6baecf8\" data-element_type=\"widget\" data-widget_type=\"button.default\">\n\t\t\t\t<div class=\"elementor-widget-container\">\n\t\t\t\t\t<div class=\"elementor-button-wrapper\">\n\t\t\t<a href=\"https:\/\/vinumnobile.com\/wp-content\/uploads\/2023\/03\/Brandy-ficha-05-LepantoPedroXimenez.pdf\" target=\"_blank\" class=\"elementor-button-link elementor-button elementor-size-sm\" role=\"button\">\n\t\t\t\t\t\t<span class=\"elementor-button-content-wrapper\">\n\t\t\t\t\t\t<span class=\"elementor-button-text\">DESCARGAR FICHA PDF<\/span>\n\t\t<\/span>\n\t\t\t\t\t<\/a>\n\t\t<\/div>\n\t\t\t\t<\/div>\n\t\t\t\t<\/div>\n\t\t\t\t\t\t<\/div>\n\t\t\t\t\t<\/div>\n\t\t<\/div>\n\t\t\t\t\t\t\t\t<\/div>\n\t\t\t\t\t<\/div>\n\t\t<\/section>\n\t\t\t\t\t\t<\/div>\n\t\t\t\t\t\t<\/div>\n\t\t\t\t\t<\/div>\n\t\t","protected":false},"excerpt":{"rendered":"<p>Brandies y bebidas espirituosas BRANDY Lepanto Pedro Xim\u00e9nez VARIEDADES DE UVA: Palomino: 100%GRADUACI\u00d3N: 36% Vol. DESTILACI\u00d3N:La producci\u00f3n de Lepanto comienza con la meticulosa tarea de la selecci\u00f3n de las uvas, solo ser\u00e1 usado el mejor mosto procedente de las uvas Palomino cultivadas en Jerez. El mosto obtenido es destilado siguiendo el proceso de doble destilaci\u00f3n. [&hellip;]<\/p>\n","protected":false},"author":1,"featured_media":0,"parent":3625,"menu_order":0,"comment_status":"closed","ping_status":"closed","template":"elementor_header_footer","meta":{"footnotes":""},"class_list":["post-3226","page","type-page","status-publish","hentry"],"_links":{"self":[{"href":"https:\/\/vinumnobile.com\/index.php\/wp-json\/wp\/v2\/pages\/3226","targetHints":{"allow":["GET"]}}],"collection":[{"href":"https:\/\/vinumnobile.com\/index.php\/wp-json\/wp\/v2\/pages"}],"about":[{"href":"https:\/\/vinumnobile.com\/index.php\/wp-json\/wp\/v2\/types\/page"}],"author":[{"embeddable":true,"href":"https:\/\/vinumnobile.com\/index.php\/wp-json\/wp\/v2\/users\/1"}],"replies":[{"embeddable":true,"href":"https:\/\/vinumnobile.com\/index.php\/wp-json\/wp\/v2\/comments?post=3226"}],"version-history":[{"count":10,"href":"https:\/\/vinumnobile.com\/index.php\/wp-json\/wp\/v2\/pages\/3226\/revisions"}],"predecessor-version":[{"id":5037,"href":"https:\/\/vinumnobile.com\/index.php\/wp-json\/wp\/v2\/pages\/3226\/revisions\/5037"}],"up":[{"embeddable":true,"href":"https:\/\/vinumnobile.com\/index.php\/wp-json\/wp\/v2\/pages\/3625"}],"wp:attachment":[{"href":"https:\/\/vinumnobile.com\/index.php\/wp-json\/wp\/v2\/media?parent=3226"}],"curies":[{"name":"wp","href":"https:\/\/api.w.org\/{rel}","templated":true}]}}