{"id":3218,"date":"2020-12-16T12:59:10","date_gmt":"2020-12-16T12:59:10","guid":{"rendered":"https:\/\/vinumnobile.com\/?page_id=3218"},"modified":"2024-03-06T10:15:01","modified_gmt":"2024-03-06T10:15:01","slug":"soberano","status":"publish","type":"page","link":"https:\/\/vinumnobile.com\/index.php\/bebidas-espirituosas\/brandies\/soberano\/","title":{"rendered":"soberano"},"content":{"rendered":"\t\t<div data-elementor-type=\"wp-page\" data-elementor-id=\"3218\" class=\"elementor elementor-3218\" data-elementor-settings=\"[]\">\n\t\t\t\t\t\t<div class=\"elementor-inner\">\n\t\t\t\t\t\t\t<div class=\"elementor-section-wrap\">\n\t\t\t\t\t\t\t<section class=\"elementor-section elementor-top-section elementor-element elementor-element-6ef8e781 elementor-section-height-min-height elementor-section-items-top elementor-section-boxed elementor-section-height-default\" data-id=\"6ef8e781\" data-element_type=\"section\">\n\t\t\t\t\t\t<div class=\"elementor-container elementor-column-gap-default\">\n\t\t\t\t\t\t\t<div class=\"elementor-row\">\n\t\t\t\t\t<div class=\"elementor-column elementor-col-33 elementor-top-column elementor-element elementor-element-124986ac\" data-id=\"124986ac\" data-element_type=\"column\">\n\t\t\t<div class=\"elementor-column-wrap elementor-element-populated\">\n\t\t\t\t\t\t\t<div class=\"elementor-widget-wrap\">\n\t\t\t\t\t\t<div class=\"elementor-element elementor-element-2f0e3fad elementor-widget elementor-widget-heading\" data-id=\"2f0e3fad\" data-element_type=\"widget\" data-widget_type=\"heading.default\">\n\t\t\t\t<div class=\"elementor-widget-container\">\n\t\t\t<h1 class=\"elementor-heading-title elementor-size-default\">Brandies y bebidas\nespirituosas<\/h1>\t\t<\/div>\n\t\t\t\t<\/div>\n\t\t\t\t<div class=\"elementor-element elementor-element-7d473739 elementor-widget-divider--view-line elementor-widget elementor-widget-divider\" data-id=\"7d473739\" data-element_type=\"widget\" data-widget_type=\"divider.default\">\n\t\t\t\t<div class=\"elementor-widget-container\">\n\t\t\t\t\t<div class=\"elementor-divider\">\n\t\t\t<span class=\"elementor-divider-separator\">\n\t\t\t\t\t\t<\/span>\n\t\t<\/div>\n\t\t\t\t<\/div>\n\t\t\t\t<\/div>\n\t\t\t\t<div class=\"elementor-element elementor-element-2736738a elementor-widget elementor-widget-heading\" data-id=\"2736738a\" data-element_type=\"widget\" data-widget_type=\"heading.default\">\n\t\t\t\t<div class=\"elementor-widget-container\">\n\t\t\t<h2 class=\"elementor-heading-title elementor-size-default\">BRANDY<\/h2>\t\t<\/div>\n\t\t\t\t<\/div>\n\t\t\t\t<div class=\"elementor-element elementor-element-2dfee575 elementor-widget elementor-widget-heading\" data-id=\"2dfee575\" data-element_type=\"widget\" data-widget_type=\"heading.default\">\n\t\t\t\t<div class=\"elementor-widget-container\">\n\t\t\t<h3 class=\"elementor-heading-title elementor-size-default\">Soberano<\/h3>\t\t<\/div>\n\t\t\t\t<\/div>\n\t\t\t\t<div class=\"elementor-element elementor-element-3277f1a8 elementor-widget elementor-widget-text-editor\" data-id=\"3277f1a8\" data-element_type=\"widget\" data-widget_type=\"text-editor.default\">\n\t\t\t\t<div class=\"elementor-widget-container\">\n\t\t\t\t\t\t\t\t<div class=\"elementor-text-editor elementor-clearfix\">\n\t\t\t\t\t<strong>VARIEDADES DE UVA:<\/strong><br\/>\nAir\u00e9n: 100%\t\t\t\t\t<\/div>\n\t\t\t\t\t\t<\/div>\n\t\t\t\t<\/div>\n\t\t\t\t<div class=\"elementor-element elementor-element-2d95e0a0 elementor-widget elementor-widget-text-editor\" data-id=\"2d95e0a0\" data-element_type=\"widget\" data-widget_type=\"text-editor.default\">\n\t\t\t\t<div class=\"elementor-widget-container\">\n\t\t\t\t\t\t\t\t<div class=\"elementor-text-editor elementor-clearfix\">\n\t\t\t\t\t<strong>GRADUACI\u00d3N:<\/strong><br\/>\n 30% Vol.\t\t\t\t\t<\/div>\n\t\t\t\t\t\t<\/div>\n\t\t\t\t<\/div>\n\t\t\t\t<div class=\"elementor-element elementor-element-6dc255a elementor-widget elementor-widget-text-editor\" data-id=\"6dc255a\" data-element_type=\"widget\" data-widget_type=\"text-editor.default\">\n\t\t\t\t<div class=\"elementor-widget-container\">\n\t\t\t\t\t\t\t\t<div class=\"elementor-text-editor elementor-clearfix\">\n\t\t\t\t\t<p><strong>DESTILACI\u00d3N:<\/strong><br \/>Para la elaboraci\u00f3n de Soberano se utiliza la uva Air\u00e9n, procedente<br \/>de La Mancha. Una vez recogidas, las uvas son prensadas<br \/>y posteriormente se seleccionan los mejores mostos para la<br \/>fermentaci\u00f3n. Los aguardientes son destilados en columnas,<br \/>donde un maestro destilador selecciona el coraz\u00f3n de la holanda,<br \/>desechando cabezas y colas.<\/p><p>\u00a0<\/p><p>\u00a0<\/p>\t\t\t\t\t<\/div>\n\t\t\t\t\t\t<\/div>\n\t\t\t\t<\/div>\n\t\t\t\t\t\t<\/div>\n\t\t\t\t\t<\/div>\n\t\t<\/div>\n\t\t\t\t<div class=\"elementor-column elementor-col-33 elementor-top-column elementor-element elementor-element-6db9aa2a\" data-id=\"6db9aa2a\" data-element_type=\"column\">\n\t\t\t<div class=\"elementor-column-wrap elementor-element-populated\">\n\t\t\t\t\t\t\t<div class=\"elementor-widget-wrap\">\n\t\t\t\t\t\t<div class=\"elementor-element elementor-element-6835ce06 elementor-widget elementor-widget-image\" data-id=\"6835ce06\" data-element_type=\"widget\" data-widget_type=\"image.default\">\n\t\t\t\t<div class=\"elementor-widget-container\">\n\t\t\t\t\t\t\t\t<div class=\"elementor-image\">\n\t\t\t\t\t\t\t\t\t\t\t\t<img loading=\"lazy\" decoding=\"async\" width=\"158\" height=\"580\" src=\"https:\/\/vinumnobile.com\/wp-content\/uploads\/2024\/03\/Brandy-botella-01b-Soberano.png\" class=\"attachment-full size-full\" alt=\"\" \/>\t\t\t\t\t\t\t\t\t\t\t\t\t\t<\/div>\n\t\t\t\t\t\t<\/div>\n\t\t\t\t<\/div>\n\t\t\t\t\t\t<\/div>\n\t\t\t\t\t<\/div>\n\t\t<\/div>\n\t\t\t\t<div class=\"elementor-column elementor-col-33 elementor-top-column elementor-element elementor-element-5b73e697\" data-id=\"5b73e697\" data-element_type=\"column\">\n\t\t\t<div class=\"elementor-column-wrap elementor-element-populated\">\n\t\t\t\t\t\t\t<div class=\"elementor-widget-wrap\">\n\t\t\t\t\t\t<div class=\"elementor-element elementor-element-77dcc929 elementor-widget elementor-widget-text-editor\" data-id=\"77dcc929\" data-element_type=\"widget\" data-widget_type=\"text-editor.default\">\n\t\t\t\t<div class=\"elementor-widget-container\">\n\t\t\t\t\t\t\t\t<div class=\"elementor-text-editor elementor-clearfix\">\n\t\t\t\t\t<p><strong>ELABORACI\u00d3N Y CRIANZA:<br \/><\/strong>Las holandas seleccionadas envejecen en las bodegas de Gonz\u00e1lez Byass en Jerez. Las botas de roble americano se encuentran preparadas para recibir a las holandas. que conferir\u00e1n toda su personalidad a lo largo de los a\u00f1os de crianza, donde las criaderas se alimentan con los destilados m\u00e1s j\u00f3venes, hasta llegar a la solera, completando de esta forma el tradicional sistema de \u2018criaderas y soleras\u2019.<span class=\"Apple-converted-space\">\u00a0<\/span><\/p><p class=\"p3\">Las botas usadas no son nunca nuevas: todas han contenido previamente vino de Jerez. lo que resulta determinante para el sabor final.<span class=\"Apple-converted-space\">\u00a0<\/span><\/p>\t\t\t\t\t<\/div>\n\t\t\t\t\t\t<\/div>\n\t\t\t\t<\/div>\n\t\t\t\t<div class=\"elementor-element elementor-element-f9df535 elementor-widget elementor-widget-text-editor\" data-id=\"f9df535\" data-element_type=\"widget\" data-widget_type=\"text-editor.default\">\n\t\t\t\t<div class=\"elementor-widget-container\">\n\t\t\t\t\t\t\t\t<div class=\"elementor-text-editor elementor-clearfix\">\n\t\t\t\t\t<p><span class=\"s3\"><b>NOTAS DE CATA<\/b><\/span><strong>:<br \/><\/strong>Color \u00e1mbar oscuro con reflejos caoba. Aromas a uvas pasas y madera de roble. Suave y elegante al paladar.<span class=\"Apple-converted-space\">\u00a0<\/span><\/p><p class=\"p3\">Perfecto solo o con hielo, y combinado.<span class=\"Apple-converted-space\">\u00a0<\/span><\/p>\t\t\t\t\t<\/div>\n\t\t\t\t\t\t<\/div>\n\t\t\t\t<\/div>\n\t\t\t\t<div class=\"elementor-element elementor-element-2d1c5578 elementor-align-center elementor-widget elementor-widget-button\" data-id=\"2d1c5578\" data-element_type=\"widget\" data-widget_type=\"button.default\">\n\t\t\t\t<div class=\"elementor-widget-container\">\n\t\t\t\t\t<div class=\"elementor-button-wrapper\">\n\t\t\t<a href=\"https:\/\/vinumnobile.com\/wp-content\/uploads\/2024\/03\/Brandy-ficha-01-Soberano.pdf\" target=\"_blank\" class=\"elementor-button-link elementor-button elementor-size-sm\" role=\"button\">\n\t\t\t\t\t\t<span class=\"elementor-button-content-wrapper\">\n\t\t\t\t\t\t<span class=\"elementor-button-text\">DESCARGAR FICHA PDF<\/span>\n\t\t<\/span>\n\t\t\t\t\t<\/a>\n\t\t<\/div>\n\t\t\t\t<\/div>\n\t\t\t\t<\/div>\n\t\t\t\t\t\t<\/div>\n\t\t\t\t\t<\/div>\n\t\t<\/div>\n\t\t\t\t\t\t\t\t<\/div>\n\t\t\t\t\t<\/div>\n\t\t<\/section>\n\t\t\t\t\t\t<\/div>\n\t\t\t\t\t\t<\/div>\n\t\t\t\t\t<\/div>\n\t\t","protected":false},"excerpt":{"rendered":"<p>Brandies y bebidas espirituosas BRANDY Soberano VARIEDADES DE UVA: Air\u00e9n: 100%GRADUACI\u00d3N: 30% Vol. DESTILACI\u00d3N:Para la elaboraci\u00f3n de Soberano se utiliza la uva Air\u00e9n, procedentede La Mancha. Una vez recogidas, las uvas son prensadasy posteriormente se seleccionan los mejores mostos para lafermentaci\u00f3n. Los aguardientes son destilados en columnas,donde un maestro destilador selecciona el coraz\u00f3n de la [&hellip;]<\/p>\n","protected":false},"author":1,"featured_media":0,"parent":3625,"menu_order":0,"comment_status":"closed","ping_status":"closed","template":"elementor_header_footer","meta":{"footnotes":""},"class_list":["post-3218","page","type-page","status-publish","hentry"],"_links":{"self":[{"href":"https:\/\/vinumnobile.com\/index.php\/wp-json\/wp\/v2\/pages\/3218","targetHints":{"allow":["GET"]}}],"collection":[{"href":"https:\/\/vinumnobile.com\/index.php\/wp-json\/wp\/v2\/pages"}],"about":[{"href":"https:\/\/vinumnobile.com\/index.php\/wp-json\/wp\/v2\/types\/page"}],"author":[{"embeddable":true,"href":"https:\/\/vinumnobile.com\/index.php\/wp-json\/wp\/v2\/users\/1"}],"replies":[{"embeddable":true,"href":"https:\/\/vinumnobile.com\/index.php\/wp-json\/wp\/v2\/comments?post=3218"}],"version-history":[{"count":19,"href":"https:\/\/vinumnobile.com\/index.php\/wp-json\/wp\/v2\/pages\/3218\/revisions"}],"predecessor-version":[{"id":5648,"href":"https:\/\/vinumnobile.com\/index.php\/wp-json\/wp\/v2\/pages\/3218\/revisions\/5648"}],"up":[{"embeddable":true,"href":"https:\/\/vinumnobile.com\/index.php\/wp-json\/wp\/v2\/pages\/3625"}],"wp:attachment":[{"href":"https:\/\/vinumnobile.com\/index.php\/wp-json\/wp\/v2\/media?parent=3218"}],"curies":[{"name":"wp","href":"https:\/\/api.w.org\/{rel}","templated":true}]}}