{"id":3004,"date":"2020-12-16T09:29:11","date_gmt":"2020-12-16T09:29:11","guid":{"rendered":"https:\/\/vinumnobile.com\/?page_id=3004"},"modified":"2020-12-16T12:35:24","modified_gmt":"2020-12-16T12:35:24","slug":"18-years-2","status":"publish","type":"page","link":"https:\/\/vinumnobile.com\/index.php\/premium-spirits\/premium-white-mackay\/18-years-2\/","title":{"rendered":"18-years-2"},"content":{"rendered":"\t\t<div data-elementor-type=\"wp-page\" data-elementor-id=\"3004\" class=\"elementor elementor-3004\" data-elementor-settings=\"[]\">\n\t\t\t\t\t\t<div class=\"elementor-inner\">\n\t\t\t\t\t\t\t<div class=\"elementor-section-wrap\">\n\t\t\t\t\t\t\t<section class=\"elementor-section elementor-top-section elementor-element elementor-element-435d72e3 elementor-section-height-full elementor-section-items-top elementor-section-boxed elementor-section-height-default\" data-id=\"435d72e3\" data-element_type=\"section\">\n\t\t\t\t\t\t<div class=\"elementor-container elementor-column-gap-default\">\n\t\t\t\t\t\t\t<div class=\"elementor-row\">\n\t\t\t\t\t<div class=\"elementor-column elementor-col-33 elementor-top-column elementor-element elementor-element-3988a0e2\" data-id=\"3988a0e2\" data-element_type=\"column\">\n\t\t\t<div class=\"elementor-column-wrap elementor-element-populated\">\n\t\t\t\t\t\t\t<div class=\"elementor-widget-wrap\">\n\t\t\t\t\t\t<div class=\"elementor-element elementor-element-505b0cc elementor-widget elementor-widget-heading\" data-id=\"505b0cc\" data-element_type=\"widget\" data-widget_type=\"heading.default\">\n\t\t\t\t<div class=\"elementor-widget-container\">\n\t\t\t<h1 class=\"elementor-heading-title elementor-size-default\">Premium Spirits<\/h1>\t\t<\/div>\n\t\t\t\t<\/div>\n\t\t\t\t<div class=\"elementor-element elementor-element-6c318f4e elementor-widget-divider--view-line elementor-widget elementor-widget-divider\" data-id=\"6c318f4e\" data-element_type=\"widget\" data-widget_type=\"divider.default\">\n\t\t\t\t<div class=\"elementor-widget-container\">\n\t\t\t\t\t<div class=\"elementor-divider\">\n\t\t\t<span class=\"elementor-divider-separator\">\n\t\t\t\t\t\t<\/span>\n\t\t<\/div>\n\t\t\t\t<\/div>\n\t\t\t\t<\/div>\n\t\t\t\t<div class=\"elementor-element elementor-element-12aedc15 elementor-widget elementor-widget-heading\" data-id=\"12aedc15\" data-element_type=\"widget\" data-widget_type=\"heading.default\">\n\t\t\t\t<div class=\"elementor-widget-container\">\n\t\t\t<h2 class=\"elementor-heading-title elementor-size-default\">WHISKY WHYTE & MACKAY<\/h2>\t\t<\/div>\n\t\t\t\t<\/div>\n\t\t\t\t<div class=\"elementor-element elementor-element-7f231a96 elementor-widget elementor-widget-heading\" data-id=\"7f231a96\" data-element_type=\"widget\" data-widget_type=\"heading.default\">\n\t\t\t\t<div class=\"elementor-widget-container\">\n\t\t\t<h3 class=\"elementor-heading-title elementor-size-default\">Jura 18 Years<\/h3>\t\t<\/div>\n\t\t\t\t<\/div>\n\t\t\t\t<div class=\"elementor-element elementor-element-5fe5315f elementor-widget elementor-widget-text-editor\" data-id=\"5fe5315f\" data-element_type=\"widget\" data-widget_type=\"text-editor.default\">\n\t\t\t\t<div class=\"elementor-widget-container\">\n\t\t\t\t\t\t\t\t<div class=\"elementor-text-editor elementor-clearfix\">\n\t\t\t\t\tPuede que Escocia cuente con muchas islas, pero la isla de Jura no es\ncomo ninguna otra. Es el hogar de m\u00e1s de 5.000 ciervos y de menos\nde 200 isle\u00f1os, cuenta \u00fanicamente con una carretera, un pub y una\ndestiler\u00eda. Existen varios lugares en los que hacer whisky resultar\u00eda\nmucho m\u00e1s f\u00e1cil. Con este esp\u00edritu resistente destilan el Whisky\nJura (Single Malt Scotch Whisky), ofreci\u00e9ndole propiedades como\nning\u00fan otro.\t\t\t\t\t<\/div>\n\t\t\t\t\t\t<\/div>\n\t\t\t\t<\/div>\n\t\t\t\t<div class=\"elementor-element elementor-element-a02f774 elementor-widget elementor-widget-text-editor\" data-id=\"a02f774\" data-element_type=\"widget\" data-widget_type=\"text-editor.default\">\n\t\t\t\t<div class=\"elementor-widget-container\">\n\t\t\t\t\t\t\t\t<div class=\"elementor-text-editor elementor-clearfix\">\n\t\t\t\t\t<strong>BARRICAS:<\/strong><br\/>\nMadurado en barricas de roble blanco americano que antes\nconten\u00edan bourbon e intensificado con un acabado en barricas\nPremier Grand Cru Class\u00e9 de Burdeos.\t\t\t\t\t<\/div>\n\t\t\t\t\t\t<\/div>\n\t\t\t\t<\/div>\n\t\t\t\t\t\t<\/div>\n\t\t\t\t\t<\/div>\n\t\t<\/div>\n\t\t\t\t<div class=\"elementor-column elementor-col-33 elementor-top-column elementor-element elementor-element-787bc133\" data-id=\"787bc133\" data-element_type=\"column\">\n\t\t\t<div class=\"elementor-column-wrap elementor-element-populated\">\n\t\t\t\t\t\t\t<div class=\"elementor-widget-wrap\">\n\t\t\t\t\t\t<div class=\"elementor-element elementor-element-62d486d8 elementor-widget elementor-widget-image\" data-id=\"62d486d8\" data-element_type=\"widget\" data-widget_type=\"image.default\">\n\t\t\t\t<div class=\"elementor-widget-container\">\n\t\t\t\t\t\t\t\t<div class=\"elementor-image\">\n\t\t\t\t\t\t\t\t\t\t\t\t<img loading=\"lazy\" decoding=\"async\" width=\"204\" height=\"580\" src=\"https:\/\/vinumnobile.com\/wp-content\/uploads\/2020\/12\/WhiteMackayJura-botella-05b-18Years.png\" class=\"attachment-full size-full\" alt=\"\" \/>\t\t\t\t\t\t\t\t\t\t\t\t\t\t<\/div>\n\t\t\t\t\t\t<\/div>\n\t\t\t\t<\/div>\n\t\t\t\t\t\t<\/div>\n\t\t\t\t\t<\/div>\n\t\t<\/div>\n\t\t\t\t<div class=\"elementor-column elementor-col-33 elementor-top-column elementor-element elementor-element-14a35f6e\" data-id=\"14a35f6e\" data-element_type=\"column\">\n\t\t\t<div class=\"elementor-column-wrap elementor-element-populated\">\n\t\t\t\t\t\t\t<div class=\"elementor-widget-wrap\">\n\t\t\t\t\t\t<div class=\"elementor-element elementor-element-49ad0f24 elementor-widget elementor-widget-text-editor\" data-id=\"49ad0f24\" data-element_type=\"widget\" data-widget_type=\"text-editor.default\">\n\t\t\t\t<div class=\"elementor-widget-container\">\n\t\t\t\t\t\t\t\t<div class=\"elementor-text-editor elementor-clearfix\">\n\t\t\t\t\t<strong>NOTAS DE CATA:<\/strong><br\/>\nSabores: dulces de baya, cacao, precisas notas ahumadas.\nEstilo de licor: un island malt rico con notas ahumadas acabado en\nbarricas de vino tinto.\nAlc. 44% vol.\t\t\t\t\t<\/div>\n\t\t\t\t\t\t<\/div>\n\t\t\t\t<\/div>\n\t\t\t\t<div class=\"elementor-element elementor-element-14bb642 elementor-widget elementor-widget-text-editor\" data-id=\"14bb642\" data-element_type=\"widget\" data-widget_type=\"text-editor.default\">\n\t\t\t\t<div class=\"elementor-widget-container\">\n\t\t\t\t\t\t\t\t<div class=\"elementor-text-editor elementor-clearfix\">\n\t\t\t\t\t<strong>MARIDAJE:<\/strong><br\/>\nPuro, con helado de frambuesa y chocolate amargo.\t\t\t\t\t<\/div>\n\t\t\t\t\t\t<\/div>\n\t\t\t\t<\/div>\n\t\t\t\t<div class=\"elementor-element elementor-element-417eaead elementor-align-center elementor-widget elementor-widget-button\" data-id=\"417eaead\" data-element_type=\"widget\" data-widget_type=\"button.default\">\n\t\t\t\t<div class=\"elementor-widget-container\">\n\t\t\t\t\t<div class=\"elementor-button-wrapper\">\n\t\t\t<a href=\"https:\/\/vinumnobile.com\/wp-content\/uploads\/2020\/12\/WhiteMackayJura-ficha-05-18Years.pdf\" target=\"_blank\" class=\"elementor-button-link elementor-button elementor-size-sm\" role=\"button\">\n\t\t\t\t\t\t<span class=\"elementor-button-content-wrapper\">\n\t\t\t\t\t\t<span class=\"elementor-button-text\">DESCARGAR FICHA PDF<\/span>\n\t\t<\/span>\n\t\t\t\t\t<\/a>\n\t\t<\/div>\n\t\t\t\t<\/div>\n\t\t\t\t<\/div>\n\t\t\t\t\t\t<\/div>\n\t\t\t\t\t<\/div>\n\t\t<\/div>\n\t\t\t\t\t\t\t\t<\/div>\n\t\t\t\t\t<\/div>\n\t\t<\/section>\n\t\t\t\t\t\t<\/div>\n\t\t\t\t\t\t<\/div>\n\t\t\t\t\t<\/div>\n\t\t","protected":false},"excerpt":{"rendered":"<p>Premium Spirits WHISKY WHYTE &#038; MACKAY Jura 18 Years Puede que Escocia cuente con muchas islas, pero la isla de Jura no es como ninguna otra. Es el hogar de m\u00e1s de 5.000 ciervos y de menos de 200 isle\u00f1os, cuenta \u00fanicamente con una carretera, un pub y una destiler\u00eda. Existen varios lugares en los [&hellip;]<\/p>\n","protected":false},"author":1,"featured_media":0,"parent":2959,"menu_order":0,"comment_status":"closed","ping_status":"closed","template":"elementor_header_footer","meta":{"footnotes":""},"class_list":["post-3004","page","type-page","status-publish","hentry"],"_links":{"self":[{"href":"https:\/\/vinumnobile.com\/index.php\/wp-json\/wp\/v2\/pages\/3004","targetHints":{"allow":["GET"]}}],"collection":[{"href":"https:\/\/vinumnobile.com\/index.php\/wp-json\/wp\/v2\/pages"}],"about":[{"href":"https:\/\/vinumnobile.com\/index.php\/wp-json\/wp\/v2\/types\/page"}],"author":[{"embeddable":true,"href":"https:\/\/vinumnobile.com\/index.php\/wp-json\/wp\/v2\/users\/1"}],"replies":[{"embeddable":true,"href":"https:\/\/vinumnobile.com\/index.php\/wp-json\/wp\/v2\/comments?post=3004"}],"version-history":[{"count":5,"href":"https:\/\/vinumnobile.com\/index.php\/wp-json\/wp\/v2\/pages\/3004\/revisions"}],"predecessor-version":[{"id":3172,"href":"https:\/\/vinumnobile.com\/index.php\/wp-json\/wp\/v2\/pages\/3004\/revisions\/3172"}],"up":[{"embeddable":true,"href":"https:\/\/vinumnobile.com\/index.php\/wp-json\/wp\/v2\/pages\/2959"}],"wp:attachment":[{"href":"https:\/\/vinumnobile.com\/index.php\/wp-json\/wp\/v2\/media?parent=3004"}],"curies":[{"name":"wp","href":"https:\/\/api.w.org\/{rel}","templated":true}]}}