{"id":3,"date":"2020-11-04T15:31:20","date_gmt":"2020-11-04T15:31:20","guid":{"rendered":"https:\/\/dedisplay.es\/?page_id=3"},"modified":"2020-12-17T10:51:31","modified_gmt":"2020-12-17T10:51:31","slug":"privacy-policy","status":"publish","type":"page","link":"https:\/\/vinumnobile.com\/index.php\/privacy-policy\/","title":{"rendered":"Privacy Policy"},"content":{"rendered":"\t\t<div data-elementor-type=\"wp-page\" data-elementor-id=\"3\" class=\"elementor elementor-3\" data-elementor-settings=\"[]\">\n\t\t\t\t\t\t<div class=\"elementor-inner\">\n\t\t\t\t\t\t\t<div class=\"elementor-section-wrap\">\n\t\t\t\t\t\t\t<section class=\"elementor-section elementor-top-section elementor-element elementor-element-45ec85a6 elementor-section-height-min-height elementor-section-items-top elementor-section-boxed elementor-section-height-default\" data-id=\"45ec85a6\" data-element_type=\"section\">\n\t\t\t\t\t\t<div class=\"elementor-container elementor-column-gap-default\">\n\t\t\t\t\t\t\t<div class=\"elementor-row\">\n\t\t\t\t\t<div class=\"elementor-column elementor-col-100 elementor-top-column elementor-element elementor-element-58b17e30\" data-id=\"58b17e30\" data-element_type=\"column\">\n\t\t\t<div class=\"elementor-column-wrap elementor-element-populated\">\n\t\t\t\t\t\t\t<div class=\"elementor-widget-wrap\">\n\t\t\t\t\t\t<div class=\"elementor-element elementor-element-b74896d elementor-widget elementor-widget-text-editor\" data-id=\"b74896d\" data-element_type=\"widget\" data-widget_type=\"text-editor.default\">\n\t\t\t\t<div class=\"elementor-widget-container\">\n\t\t\t\t\t\t\t\t<div class=\"elementor-text-editor elementor-clearfix\">\n\t\t\t\t\t<p><strong>Aviso Legal<\/strong><br \/><br \/><strong>Condiciones generales de uso del sitio web vinumnobile.com<\/strong><br \/>Esta p\u00e1gina web es titularidad de VINUM NOBILE, S.L. (en adelante VINUM NOBILE), y est\u00e1 administrada y alojada completamente en territorio espa\u00f1ol.<br \/>En cumplimiento de lo establecido en el Art. 10 de la Ley 34\/2002, de 11 de julio, de Servicios de la Sociedad de la Informaci\u00f3n y Comercio Electr\u00f3nico (LSSI-CE), se informa que esta p\u00e1gina web es titularidad de VINUM NOBILE, sita en c\/ Joaqu\u00edn Turina, 2 &#8211; 28224 Pozuelo de Alarc\u00f3n (Madrid), con tel\u00e9fono: 91 799 22 80 y cuya direcci\u00f3n de correo electr\u00f3nico de contacto es comercial@vinumnobile.com.<br \/>El presente Aviso Legal tiene como finalidad el establecer las normas de uso del sitio web vinumnobile.com. Queda prohibido el uso de esta Web con la finalidad de lesionar bienes, derechos o intereses de VINUM NOBILE o de terceros. Queda igualmente prohibido realizar cualquier otro uso de esta Web que altere, da\u00f1e o inutilice las redes, servidores, equipos, productos y programas inform\u00e1ticos de VINUM NOBILE o de terceros. VINUM NOBILE no se hace responsable de los perjuicios, de cualquier \u00edndole, que pudieran ocasionarse a los usuarios por la utilizaci\u00f3n de otros navegadores o versiones distintas de los navegadores para los que ha sido dise\u00f1ado el Sitio. <br \/><br \/><strong>1. Uso y Tratamiento de Datos de Car\u00e1cter Personal. Pol\u00edtica Privacidad<\/strong><br \/>VINUM NOBILE, como responsable del fichero de datos, garantiza el cumplimiento de lo establecido en Ley org\u00e1nica 15\/1999, de 13 de Diciembre de Protecci\u00f3n de Datos de Car\u00e1cter Personal (LOPD) y le informamos que los datos suministrados, as\u00ed como aquellos datos derivados de su navegaci\u00f3n, podr\u00e1n ser almacenados en los ficheros de VINUM NOBILE y tratados para la finalidad de atender su solicitud y el mantenimiento de la relaci\u00f3n que se establezca en los formularios que suscriba. Adicionalmente, Usted consiente el tratamiento de sus datos con la finalidad de informarles, por cualquier medio, incluido el correo electr\u00f3nico, de productos y servicios de VINUM NOBILE. En este sentido la actividad promocional o de marketing podr\u00e1 ser realizada directamente por VINUM NOBILE o por cualquiera de las empresas colaboradoras de VINUM NOBILE.<br \/>En caso de NO autorizar el tratamiento de sus datos con la finalidad se\u00f1alada en el p\u00e1rrafo anterior, usted podr\u00e1 ejercer su derecho de oposici\u00f3n al tratamiento de sus datos en los t\u00e9rminos y condiciones previstos m\u00e1s abajo en el apartado 3\u00ba \u201cEjercicio de Derechos\u201d.\n<br\/><br\/>\n<strong>2. Medidas de Seguridad<\/strong><br\/>\nVINUM NOBILE le informa que tienen implantadas las medidas de seguridad de \u00edndole t\u00e9cnica y organizativas necesarias para\ngarantizar la seguridad de sus datos de car\u00e1cter personal y evitar su alteraci\u00f3n, p\u00e9rdida y tratamiento y\/o acceso no autorizado,\nhabida cuenta del estado de la tecnolog\u00eda, la naturaleza de los datos almacenados y los riesgos a que est\u00e1n expuestos, ya provengan\nde la acci\u00f3n humana o del medio f\u00edsico o natural. Todo ello de conformidad con lo previsto en el Art. 9 de la LOPD y el T\u00edtulo VIII\ndel RLOPD. No obstante, los usuarios deben ser conscientes de que las medidas de seguridad en Internet no son inexpugnables,\nVINUM NOBILE declina cualquier responsabilidad contractual o extracontractual derivada de un mal uso.\n<br\/><br\/>\n<strong>3. Pol\u00edtica de Privacidad<\/strong><br\/>\nAquellas personas f\u00edsicas que hayan facilitado sus datos a VINUM NOBILE podr\u00e1n dirigirse a VINUM NOBILE, con el fin de poder\nejercitar gratuitamente sus derechos de acceso, rectificaci\u00f3n, cancelaci\u00f3n y oposici\u00f3n respecto de los datos incorporados en los\nficheros de VINUM NOBILE. El interesado podr\u00e1 ejercitar sus derechos mediante comunicaci\u00f3n por escrito dirigida a VINUM\nNOBILE, S.L., en la direcci\u00f3n de c\/ Joaqu\u00edn Turina, 2 &#8211; 28224 Pozuelo de Alarc\u00f3n (Madrid), con la referencia \u201cProtecci\u00f3n de datos\u201d,\nespecificando sus datos, acreditando su identidad y los motivos de su solicitud. Tambi\u00e9n podr\u00e1 ejercitar sus derechos a trav\u00e9s del\ncorreo electr\u00f3nico: comercial@vinumnobile.com\n<br\/><br\/>\n<strong>4. Links<\/strong><br\/>\nComo un servicio a nuestros visitantes, nuestros sitios web pueden incluir hiperv\u00ednculos a otros sitios que no son operados o\ncontrolados por VINUM NOBILE. Por ello VINUM NOBILE no garantiza, ni se hace responsable de la licitud, fiabilidad, utilidad,\nveracidad y actualidad de los contenidos de tales sitios web o de sus pr\u00e1cticas de privacidad. Por favor antes de proporcionar su\ninformaci\u00f3n personal a estos sitios web ajenos a VINUM NOBILE, tenga en cuenta que sus pr\u00e1cticas de privacidad pueden diferir\nde las nuestras.<br\/>\nLinks a nuestra web dgh:\nSi usted desea enlazar a nuestro website, solicite autorizaci\u00f3n, puede hacerlo pero no reproducirlo total o parcialmente al suyo. Su\nweb no puede contener contenidos desagradables, inapropiados, ofensivos, controvertidos, obscenos, etc. en general contrarios a\nla moral p\u00fablica y a la Ley. Est\u00e1 prohibido totalmente: falsear su relaci\u00f3n con VINUM NOBILE, presentar informaci\u00f3n falsa sobre de\nVINUM NOBILE, usar el logo sin permiso por escrito de VINUM NOBILE.\n<br\/><br\/>\n<strong>5. Uso de \u201cCookies\u201d<\/strong><br\/>\nLas cookies constituyen una herramienta empleada por los servidores web para almacenar y recuperar informaci\u00f3n acerca de\nsus visitantes. Son peque\u00f1os archivos de texto que enviamos a su ordenador para mantener un registro de sus preferencias\ny recordarlas a su regreso. VINUM NOBILE utiliza cookies para facilitar la navegaci\u00f3n por su Web y para obtener una mayor\neficacia y personalizaci\u00f3n de los servicios ofrecidos a los Usuarios. Las cookies utilizadas permiten almacenar informaci\u00f3n sobre las\npreferencias e idioma del Usuario, a fin de poder mostrarle contenidos y registrar el n\u00famero de veces que se muestra a un Usuario\nun determinado mensaje. El Usuario puede, libremente, decidir acerca de la implantaci\u00f3n o no, en su disco duro, de las cookies\nempleadas. En este sentido, el Usuario puede configurar su navegador para aceptar o rechazar, por defecto, todas las cookies, y\ndecidir, en ese momento, su implantaci\u00f3n o no en su disco duro. Para ello, le sugerimos la secci\u00f3n de ayuda de su navegador, para\nsaber c\u00f3mo cambiar la configuraci\u00f3n que actualmente emplea.<br\/>\nEn cualquier caso, el usuario podr\u00e1 eliminar las \u201ccookies\u201d implantadas en su disco duro en cualquier momento, siguiendo el\nprocedimiento establecido en la secci\u00f3n de ayuda de su navegador.<br\/>\nNo obstante la aceptaci\u00f3n de la presente pol\u00edtica de privacidad implica que el usuario ha sido informado de una forma clara y\ncompleta sobre el uso de dispositivos de almacenamiento y recuperaci\u00f3n de datos (cookies) as\u00ed como que VINUM NOBILE dispone\ndel consentimiento del usuario para el uso de las mismas tal y como establece el art\u00edculo 22 de la Ley 34\/2002, de 11 de julio, de\nServicios de la Sociedad de la Informaci\u00f3n y Comercio Electr\u00f3nico (LSSI-CE).\n<br\/><br\/>\n<strong>6. Uso de Google Analytics<\/strong><br\/>\nEsta p\u00e1gina web utiliza Google Analytics, un servicio anal\u00edtico de web prestado por Google, Inc. Google Analytics utiliza \u201ccookies\u201d,\nque son archivos de texto ubicados en su ordenador, para ayudar al website a analizar el uso que hacen los usuarios del sitio web.\nLa informaci\u00f3n que genera la cookie acerca de su uso del website (incluyendo su direcci\u00f3n IP) ser\u00e1 directamente transmitida y\narchivada por Google en los servidores de Estados Unidos. Google usar\u00e1 esta informaci\u00f3n por cuenta nuestra con el prop\u00f3sito\nde seguir la pista de su uso del website, recopilando informes de la actividad del website y prestando otros servicios relacionados\ncon la actividad del website y el uso de Internet. Google podr\u00e1 transmitir dicha informaci\u00f3n a terceros cuando as\u00ed se lo requiera la\nlegislaci\u00f3n, o cuando dichos terceros procesen la informaci\u00f3n por cuenta de Google. Google no asociar\u00e1 su direcci\u00f3n IP con ning\u00fan\notro dato del que disponga Google.<br\/>\nPuede Usted rechazar el tratamiento de los datos o la informaci\u00f3n rechazando el uso de cookies mediante la selecci\u00f3n de la\nconfiguraci\u00f3n apropiada de su navegador, sin embargo, debe Usted saber que si lo hace puede ser que no pueda usar la plena\nfuncionabilidad de este website. Al utilizar este website Usted consiente el tratamiento de informaci\u00f3n acerca de Usted por Google\nen la forma y para los fines arriba indicados.\n<br\/><br\/>\n<strong>7. Menores de edad<\/strong><br\/>\nLa web vinumnobile.com no se dirige a menores de edad (su car\u00e1cter empresarial le hace inadecuada para menores de edad).\nVINUM NOBILE le autoriza a ver y descargar los materiales de su web solo para uso personal, no comercial y con la condici\u00f3n\nde mencionar los copyright y origen de los mismos. Queda prohibida la transmisi\u00f3n, cesi\u00f3n, venta, alquiler y\/o exposici\u00f3n p\u00fablica,\ndesnaturalizaci\u00f3n del contenido de esta web sin la correspondiente autorizaci\u00f3n de sus due\u00f1os. El usuario queda obligado en todo\ncaso a citar la fuente de los contenidos. Los materiales de este web tienen reservados todos los derechos de propiedad y de autor\u00eda,\ncualquier uso desautorizado de los mismos puede violar las leyes del copyright, marca comercial y otras leyes. Si usted incumple\nalguna de estas condiciones, su autorizaci\u00f3n para usar este sitio finaliza autom\u00e1ticamente y debe destruir inmediatamente cualquier\nmaterial descargado, impreso o reproducido de alguna otra manera.<br\/>\nLa informaci\u00f3n y consejos presentados en esta web son de car\u00e1cter orientativos quedando VINUM NOBILE exenta de cualquier\nresponsabilidad derivada de la falta de exactitud o efectividad en dicha informaci\u00f3n o consejos. VINUM NOBILE se reserva el\nderecho de modificar el contenido de la web sin previo aviso y sin ning\u00fan tipo de limitaci\u00f3n.\nModificaci\u00f3n de la Pol\u00edtica de Privacidad<br\/>\nVINUM NOBILE se reserva el derecho a modificar su Pol\u00edtica de Privacidad, de acuerdo a su propio criterio, o motivado por un\ncambio legislativo, jurisprudencial o doctrinal de la Agencia Espa\u00f1ola de Protecci\u00f3n de Datos. Cualquier modificaci\u00f3n de la Pol\u00edtica\nde Privacidad ser\u00e1 publicada al menos diez d\u00edas antes de su efectiva aplicaci\u00f3n. El uso de la Web despu\u00e9s de dichos cambios,\nimplicar\u00e1 la aceptaci\u00f3n de estos.<br\/>\nEl presente Aviso Legal se rige \u00edntegramente por la legislaci\u00f3n espa\u00f1ola. El Usuario se compromete a hacer un uso correcto de esta\nWeb de conformidad con la Ley, con el presente Aviso Legal, as\u00ed como con las dem\u00e1s condiciones, reglamentos e instrucciones\nque, en su caso, pudieran ser de aplicaci\u00f3n El Usuario responder\u00e1 frente a VINUM NOBILE de cualesquiera da\u00f1os o perjuicios que\npudieran causarse por incumplimiento de estas obligaciones.<br\/>\nPara la resoluci\u00f3n de cualquier conflicto derivado de la interpretaci\u00f3n y aplicaci\u00f3n del presente Aviso Legal o del uso de esta Web\nel usuario se somete expresamente a la jurisdicci\u00f3n de los Jueces y Tribunales de la ciudad de Madrid, con renuncia expresa, a\ncualquier otro fuero que pudiera corresponderle.\n<\/p>\t\t\t\t\t<\/div>\n\t\t\t\t\t\t<\/div>\n\t\t\t\t<\/div>\n\t\t\t\t\t\t<\/div>\n\t\t\t\t\t<\/div>\n\t\t<\/div>\n\t\t\t\t\t\t\t\t<\/div>\n\t\t\t\t\t<\/div>\n\t\t<\/section>\n\t\t\t\t\t\t<\/div>\n\t\t\t\t\t\t<\/div>\n\t\t\t\t\t<\/div>\n\t\t","protected":false},"excerpt":{"rendered":"<p>Aviso Legal Condiciones generales de uso del sitio web vinumnobile.comEsta p\u00e1gina web es titularidad de VINUM NOBILE, S.L. (en adelante VINUM NOBILE), y est\u00e1 administrada y alojada completamente en territorio espa\u00f1ol.En cumplimiento de lo establecido en el Art. 10 de la Ley 34\/2002, de 11 de julio, de Servicios de la Sociedad de la Informaci\u00f3n [&hellip;]<\/p>\n","protected":false},"author":1,"featured_media":0,"parent":0,"menu_order":0,"comment_status":"closed","ping_status":"closed","template":"elementor_header_footer","meta":{"footnotes":""},"class_list":["post-3","page","type-page","status-publish","hentry"],"_links":{"self":[{"href":"https:\/\/vinumnobile.com\/index.php\/wp-json\/wp\/v2\/pages\/3","targetHints":{"allow":["GET"]}}],"collection":[{"href":"https:\/\/vinumnobile.com\/index.php\/wp-json\/wp\/v2\/pages"}],"about":[{"href":"https:\/\/vinumnobile.com\/index.php\/wp-json\/wp\/v2\/types\/page"}],"author":[{"embeddable":true,"href":"https:\/\/vinumnobile.com\/index.php\/wp-json\/wp\/v2\/users\/1"}],"replies":[{"embeddable":true,"href":"https:\/\/vinumnobile.com\/index.php\/wp-json\/wp\/v2\/comments?post=3"}],"version-history":[{"count":15,"href":"https:\/\/vinumnobile.com\/index.php\/wp-json\/wp\/v2\/pages\/3\/revisions"}],"predecessor-version":[{"id":3603,"href":"https:\/\/vinumnobile.com\/index.php\/wp-json\/wp\/v2\/pages\/3\/revisions\/3603"}],"wp:attachment":[{"href":"https:\/\/vinumnobile.com\/index.php\/wp-json\/wp\/v2\/media?parent=3"}],"curies":[{"name":"wp","href":"https:\/\/api.w.org\/{rel}","templated":true}]}}