{"id":2687,"date":"2020-12-15T16:21:15","date_gmt":"2020-12-15T16:21:15","guid":{"rendered":"https:\/\/vinumnobile.com\/?page_id=2687"},"modified":"2020-12-15T18:13:29","modified_gmt":"2020-12-15T18:13:29","slug":"gruner-vetliner-federspiel","status":"publish","type":"page","link":"https:\/\/vinumnobile.com\/index.php\/gruner-vetliner-federspiel\/","title":{"rendered":"gruner-vetliner-federspiel"},"content":{"rendered":"\t\t<div data-elementor-type=\"wp-page\" data-elementor-id=\"2687\" class=\"elementor elementor-2687\" data-elementor-settings=\"[]\">\n\t\t\t\t\t\t<div class=\"elementor-inner\">\n\t\t\t\t\t\t\t<div class=\"elementor-section-wrap\">\n\t\t\t\t\t\t\t<section class=\"elementor-section elementor-top-section elementor-element elementor-element-3ba6a395 elementor-section-height-full elementor-section-items-top elementor-section-boxed elementor-section-height-default\" data-id=\"3ba6a395\" data-element_type=\"section\">\n\t\t\t\t\t\t<div class=\"elementor-container elementor-column-gap-default\">\n\t\t\t\t\t\t\t<div class=\"elementor-row\">\n\t\t\t\t\t<div class=\"elementor-column elementor-col-33 elementor-top-column elementor-element elementor-element-1cd6c48d\" data-id=\"1cd6c48d\" data-element_type=\"column\">\n\t\t\t<div class=\"elementor-column-wrap elementor-element-populated\">\n\t\t\t\t\t\t\t<div class=\"elementor-widget-wrap\">\n\t\t\t\t\t\t<div class=\"elementor-element elementor-element-7a592d9c elementor-widget elementor-widget-heading\" data-id=\"7a592d9c\" data-element_type=\"widget\" data-widget_type=\"heading.default\">\n\t\t\t\t<div class=\"elementor-widget-container\">\n\t\t\t<h1 class=\"elementor-heading-title elementor-size-default\">Vinos\ninternacionales<\/h1>\t\t<\/div>\n\t\t\t\t<\/div>\n\t\t\t\t<div class=\"elementor-element elementor-element-33613e18 elementor-widget-divider--view-line elementor-widget elementor-widget-divider\" data-id=\"33613e18\" data-element_type=\"widget\" data-widget_type=\"divider.default\">\n\t\t\t\t<div class=\"elementor-widget-container\">\n\t\t\t\t\t<div class=\"elementor-divider\">\n\t\t\t<span class=\"elementor-divider-separator\">\n\t\t\t\t\t\t<\/span>\n\t\t<\/div>\n\t\t\t\t<\/div>\n\t\t\t\t<\/div>\n\t\t\t\t<div class=\"elementor-element elementor-element-7e61a116 elementor-widget elementor-widget-heading\" data-id=\"7e61a116\" data-element_type=\"widget\" data-widget_type=\"heading.default\">\n\t\t\t\t<div class=\"elementor-widget-container\">\n\t\t\t<h2 class=\"elementor-heading-title elementor-size-default\">DOM\u00c4NE WACHAU<\/h2>\t\t<\/div>\n\t\t\t\t<\/div>\n\t\t\t\t<div class=\"elementor-element elementor-element-725b396 elementor-widget elementor-widget-heading\" data-id=\"725b396\" data-element_type=\"widget\" data-widget_type=\"heading.default\">\n\t\t\t\t<div class=\"elementor-widget-container\">\n\t\t\t<h3 class=\"elementor-heading-title elementor-size-default\">Gr\u00fcner Veltliner Federspiel\n<\/h3>\t\t<\/div>\n\t\t\t\t<\/div>\n\t\t\t\t<div class=\"elementor-element elementor-element-1b49e3ff elementor-widget elementor-widget-text-editor\" data-id=\"1b49e3ff\" data-element_type=\"widget\" data-widget_type=\"text-editor.default\">\n\t\t\t\t<div class=\"elementor-widget-container\">\n\t\t\t\t\t\t\t\t<div class=\"elementor-text-editor elementor-clearfix\">\n\t\t\t\t\t<strong>GRADUACI\u00d3N:<\/strong><br\/>\n12,5%\t\t\t\t\t<\/div>\n\t\t\t\t\t\t<\/div>\n\t\t\t\t<\/div>\n\t\t\t\t<div class=\"elementor-element elementor-element-3441c58b elementor-widget elementor-widget-text-editor\" data-id=\"3441c58b\" data-element_type=\"widget\" data-widget_type=\"text-editor.default\">\n\t\t\t\t<div class=\"elementor-widget-container\">\n\t\t\t\t\t\t\t\t<div class=\"elementor-text-editor elementor-clearfix\">\n\t\t\t\t\t<strong>VARIEDAD DE UVA:<\/strong><br\/>\nGr\u00fcner Veltliner es la variedad m\u00e1s importante en Austria, con una\ncuota aproximada de 1\/3 de la producci\u00f3n total. M\u00e1s de un 50% de\nla producci\u00f3n en Dom\u00e4ne Wachau es Gr\u00fcner Veltliner, vinificada\nen una variedad de estilos.\n\t\t\t\t\t<\/div>\n\t\t\t\t\t\t<\/div>\n\t\t\t\t<\/div>\n\t\t\t\t\t\t<\/div>\n\t\t\t\t\t<\/div>\n\t\t<\/div>\n\t\t\t\t<div class=\"elementor-column elementor-col-33 elementor-top-column elementor-element elementor-element-57dafd23\" data-id=\"57dafd23\" data-element_type=\"column\">\n\t\t\t<div class=\"elementor-column-wrap elementor-element-populated\">\n\t\t\t\t\t\t\t<div class=\"elementor-widget-wrap\">\n\t\t\t\t\t\t<div class=\"elementor-element elementor-element-6df96904 elementor-widget elementor-widget-image\" data-id=\"6df96904\" data-element_type=\"widget\" data-widget_type=\"image.default\">\n\t\t\t\t<div class=\"elementor-widget-container\">\n\t\t\t\t\t\t\t\t<div class=\"elementor-image\">\n\t\t\t\t\t\t\t\t\t\t\t\t<img loading=\"lazy\" decoding=\"async\" width=\"131\" height=\"580\" src=\"https:\/\/vinumnobile.com\/wp-content\/uploads\/2020\/12\/DomaneWachau-ficha-01b-GrunerVeltlinerFederspiel.png\" class=\"attachment-full size-full\" alt=\"\" \/>\t\t\t\t\t\t\t\t\t\t\t\t\t\t<\/div>\n\t\t\t\t\t\t<\/div>\n\t\t\t\t<\/div>\n\t\t\t\t\t\t<\/div>\n\t\t\t\t\t<\/div>\n\t\t<\/div>\n\t\t\t\t<div class=\"elementor-column elementor-col-33 elementor-top-column elementor-element elementor-element-d051ec6\" data-id=\"d051ec6\" data-element_type=\"column\">\n\t\t\t<div class=\"elementor-column-wrap elementor-element-populated\">\n\t\t\t\t\t\t\t<div class=\"elementor-widget-wrap\">\n\t\t\t\t\t\t<div class=\"elementor-element elementor-element-1dcb58ac elementor-widget elementor-widget-text-editor\" data-id=\"1dcb58ac\" data-element_type=\"widget\" data-widget_type=\"text-editor.default\">\n\t\t\t\t<div class=\"elementor-widget-container\">\n\t\t\t\t\t\t\t\t<div class=\"elementor-text-editor elementor-clearfix\">\n\t\t\t\t\t<strong>CATA:<\/strong><br\/>\nDe color amarillo brillante con reflejos verdosos, este vino ofrece\naromas de manzana verde, pimienta blanca y notas de mango, as\u00ed\ncomo delicadas notas herb\u00e1ceas. Un ejemplo tradicional de Gr\u00fcner\nVeltliner con su refrescante acidez, car\u00e1cter frutal y final especiado.\t\t\t\t\t<\/div>\n\t\t\t\t\t\t<\/div>\n\t\t\t\t<\/div>\n\t\t\t\t<div class=\"elementor-element elementor-element-5c395b72 elementor-align-center elementor-widget elementor-widget-button\" data-id=\"5c395b72\" data-element_type=\"widget\" data-widget_type=\"button.default\">\n\t\t\t\t<div class=\"elementor-widget-container\">\n\t\t\t\t\t<div class=\"elementor-button-wrapper\">\n\t\t\t<a href=\"https:\/\/vinumnobile.com\/wp-content\/uploads\/2020\/12\/DomaneWachau-ficha-01-GrunerVeltlinerFederspiel.pdf\" target=\"_blank\" class=\"elementor-button-link elementor-button elementor-size-sm\" role=\"button\">\n\t\t\t\t\t\t<span class=\"elementor-button-content-wrapper\">\n\t\t\t\t\t\t<span class=\"elementor-button-text\">DESCARGAR FICHA PDF<\/span>\n\t\t<\/span>\n\t\t\t\t\t<\/a>\n\t\t<\/div>\n\t\t\t\t<\/div>\n\t\t\t\t<\/div>\n\t\t\t\t\t\t<\/div>\n\t\t\t\t\t<\/div>\n\t\t<\/div>\n\t\t\t\t\t\t\t\t<\/div>\n\t\t\t\t\t<\/div>\n\t\t<\/section>\n\t\t\t\t\t\t<\/div>\n\t\t\t\t\t\t<\/div>\n\t\t\t\t\t<\/div>\n\t\t","protected":false},"excerpt":{"rendered":"<p>Vinos internacionales DOM\u00c4NE WACHAU Gr\u00fcner Veltliner Federspiel GRADUACI\u00d3N: 12,5%VARIEDAD DE UVA: Gr\u00fcner Veltliner es la variedad m\u00e1s importante en Austria, con una cuota aproximada de 1\/3 de la producci\u00f3n total. M\u00e1s de un 50% de la producci\u00f3n en Dom\u00e4ne Wachau es Gr\u00fcner Veltliner, vinificada en una variedad de estilos. CATA: De color amarillo brillante con [&hellip;]<\/p>\n","protected":false},"author":1,"featured_media":0,"parent":0,"menu_order":0,"comment_status":"closed","ping_status":"closed","template":"elementor_header_footer","meta":{"footnotes":""},"class_list":["post-2687","page","type-page","status-publish","hentry"],"_links":{"self":[{"href":"https:\/\/vinumnobile.com\/index.php\/wp-json\/wp\/v2\/pages\/2687","targetHints":{"allow":["GET"]}}],"collection":[{"href":"https:\/\/vinumnobile.com\/index.php\/wp-json\/wp\/v2\/pages"}],"about":[{"href":"https:\/\/vinumnobile.com\/index.php\/wp-json\/wp\/v2\/types\/page"}],"author":[{"embeddable":true,"href":"https:\/\/vinumnobile.com\/index.php\/wp-json\/wp\/v2\/users\/1"}],"replies":[{"embeddable":true,"href":"https:\/\/vinumnobile.com\/index.php\/wp-json\/wp\/v2\/comments?post=2687"}],"version-history":[{"count":4,"href":"https:\/\/vinumnobile.com\/index.php\/wp-json\/wp\/v2\/pages\/2687\/revisions"}],"predecessor-version":[{"id":2902,"href":"https:\/\/vinumnobile.com\/index.php\/wp-json\/wp\/v2\/pages\/2687\/revisions\/2902"}],"wp:attachment":[{"href":"https:\/\/vinumnobile.com\/index.php\/wp-json\/wp\/v2\/media?parent=2687"}],"curies":[{"name":"wp","href":"https:\/\/api.w.org\/{rel}","templated":true}]}}