{"id":2644,"date":"2020-12-15T16:08:38","date_gmt":"2020-12-15T16:08:38","guid":{"rendered":"https:\/\/vinumnobile.com\/?page_id=2644"},"modified":"2023-03-15T09:45:26","modified_gmt":"2023-03-15T09:45:26","slug":"rose-wine","status":"publish","type":"page","link":"https:\/\/vinumnobile.com\/index.php\/vinos-internacionales\/internacionales-lancers\/rose-wine\/","title":{"rendered":"rose-wine"},"content":{"rendered":"\t\t<div data-elementor-type=\"wp-page\" data-elementor-id=\"2644\" class=\"elementor elementor-2644\" data-elementor-settings=\"[]\">\n\t\t\t\t\t\t<div class=\"elementor-inner\">\n\t\t\t\t\t\t\t<div class=\"elementor-section-wrap\">\n\t\t\t\t\t\t\t<section class=\"elementor-section elementor-top-section elementor-element elementor-element-3e6d6874 elementor-section-height-min-height elementor-section-items-top elementor-section-boxed elementor-section-height-default\" data-id=\"3e6d6874\" data-element_type=\"section\">\n\t\t\t\t\t\t<div class=\"elementor-container elementor-column-gap-default\">\n\t\t\t\t\t\t\t<div class=\"elementor-row\">\n\t\t\t\t\t<div class=\"elementor-column elementor-col-33 elementor-top-column elementor-element elementor-element-7c6f1522\" data-id=\"7c6f1522\" data-element_type=\"column\">\n\t\t\t<div class=\"elementor-column-wrap elementor-element-populated\">\n\t\t\t\t\t\t\t<div class=\"elementor-widget-wrap\">\n\t\t\t\t\t\t<div class=\"elementor-element elementor-element-b909e51 elementor-widget elementor-widget-heading\" data-id=\"b909e51\" data-element_type=\"widget\" data-widget_type=\"heading.default\">\n\t\t\t\t<div class=\"elementor-widget-container\">\n\t\t\t<h1 class=\"elementor-heading-title elementor-size-default\">Vinos\ninternacionales<\/h1>\t\t<\/div>\n\t\t\t\t<\/div>\n\t\t\t\t<div class=\"elementor-element elementor-element-770475eb elementor-widget-divider--view-line elementor-widget elementor-widget-divider\" data-id=\"770475eb\" data-element_type=\"widget\" data-widget_type=\"divider.default\">\n\t\t\t\t<div class=\"elementor-widget-container\">\n\t\t\t\t\t<div class=\"elementor-divider\">\n\t\t\t<span class=\"elementor-divider-separator\">\n\t\t\t\t\t\t<\/span>\n\t\t<\/div>\n\t\t\t\t<\/div>\n\t\t\t\t<\/div>\n\t\t\t\t<div class=\"elementor-element elementor-element-3abbc6b4 elementor-widget elementor-widget-heading\" data-id=\"3abbc6b4\" data-element_type=\"widget\" data-widget_type=\"heading.default\">\n\t\t\t\t<div class=\"elementor-widget-container\">\n\t\t\t<h2 class=\"elementor-heading-title elementor-size-default\">LANCERS<\/h2>\t\t<\/div>\n\t\t\t\t<\/div>\n\t\t\t\t<div class=\"elementor-element elementor-element-2237c8c9 elementor-widget elementor-widget-heading\" data-id=\"2237c8c9\" data-element_type=\"widget\" data-widget_type=\"heading.default\">\n\t\t\t\t<div class=\"elementor-widget-container\">\n\t\t\t<h3 class=\"elementor-heading-title elementor-size-default\">Ros\u00e9 Wine<\/h3>\t\t<\/div>\n\t\t\t\t<\/div>\n\t\t\t\t<div class=\"elementor-element elementor-element-7a81ba55 elementor-widget elementor-widget-text-editor\" data-id=\"7a81ba55\" data-element_type=\"widget\" data-widget_type=\"text-editor.default\">\n\t\t\t\t<div class=\"elementor-widget-container\">\n\t\t\t\t\t\t\t\t<div class=\"elementor-text-editor elementor-clearfix\">\n\t\t\t\t\t<strong>VARIEDADES DE UVA:<\/strong><br\/>\nSelecto coupage de diferentes variedades de uvas portuguesas.\t\t\t\t\t<\/div>\n\t\t\t\t\t\t<\/div>\n\t\t\t\t<\/div>\n\t\t\t\t<div class=\"elementor-element elementor-element-d6919da elementor-widget elementor-widget-text-editor\" data-id=\"d6919da\" data-element_type=\"widget\" data-widget_type=\"text-editor.default\">\n\t\t\t\t<div class=\"elementor-widget-container\">\n\t\t\t\t\t\t\t\t<div class=\"elementor-text-editor elementor-clearfix\">\n\t\t\t\t\t<strong>HISTORIA:<\/strong><br\/>\nLancers se lanz\u00f3 al mercado en 1944, despu\u00e9s de que Henry\nBehar visitara Europa con el objetivo de encontrar un vino rosado\nparticularmente atractivo para el paladar. Su b\u00fasqueda termin\u00f3\nen Portugal, en la regi\u00f3n de Palmela, en las famosas bodegas de\nJos\u00e9 Mar\u00eda da Fonseca. All\u00ed encontr\u00f3 el vino que hab\u00eda buscado:\nun rosado moderadamente dulce y espumoso. El vino se llam\u00f3\n\u201cLancers\u201d en homenaje a uno de los cuadros favoritos del Sr. Behar:\n\u201cLas Lanzas\u201d de Vel\u00e1zquez. Producido a partir de las mejores\nvariedades de uva portuguesa, el primer env\u00edo de Lancers llego a los\nEEUU a finales de 1944, distribuido por Vintages Wines.\t\t\t\t\t<\/div>\n\t\t\t\t\t\t<\/div>\n\t\t\t\t<\/div>\n\t\t\t\t\t\t<\/div>\n\t\t\t\t\t<\/div>\n\t\t<\/div>\n\t\t\t\t<div class=\"elementor-column elementor-col-33 elementor-top-column elementor-element elementor-element-53fb8494\" data-id=\"53fb8494\" data-element_type=\"column\">\n\t\t\t<div class=\"elementor-column-wrap elementor-element-populated\">\n\t\t\t\t\t\t\t<div class=\"elementor-widget-wrap\">\n\t\t\t\t\t\t<div class=\"elementor-element elementor-element-7444892b elementor-widget elementor-widget-image\" data-id=\"7444892b\" data-element_type=\"widget\" data-widget_type=\"image.default\">\n\t\t\t\t<div class=\"elementor-widget-container\">\n\t\t\t\t\t\t\t\t<div class=\"elementor-image\">\n\t\t\t\t\t\t\t\t\t\t\t\t<img loading=\"lazy\" decoding=\"async\" width=\"189\" height=\"580\" src=\"https:\/\/vinumnobile.com\/wp-content\/uploads\/2023\/03\/Lancers-botella-01b-RoseWine.png\" class=\"attachment-full size-full\" alt=\"\" \/>\t\t\t\t\t\t\t\t\t\t\t\t\t\t<\/div>\n\t\t\t\t\t\t<\/div>\n\t\t\t\t<\/div>\n\t\t\t\t\t\t<\/div>\n\t\t\t\t\t<\/div>\n\t\t<\/div>\n\t\t\t\t<div class=\"elementor-column elementor-col-33 elementor-top-column elementor-element elementor-element-46f906da\" data-id=\"46f906da\" data-element_type=\"column\">\n\t\t\t<div class=\"elementor-column-wrap elementor-element-populated\">\n\t\t\t\t\t\t\t<div class=\"elementor-widget-wrap\">\n\t\t\t\t\t\t<div class=\"elementor-element elementor-element-13494620 elementor-widget elementor-widget-text-editor\" data-id=\"13494620\" data-element_type=\"widget\" data-widget_type=\"text-editor.default\">\n\t\t\t\t<div class=\"elementor-widget-container\">\n\t\t\t\t\t\t\t\t<div class=\"elementor-text-editor elementor-clearfix\">\n\t\t\t\t\t<strong>GRADUACI\u00d3N:<\/strong><br\/>\n10%\t\t\t\t\t<\/div>\n\t\t\t\t\t\t<\/div>\n\t\t\t\t<\/div>\n\t\t\t\t<div class=\"elementor-element elementor-element-12edcdd1 elementor-widget elementor-widget-text-editor\" data-id=\"12edcdd1\" data-element_type=\"widget\" data-widget_type=\"text-editor.default\">\n\t\t\t\t<div class=\"elementor-widget-container\">\n\t\t\t\t\t\t\t\t<div class=\"elementor-text-editor elementor-clearfix\">\n\t\t\t\t\t<p><strong>CATA:<\/strong><br \/>Color rosa con toques anaranjados. Aroma a bayas rojas y frutas tropicales. De sabor afrutado con final dulce y ligeramente espumoso cun un final medio. Servir solo o con cualquier tipo de comida. Lancers combina muy bien con comidas ligeras, platos italianos, orientales e incluso la picante comida mexicana. Debe servirse muy fr\u00edo, a una temperatura de 5\u00b0 C.<\/p>\t\t\t\t\t<\/div>\n\t\t\t\t\t\t<\/div>\n\t\t\t\t<\/div>\n\t\t\t\t<div class=\"elementor-element elementor-element-6665f29d elementor-align-center elementor-widget elementor-widget-button\" data-id=\"6665f29d\" data-element_type=\"widget\" data-widget_type=\"button.default\">\n\t\t\t\t<div class=\"elementor-widget-container\">\n\t\t\t\t\t<div class=\"elementor-button-wrapper\">\n\t\t\t<a href=\"https:\/\/vinumnobile.com\/wp-content\/uploads\/2023\/03\/Lancers-ficha-01-RoseWine.pdf\" target=\"_blank\" class=\"elementor-button-link elementor-button elementor-size-sm\" role=\"button\">\n\t\t\t\t\t\t<span class=\"elementor-button-content-wrapper\">\n\t\t\t\t\t\t<span class=\"elementor-button-text\">DESCARGAR FICHA PDF<\/span>\n\t\t<\/span>\n\t\t\t\t\t<\/a>\n\t\t<\/div>\n\t\t\t\t<\/div>\n\t\t\t\t<\/div>\n\t\t\t\t\t\t<\/div>\n\t\t\t\t\t<\/div>\n\t\t<\/div>\n\t\t\t\t\t\t\t\t<\/div>\n\t\t\t\t\t<\/div>\n\t\t<\/section>\n\t\t\t\t\t\t<\/div>\n\t\t\t\t\t\t<\/div>\n\t\t\t\t\t<\/div>\n\t\t","protected":false},"excerpt":{"rendered":"<p>Vinos internacionales LANCERS Ros\u00e9 Wine VARIEDADES DE UVA: Selecto coupage de diferentes variedades de uvas portuguesas.HISTORIA: Lancers se lanz\u00f3 al mercado en 1944, despu\u00e9s de que Henry Behar visitara Europa con el objetivo de encontrar un vino rosado particularmente atractivo para el paladar. Su b\u00fasqueda termin\u00f3 en Portugal, en la regi\u00f3n de Palmela, en las [&hellip;]<\/p>\n","protected":false},"author":1,"featured_media":0,"parent":2592,"menu_order":0,"comment_status":"closed","ping_status":"closed","template":"elementor_header_footer","meta":{"footnotes":""},"class_list":["post-2644","page","type-page","status-publish","hentry"],"_links":{"self":[{"href":"https:\/\/vinumnobile.com\/index.php\/wp-json\/wp\/v2\/pages\/2644","targetHints":{"allow":["GET"]}}],"collection":[{"href":"https:\/\/vinumnobile.com\/index.php\/wp-json\/wp\/v2\/pages"}],"about":[{"href":"https:\/\/vinumnobile.com\/index.php\/wp-json\/wp\/v2\/types\/page"}],"author":[{"embeddable":true,"href":"https:\/\/vinumnobile.com\/index.php\/wp-json\/wp\/v2\/users\/1"}],"replies":[{"embeddable":true,"href":"https:\/\/vinumnobile.com\/index.php\/wp-json\/wp\/v2\/comments?post=2644"}],"version-history":[{"count":13,"href":"https:\/\/vinumnobile.com\/index.php\/wp-json\/wp\/v2\/pages\/2644\/revisions"}],"predecessor-version":[{"id":4910,"href":"https:\/\/vinumnobile.com\/index.php\/wp-json\/wp\/v2\/pages\/2644\/revisions\/4910"}],"up":[{"embeddable":true,"href":"https:\/\/vinumnobile.com\/index.php\/wp-json\/wp\/v2\/pages\/2592"}],"wp:attachment":[{"href":"https:\/\/vinumnobile.com\/index.php\/wp-json\/wp\/v2\/media?parent=2644"}],"curies":[{"name":"wp","href":"https:\/\/api.w.org\/{rel}","templated":true}]}}