{"id":2623,"date":"2020-12-15T16:03:01","date_gmt":"2020-12-15T16:03:01","guid":{"rendered":"https:\/\/vinumnobile.com\/?page_id=2623"},"modified":"2023-03-15T08:14:31","modified_gmt":"2023-03-15T08:14:31","slug":"amor-de-deutz-rose","status":"publish","type":"page","link":"https:\/\/vinumnobile.com\/index.php\/vinos-internacionales\/internacionales-deutz\/amor-de-deutz-rose\/","title":{"rendered":"amor-de-deutz-rose"},"content":{"rendered":"\t\t<div data-elementor-type=\"wp-page\" data-elementor-id=\"2623\" class=\"elementor elementor-2623\" data-elementor-settings=\"[]\">\n\t\t\t\t\t\t<div class=\"elementor-inner\">\n\t\t\t\t\t\t\t<div class=\"elementor-section-wrap\">\n\t\t\t\t\t\t\t<section class=\"elementor-section elementor-top-section elementor-element elementor-element-614ba0d2 elementor-section-height-full elementor-section-items-top elementor-section-boxed elementor-section-height-default\" data-id=\"614ba0d2\" data-element_type=\"section\">\n\t\t\t\t\t\t<div class=\"elementor-container elementor-column-gap-default\">\n\t\t\t\t\t\t\t<div class=\"elementor-row\">\n\t\t\t\t\t<div class=\"elementor-column elementor-col-33 elementor-top-column elementor-element elementor-element-9f37c7d\" data-id=\"9f37c7d\" data-element_type=\"column\">\n\t\t\t<div class=\"elementor-column-wrap elementor-element-populated\">\n\t\t\t\t\t\t\t<div class=\"elementor-widget-wrap\">\n\t\t\t\t\t\t<div class=\"elementor-element elementor-element-52c11f92 elementor-widget elementor-widget-heading\" data-id=\"52c11f92\" data-element_type=\"widget\" data-widget_type=\"heading.default\">\n\t\t\t\t<div class=\"elementor-widget-container\">\n\t\t\t<h1 class=\"elementor-heading-title elementor-size-default\">Vinos\ninternacionales<\/h1>\t\t<\/div>\n\t\t\t\t<\/div>\n\t\t\t\t<div class=\"elementor-element elementor-element-4ef527c5 elementor-widget-divider--view-line elementor-widget elementor-widget-divider\" data-id=\"4ef527c5\" data-element_type=\"widget\" data-widget_type=\"divider.default\">\n\t\t\t\t<div class=\"elementor-widget-container\">\n\t\t\t\t\t<div class=\"elementor-divider\">\n\t\t\t<span class=\"elementor-divider-separator\">\n\t\t\t\t\t\t<\/span>\n\t\t<\/div>\n\t\t\t\t<\/div>\n\t\t\t\t<\/div>\n\t\t\t\t<div class=\"elementor-element elementor-element-7a1d18cc elementor-widget elementor-widget-heading\" data-id=\"7a1d18cc\" data-element_type=\"widget\" data-widget_type=\"heading.default\">\n\t\t\t\t<div class=\"elementor-widget-container\">\n\t\t\t<h2 class=\"elementor-heading-title elementor-size-default\">Champagne \/ DEUTZ<\/h2>\t\t<\/div>\n\t\t\t\t<\/div>\n\t\t\t\t<div class=\"elementor-element elementor-element-3963d6ac elementor-widget elementor-widget-heading\" data-id=\"3963d6ac\" data-element_type=\"widget\" data-widget_type=\"heading.default\">\n\t\t\t\t<div class=\"elementor-widget-container\">\n\t\t\t<h3 class=\"elementor-heading-title elementor-size-default\">Amour de Deutz Ros\u00e9<\/h3>\t\t<\/div>\n\t\t\t\t<\/div>\n\t\t\t\t<div class=\"elementor-element elementor-element-173ebc4f elementor-widget elementor-widget-text-editor\" data-id=\"173ebc4f\" data-element_type=\"widget\" data-widget_type=\"text-editor.default\">\n\t\t\t\t<div class=\"elementor-widget-container\">\n\t\t\t\t\t\t\t\t<div class=\"elementor-text-editor elementor-clearfix\">\n\t\t\t\t\t<p><strong>NOTAS DE CATA:<\/strong><br \/>El vino se viste de un suntuoso color rosa con reflejos cobrizos. Una elegante corona de burbujas le confiere un aspecto alegre, casi como si estuviera bailando. Es muy encantador en nariz, desarrollando aromas delicados de frutos rojos maduros, acompa\u00f1ados de notas sutiles de vainilla. En boca, el vino es seductor, exhibiendo gran complejidad sobre un fondo de notas de frutos rojos: fresas, grosellas\u2026 y de frutos negros como la grosella. El final, de textura aterciopelada y elegante, ofrece en un equilibrio entre potencia y frescura de alt\u00edsima categor\u00eda.<span class=\"Apple-converted-space\">\u00a0<\/span>Una cuv\u00e9e cargada de grandes promesas, al mejor estilo Deutz. Ocupa as\u00ed su merecido lugar en el \u201cTr\u00edo de Prestigio\u201d de la Casa Deutz, s\u00edmbolo de su originalidad.<\/p>\t\t\t\t\t<\/div>\n\t\t\t\t\t\t<\/div>\n\t\t\t\t<\/div>\n\t\t\t\t\t\t<\/div>\n\t\t\t\t\t<\/div>\n\t\t<\/div>\n\t\t\t\t<div class=\"elementor-column elementor-col-33 elementor-top-column elementor-element elementor-element-5f3e1b3d\" data-id=\"5f3e1b3d\" data-element_type=\"column\">\n\t\t\t<div class=\"elementor-column-wrap elementor-element-populated\">\n\t\t\t\t\t\t\t<div class=\"elementor-widget-wrap\">\n\t\t\t\t\t\t<div class=\"elementor-element elementor-element-b95340d elementor-widget elementor-widget-image\" data-id=\"b95340d\" data-element_type=\"widget\" data-widget_type=\"image.default\">\n\t\t\t\t<div class=\"elementor-widget-container\">\n\t\t\t\t\t\t\t\t<div class=\"elementor-image\">\n\t\t\t\t\t\t\t\t\t\t\t\t<img loading=\"lazy\" decoding=\"async\" width=\"169\" height=\"580\" src=\"https:\/\/vinumnobile.com\/wp-content\/uploads\/2023\/03\/Deutz-botella-06b-AmorDeDeutzRose.png\" class=\"attachment-full size-full\" alt=\"\" \/>\t\t\t\t\t\t\t\t\t\t\t\t\t\t<\/div>\n\t\t\t\t\t\t<\/div>\n\t\t\t\t<\/div>\n\t\t\t\t\t\t<\/div>\n\t\t\t\t\t<\/div>\n\t\t<\/div>\n\t\t\t\t<div class=\"elementor-column elementor-col-33 elementor-top-column elementor-element elementor-element-8ec97d4\" data-id=\"8ec97d4\" data-element_type=\"column\">\n\t\t\t<div class=\"elementor-column-wrap elementor-element-populated\">\n\t\t\t\t\t\t\t<div class=\"elementor-widget-wrap\">\n\t\t\t\t\t\t<div class=\"elementor-element elementor-element-5df4cdd4 elementor-widget elementor-widget-text-editor\" data-id=\"5df4cdd4\" data-element_type=\"widget\" data-widget_type=\"text-editor.default\">\n\t\t\t\t<div class=\"elementor-widget-container\">\n\t\t\t\t\t\t\t\t<div class=\"elementor-text-editor elementor-clearfix\">\n\t\t\t\t\t<p class=\"p2\"><span class=\"s3\"><b>COMPOSICI\u00d3N DE LA CUV\u00c9E<\/b><\/span><strong>:<br \/><\/strong>La cuv\u00e9e \u201cAmour de Deutz Ros\u00e9\u201d ha sido elaborada principalmente a partir de Pinot Noir (57%) de los terru\u00f1os de A\u00ff, Verzenay, Ambonnay y Bouzy, y de Chardonnay (43%) de los crus de Avize, Mesnil sur Oger, Chouilly y Villers-Marmery.<\/p>\t\t\t\t\t<\/div>\n\t\t\t\t\t\t<\/div>\n\t\t\t\t<\/div>\n\t\t\t\t<div class=\"elementor-element elementor-element-66eb3282 elementor-widget elementor-widget-text-editor\" data-id=\"66eb3282\" data-element_type=\"widget\" data-widget_type=\"text-editor.default\">\n\t\t\t\t<div class=\"elementor-widget-container\">\n\t\t\t\t\t\t\t\t<div class=\"elementor-text-editor elementor-clearfix\">\n\t\t\t\t\t<p><strong>MARIDAJE:<\/strong><br \/>La cuv\u00e9e \u201cAmour de Deutz Ros\u00e9\u201d sirve de c\u00f3mplice en todo momento de gran emoci\u00f3n. Es un aperitivo excepcional, pero tambi\u00e9n acompa\u00f1a maravillosamente una gran variedad de platos puros, delicados\u2026 \u00a1y hasta especiados! Marida a la perfecci\u00f3n con un bogavante al grill o con la carne fina y delicada de pescados como el salmonete de roca o el San Pedro. Puede acompa\u00f1ar igualmente, e incluso elevar a otro nivel, un carpaccio de buey Kobe o un delicado pich\u00f3n con cerezas.<\/p>\t\t\t\t\t<\/div>\n\t\t\t\t\t\t<\/div>\n\t\t\t\t<\/div>\n\t\t\t\t<div class=\"elementor-element elementor-element-2e762d19 elementor-align-center elementor-widget elementor-widget-button\" data-id=\"2e762d19\" data-element_type=\"widget\" data-widget_type=\"button.default\">\n\t\t\t\t<div class=\"elementor-widget-container\">\n\t\t\t\t\t<div class=\"elementor-button-wrapper\">\n\t\t\t<a href=\"https:\/\/vinumnobile.com\/wp-content\/uploads\/2023\/03\/Deutz-ficha-06-AmorDeDeutzRose.pdf\" target=\"_blank\" class=\"elementor-button-link elementor-button elementor-size-sm\" role=\"button\">\n\t\t\t\t\t\t<span class=\"elementor-button-content-wrapper\">\n\t\t\t\t\t\t<span class=\"elementor-button-text\">DESCARGAR FICHA PDF<\/span>\n\t\t<\/span>\n\t\t\t\t\t<\/a>\n\t\t<\/div>\n\t\t\t\t<\/div>\n\t\t\t\t<\/div>\n\t\t\t\t\t\t<\/div>\n\t\t\t\t\t<\/div>\n\t\t<\/div>\n\t\t\t\t\t\t\t\t<\/div>\n\t\t\t\t\t<\/div>\n\t\t<\/section>\n\t\t\t\t\t\t<\/div>\n\t\t\t\t\t\t<\/div>\n\t\t\t\t\t<\/div>\n\t\t","protected":false},"excerpt":{"rendered":"<p>Vinos internacionales Champagne \/ DEUTZ Amour de Deutz Ros\u00e9 NOTAS DE CATA:El vino se viste de un suntuoso color rosa con reflejos cobrizos. Una elegante corona de burbujas le confiere un aspecto alegre, casi como si estuviera bailando. Es muy encantador en nariz, desarrollando aromas delicados de frutos rojos maduros, acompa\u00f1ados de notas sutiles de [&hellip;]<\/p>\n","protected":false},"author":1,"featured_media":0,"parent":2588,"menu_order":0,"comment_status":"closed","ping_status":"closed","template":"elementor_header_footer","meta":{"footnotes":""},"class_list":["post-2623","page","type-page","status-publish","hentry"],"_links":{"self":[{"href":"https:\/\/vinumnobile.com\/index.php\/wp-json\/wp\/v2\/pages\/2623","targetHints":{"allow":["GET"]}}],"collection":[{"href":"https:\/\/vinumnobile.com\/index.php\/wp-json\/wp\/v2\/pages"}],"about":[{"href":"https:\/\/vinumnobile.com\/index.php\/wp-json\/wp\/v2\/types\/page"}],"author":[{"embeddable":true,"href":"https:\/\/vinumnobile.com\/index.php\/wp-json\/wp\/v2\/users\/1"}],"replies":[{"embeddable":true,"href":"https:\/\/vinumnobile.com\/index.php\/wp-json\/wp\/v2\/comments?post=2623"}],"version-history":[{"count":10,"href":"https:\/\/vinumnobile.com\/index.php\/wp-json\/wp\/v2\/pages\/2623\/revisions"}],"predecessor-version":[{"id":4849,"href":"https:\/\/vinumnobile.com\/index.php\/wp-json\/wp\/v2\/pages\/2623\/revisions\/4849"}],"up":[{"embeddable":true,"href":"https:\/\/vinumnobile.com\/index.php\/wp-json\/wp\/v2\/pages\/2588"}],"wp:attachment":[{"href":"https:\/\/vinumnobile.com\/index.php\/wp-json\/wp\/v2\/media?parent=2623"}],"curies":[{"name":"wp","href":"https:\/\/api.w.org\/{rel}","templated":true}]}}