{"id":2621,"date":"2020-12-15T16:02:45","date_gmt":"2020-12-15T16:02:45","guid":{"rendered":"https:\/\/vinumnobile.com\/?page_id=2621"},"modified":"2023-03-15T08:07:38","modified_gmt":"2023-03-15T08:07:38","slug":"amor-de-deutz","status":"publish","type":"page","link":"https:\/\/vinumnobile.com\/index.php\/vinos-internacionales\/internacionales-deutz\/amor-de-deutz\/","title":{"rendered":"amor-de-deutz"},"content":{"rendered":"\t\t<div data-elementor-type=\"wp-page\" data-elementor-id=\"2621\" class=\"elementor elementor-2621\" data-elementor-settings=\"[]\">\n\t\t\t\t\t\t<div class=\"elementor-inner\">\n\t\t\t\t\t\t\t<div class=\"elementor-section-wrap\">\n\t\t\t\t\t\t\t<section class=\"elementor-section elementor-top-section elementor-element elementor-element-2c129331 elementor-section-height-full elementor-section-items-top elementor-section-boxed elementor-section-height-default\" data-id=\"2c129331\" data-element_type=\"section\">\n\t\t\t\t\t\t<div class=\"elementor-container elementor-column-gap-default\">\n\t\t\t\t\t\t\t<div class=\"elementor-row\">\n\t\t\t\t\t<div class=\"elementor-column elementor-col-33 elementor-top-column elementor-element elementor-element-cd295f9\" data-id=\"cd295f9\" data-element_type=\"column\">\n\t\t\t<div class=\"elementor-column-wrap elementor-element-populated\">\n\t\t\t\t\t\t\t<div class=\"elementor-widget-wrap\">\n\t\t\t\t\t\t<div class=\"elementor-element elementor-element-5afa31a elementor-widget elementor-widget-heading\" data-id=\"5afa31a\" data-element_type=\"widget\" data-widget_type=\"heading.default\">\n\t\t\t\t<div class=\"elementor-widget-container\">\n\t\t\t<h1 class=\"elementor-heading-title elementor-size-default\">Vinos\ninternacionales<\/h1>\t\t<\/div>\n\t\t\t\t<\/div>\n\t\t\t\t<div class=\"elementor-element elementor-element-73c5e730 elementor-widget-divider--view-line elementor-widget elementor-widget-divider\" data-id=\"73c5e730\" data-element_type=\"widget\" data-widget_type=\"divider.default\">\n\t\t\t\t<div class=\"elementor-widget-container\">\n\t\t\t\t\t<div class=\"elementor-divider\">\n\t\t\t<span class=\"elementor-divider-separator\">\n\t\t\t\t\t\t<\/span>\n\t\t<\/div>\n\t\t\t\t<\/div>\n\t\t\t\t<\/div>\n\t\t\t\t<div class=\"elementor-element elementor-element-2087028d elementor-widget elementor-widget-heading\" data-id=\"2087028d\" data-element_type=\"widget\" data-widget_type=\"heading.default\">\n\t\t\t\t<div class=\"elementor-widget-container\">\n\t\t\t<h2 class=\"elementor-heading-title elementor-size-default\">Champagne \/ DEUTZ<\/h2>\t\t<\/div>\n\t\t\t\t<\/div>\n\t\t\t\t<div class=\"elementor-element elementor-element-2836ac29 elementor-widget elementor-widget-heading\" data-id=\"2836ac29\" data-element_type=\"widget\" data-widget_type=\"heading.default\">\n\t\t\t\t<div class=\"elementor-widget-container\">\n\t\t\t<h3 class=\"elementor-heading-title elementor-size-default\">Amour de Deutz<\/h3>\t\t<\/div>\n\t\t\t\t<\/div>\n\t\t\t\t<div class=\"elementor-element elementor-element-30a4806d elementor-widget elementor-widget-text-editor\" data-id=\"30a4806d\" data-element_type=\"widget\" data-widget_type=\"text-editor.default\">\n\t\t\t\t<div class=\"elementor-widget-container\">\n\t\t\t\t\t\t\t\t<div class=\"elementor-text-editor elementor-clearfix\">\n\t\t\t\t\t<strong>NOTAS DE CATA:<\/strong>\n<br>A la vista, el vino seduce por su bonito color oro cristalino, delicadamente sostenido por un sutil cord\u00f3n de espuma y una efervescencia untuosa.\nEn nariz, Amour de Deutz expresa una intensidad rica y compleja. Los aromas profundos y distintivos revelan notas de frutas de hueso: albaricoque, melocot\u00f3n\u2026 acompa\u00f1adas de sutiles notas de pasteler\u00eda, casi de \u201ctarta Tatin\u201d.<span class=\"Apple-converted-space\">\u00a0<\/span>\nLa entrada en boca es viva y amplia. El vino envuelve el paladar en un encaje aterciopelado realzado por una bonita persistencia arom\u00e1tica. Se confirman los aromas percibidos en la fase olfativa con un final sedoso que se prolonga sobre una fina nota de mantequilla fresca.<span class=\"Apple-converted-space\">\u00a0<\/span>En la cata, la relativa juventud de la a\u00f1ada pone en evidencia un gran potencial de evoluci\u00f3n y de guarda.<span class=\"Apple-converted-space\">\u00a0<\/span>\t\t\t\t\t<\/div>\n\t\t\t\t\t\t<\/div>\n\t\t\t\t<\/div>\n\t\t\t\t\t\t<\/div>\n\t\t\t\t\t<\/div>\n\t\t<\/div>\n\t\t\t\t<div class=\"elementor-column elementor-col-33 elementor-top-column elementor-element elementor-element-7d1b9484\" data-id=\"7d1b9484\" data-element_type=\"column\">\n\t\t\t<div class=\"elementor-column-wrap elementor-element-populated\">\n\t\t\t\t\t\t\t<div class=\"elementor-widget-wrap\">\n\t\t\t\t\t\t<div class=\"elementor-element elementor-element-3a6113f6 elementor-widget elementor-widget-image\" data-id=\"3a6113f6\" data-element_type=\"widget\" data-widget_type=\"image.default\">\n\t\t\t\t<div class=\"elementor-widget-container\">\n\t\t\t\t\t\t\t\t<div class=\"elementor-image\">\n\t\t\t\t\t\t\t\t\t\t\t\t<img loading=\"lazy\" decoding=\"async\" width=\"167\" height=\"580\" src=\"https:\/\/vinumnobile.com\/wp-content\/uploads\/2020\/12\/Deutz-botella-05b-AmorDeDeutz.png\" class=\"attachment-full size-full\" alt=\"\" \/>\t\t\t\t\t\t\t\t\t\t\t\t\t\t<\/div>\n\t\t\t\t\t\t<\/div>\n\t\t\t\t<\/div>\n\t\t\t\t\t\t<\/div>\n\t\t\t\t\t<\/div>\n\t\t<\/div>\n\t\t\t\t<div class=\"elementor-column elementor-col-33 elementor-top-column elementor-element elementor-element-784f2a46\" data-id=\"784f2a46\" data-element_type=\"column\">\n\t\t\t<div class=\"elementor-column-wrap elementor-element-populated\">\n\t\t\t\t\t\t\t<div class=\"elementor-widget-wrap\">\n\t\t\t\t\t\t<div class=\"elementor-element elementor-element-4997d1df elementor-widget elementor-widget-text-editor\" data-id=\"4997d1df\" data-element_type=\"widget\" data-widget_type=\"text-editor.default\">\n\t\t\t\t<div class=\"elementor-widget-container\">\n\t\t\t\t\t\t\t\t<div class=\"elementor-text-editor elementor-clearfix\">\n\t\t\t\t\t<p class=\"p2\"><span class=\"s3\"><b>COMPOSICI\u00d3N DEL VINO<\/b><\/span><strong>:<br \/><\/strong>Elaborado exclusivamente con uvas chardonnay procedentes de los grandes terru\u00f1os de Avize (50 %), Mesnil-sur-Oger (15%), Oger (12%), Villeneuve (11%), Vertus (aprox. 6 %) y Villers-Marmery (6%).<\/p>\t\t\t\t\t<\/div>\n\t\t\t\t\t\t<\/div>\n\t\t\t\t<\/div>\n\t\t\t\t<div class=\"elementor-element elementor-element-2d3e1461 elementor-widget elementor-widget-text-editor\" data-id=\"2d3e1461\" data-element_type=\"widget\" data-widget_type=\"text-editor.default\">\n\t\t\t\t<div class=\"elementor-widget-container\">\n\t\t\t\t\t\t\t\t<div class=\"elementor-text-editor elementor-clearfix\">\n\t\t\t\t\t<p><strong>MARIDAJE:<\/strong><br \/>El vino \u00abAmour de Deutz\u00bb constituye un aperitivo excepcional.<span class=\"Apple-converted-space\">\u00a0<\/span>A los \u00abgrandes blancos\u00bb les encanta ir escoltados de caviar, sushi, sashimi o carpaccios de at\u00fan.<span class=\"Apple-converted-space\">\u00a0<\/span>La estructura de esta a\u00f1ada permitir\u00e1 muchas otras combinaciones<span class=\"Apple-converted-space\">\u00a0<\/span>gastron\u00f3micas de \u00e9xito; desde un bogavante, por ejemplo, hasta platos con una textura y una composici\u00f3n arom\u00e1tica m\u00e1s compleja.<\/p>\t\t\t\t\t<\/div>\n\t\t\t\t\t\t<\/div>\n\t\t\t\t<\/div>\n\t\t\t\t<div class=\"elementor-element elementor-element-6164b000 elementor-align-center elementor-widget elementor-widget-button\" data-id=\"6164b000\" data-element_type=\"widget\" data-widget_type=\"button.default\">\n\t\t\t\t<div class=\"elementor-widget-container\">\n\t\t\t\t\t<div class=\"elementor-button-wrapper\">\n\t\t\t<a href=\"https:\/\/vinumnobile.com\/wp-content\/uploads\/2023\/03\/Deutz-ficha-05-AmorDeDeutz.pdf\" target=\"_blank\" class=\"elementor-button-link elementor-button elementor-size-sm\" role=\"button\">\n\t\t\t\t\t\t<span class=\"elementor-button-content-wrapper\">\n\t\t\t\t\t\t<span class=\"elementor-button-text\">DESCARGAR FICHA PDF<\/span>\n\t\t<\/span>\n\t\t\t\t\t<\/a>\n\t\t<\/div>\n\t\t\t\t<\/div>\n\t\t\t\t<\/div>\n\t\t\t\t\t\t<\/div>\n\t\t\t\t\t<\/div>\n\t\t<\/div>\n\t\t\t\t\t\t\t\t<\/div>\n\t\t\t\t\t<\/div>\n\t\t<\/section>\n\t\t\t\t\t\t<\/div>\n\t\t\t\t\t\t<\/div>\n\t\t\t\t\t<\/div>\n\t\t","protected":false},"excerpt":{"rendered":"<p>Vinos internacionales Champagne \/ DEUTZ Amour de Deutz NOTAS DE CATA: A la vista, el vino seduce por su bonito color oro cristalino, delicadamente sostenido por un sutil cord\u00f3n de espuma y una efervescencia untuosa. En nariz, Amour de Deutz expresa una intensidad rica y compleja. Los aromas profundos y distintivos revelan notas de frutas [&hellip;]<\/p>\n","protected":false},"author":1,"featured_media":0,"parent":2588,"menu_order":0,"comment_status":"closed","ping_status":"closed","template":"elementor_header_footer","meta":{"footnotes":""},"class_list":["post-2621","page","type-page","status-publish","hentry"],"_links":{"self":[{"href":"https:\/\/vinumnobile.com\/index.php\/wp-json\/wp\/v2\/pages\/2621","targetHints":{"allow":["GET"]}}],"collection":[{"href":"https:\/\/vinumnobile.com\/index.php\/wp-json\/wp\/v2\/pages"}],"about":[{"href":"https:\/\/vinumnobile.com\/index.php\/wp-json\/wp\/v2\/types\/page"}],"author":[{"embeddable":true,"href":"https:\/\/vinumnobile.com\/index.php\/wp-json\/wp\/v2\/users\/1"}],"replies":[{"embeddable":true,"href":"https:\/\/vinumnobile.com\/index.php\/wp-json\/wp\/v2\/comments?post=2621"}],"version-history":[{"count":16,"href":"https:\/\/vinumnobile.com\/index.php\/wp-json\/wp\/v2\/pages\/2621\/revisions"}],"predecessor-version":[{"id":4842,"href":"https:\/\/vinumnobile.com\/index.php\/wp-json\/wp\/v2\/pages\/2621\/revisions\/4842"}],"up":[{"embeddable":true,"href":"https:\/\/vinumnobile.com\/index.php\/wp-json\/wp\/v2\/pages\/2588"}],"wp:attachment":[{"href":"https:\/\/vinumnobile.com\/index.php\/wp-json\/wp\/v2\/media?parent=2621"}],"curies":[{"name":"wp","href":"https:\/\/api.w.org\/{rel}","templated":true}]}}