{"id":2446,"date":"2020-12-15T12:16:39","date_gmt":"2020-12-15T12:16:39","guid":{"rendered":"https:\/\/vinumnobile.com\/?page_id=2446"},"modified":"2020-12-15T12:33:37","modified_gmt":"2020-12-15T12:33:37","slug":"vermouth-la-copa-extra-seco","status":"publish","type":"page","link":"https:\/\/vinumnobile.com\/index.php\/vermouth-gonzalez-byass\/vermouth-la-copa-extra-seco\/","title":{"rendered":"vermouth-la-copa-extra-seco"},"content":{"rendered":"\t\t<div data-elementor-type=\"wp-page\" data-elementor-id=\"2446\" class=\"elementor elementor-2446\" data-elementor-settings=\"[]\">\n\t\t\t\t\t\t<div class=\"elementor-inner\">\n\t\t\t\t\t\t\t<div class=\"elementor-section-wrap\">\n\t\t\t\t\t\t\t<section class=\"elementor-section elementor-top-section elementor-element elementor-element-31b4bf5d elementor-section-height-full elementor-section-items-top elementor-section-boxed elementor-section-height-default\" data-id=\"31b4bf5d\" data-element_type=\"section\">\n\t\t\t\t\t\t<div class=\"elementor-container elementor-column-gap-default\">\n\t\t\t\t\t\t\t<div class=\"elementor-row\">\n\t\t\t\t\t<div class=\"elementor-column elementor-col-33 elementor-top-column elementor-element elementor-element-3d74f813\" data-id=\"3d74f813\" data-element_type=\"column\">\n\t\t\t<div class=\"elementor-column-wrap elementor-element-populated\">\n\t\t\t\t\t\t\t<div class=\"elementor-widget-wrap\">\n\t\t\t\t\t\t<div class=\"elementor-element elementor-element-1be8c7fe elementor-widget elementor-widget-heading\" data-id=\"1be8c7fe\" data-element_type=\"widget\" data-widget_type=\"heading.default\">\n\t\t\t\t<div class=\"elementor-widget-container\">\n\t\t\t<h1 class=\"elementor-heading-title elementor-size-default\">Vermouth<\/h1>\t\t<\/div>\n\t\t\t\t<\/div>\n\t\t\t\t<div class=\"elementor-element elementor-element-32a612c7 elementor-widget-divider--view-line elementor-widget elementor-widget-divider\" data-id=\"32a612c7\" data-element_type=\"widget\" data-widget_type=\"divider.default\">\n\t\t\t\t<div class=\"elementor-widget-container\">\n\t\t\t\t\t<div class=\"elementor-divider\">\n\t\t\t<span class=\"elementor-divider-separator\">\n\t\t\t\t\t\t<\/span>\n\t\t<\/div>\n\t\t\t\t<\/div>\n\t\t\t\t<\/div>\n\t\t\t\t<div class=\"elementor-element elementor-element-49b78bcf elementor-widget elementor-widget-heading\" data-id=\"49b78bcf\" data-element_type=\"widget\" data-widget_type=\"heading.default\">\n\t\t\t\t<div class=\"elementor-widget-container\">\n\t\t\t<h2 class=\"elementor-heading-title elementor-size-default\">GONZ\u00c1LEZ BYASS<\/h2>\t\t<\/div>\n\t\t\t\t<\/div>\n\t\t\t\t<div class=\"elementor-element elementor-element-71764652 elementor-widget elementor-widget-heading\" data-id=\"71764652\" data-element_type=\"widget\" data-widget_type=\"heading.default\">\n\t\t\t\t<div class=\"elementor-widget-container\">\n\t\t\t<h3 class=\"elementor-heading-title elementor-size-default\">Vermouth La Copa Extra Seco<\/h3>\t\t<\/div>\n\t\t\t\t<\/div>\n\t\t\t\t<div class=\"elementor-element elementor-element-27b871d5 elementor-widget elementor-widget-text-editor\" data-id=\"27b871d5\" data-element_type=\"widget\" data-widget_type=\"text-editor.default\">\n\t\t\t\t<div class=\"elementor-widget-container\">\n\t\t\t\t\t\t\t\t<div class=\"elementor-text-editor elementor-clearfix\">\n\t\t\t\t\t<strong>GRADO ALCOH\u00d3LICO:<\/strong><br\/>\n15%\t\t\t\t\t<\/div>\n\t\t\t\t\t\t<\/div>\n\t\t\t\t<\/div>\n\t\t\t\t<div class=\"elementor-element elementor-element-e12fa0f elementor-widget elementor-widget-text-editor\" data-id=\"e12fa0f\" data-element_type=\"widget\" data-widget_type=\"text-editor.default\">\n\t\t\t\t<div class=\"elementor-widget-container\">\n\t\t\t\t\t\t\t\t<div class=\"elementor-text-editor elementor-clearfix\">\n\t\t\t\t\t<strong>HISTORIA:<\/strong><br\/>\nEn Gonz\u00e1lez Byass, las primeras referencias del vermouth datan\nde 1896. Los libros de inventario muestran la existencia de un\nvermouth entre los a\u00f1os 1896 y 1926. Primeramente en la secci\u00f3n\nde vinos importados y posteriormente, a partir de 1909, incluido en\nel negocio de embotellado de varias regiones. Vermouth La Copa se\nbasa en una receta y dise\u00f1o original recuperado de nuestros archivos\nhist\u00f3ricos que se remonta a 1906.\n\t\t\t\t\t<\/div>\n\t\t\t\t\t\t<\/div>\n\t\t\t\t<\/div>\n\t\t\t\t\t\t<\/div>\n\t\t\t\t\t<\/div>\n\t\t<\/div>\n\t\t\t\t<div class=\"elementor-column elementor-col-33 elementor-top-column elementor-element elementor-element-278383e0\" data-id=\"278383e0\" data-element_type=\"column\">\n\t\t\t<div class=\"elementor-column-wrap elementor-element-populated\">\n\t\t\t\t\t\t\t<div class=\"elementor-widget-wrap\">\n\t\t\t\t\t\t<div class=\"elementor-element elementor-element-369d7af elementor-widget elementor-widget-image\" data-id=\"369d7af\" data-element_type=\"widget\" data-widget_type=\"image.default\">\n\t\t\t\t<div class=\"elementor-widget-container\">\n\t\t\t\t\t\t\t\t<div class=\"elementor-image\">\n\t\t\t\t\t\t\t\t\t\t\t\t<img loading=\"lazy\" decoding=\"async\" width=\"144\" height=\"580\" src=\"https:\/\/vinumnobile.com\/wp-content\/uploads\/2020\/12\/GonzalezByass-botella-03b-VermoutLaCopaExtraSeco.png\" class=\"attachment-full size-full\" alt=\"\" \/>\t\t\t\t\t\t\t\t\t\t\t\t\t\t<\/div>\n\t\t\t\t\t\t<\/div>\n\t\t\t\t<\/div>\n\t\t\t\t\t\t<\/div>\n\t\t\t\t\t<\/div>\n\t\t<\/div>\n\t\t\t\t<div class=\"elementor-column elementor-col-33 elementor-top-column elementor-element elementor-element-f4a07b6\" data-id=\"f4a07b6\" data-element_type=\"column\">\n\t\t\t<div class=\"elementor-column-wrap elementor-element-populated\">\n\t\t\t\t\t\t\t<div class=\"elementor-widget-wrap\">\n\t\t\t\t\t\t<div class=\"elementor-element elementor-element-6c9f0567 elementor-widget elementor-widget-text-editor\" data-id=\"6c9f0567\" data-element_type=\"widget\" data-widget_type=\"text-editor.default\">\n\t\t\t\t<div class=\"elementor-widget-container\">\n\t\t\t\t\t\t\t\t<div class=\"elementor-text-editor elementor-clearfix\">\n\t\t\t\t\t<strong>ELABORACI\u00d3N:<\/strong><br\/>\nReceta hist\u00f3rica de 1896, del entonces llamado \u201cVermouth Franc\u00e9s\u201d,\nque todav\u00eda se conserva en el archivo hist\u00f3rico de Gonz\u00e1lez Byass.\nBase de Vino Fino de Jerez de marcado car\u00e1cter seco y final salino,\ncon maceraciones de c\u00edtricos y selecci\u00f3n de bot\u00e1nicos donde destaca\nla ajedrea, el clavo y la canela.\t\t\t\t\t<\/div>\n\t\t\t\t\t\t<\/div>\n\t\t\t\t<\/div>\n\t\t\t\t<div class=\"elementor-element elementor-element-6bd11ec elementor-widget elementor-widget-text-editor\" data-id=\"6bd11ec\" data-element_type=\"widget\" data-widget_type=\"text-editor.default\">\n\t\t\t\t<div class=\"elementor-widget-container\">\n\t\t\t\t\t\t\t\t<div class=\"elementor-text-editor elementor-clearfix\">\n\t\t\t\t\t<strong>CATA:<\/strong><br\/>\nVermouth Blanco Extra Seco a\u00f1ade frutos rojos para alcanzar notas\nbals\u00e1micas de largo postgusto. Ideal para la cocteler\u00eda moderna y\npara los grandes c\u00f3cteles cl\u00e1sicos atemporales.\t\t\t\t\t<\/div>\n\t\t\t\t\t\t<\/div>\n\t\t\t\t<\/div>\n\t\t\t\t<div class=\"elementor-element elementor-element-1932d260 elementor-align-center elementor-widget elementor-widget-button\" data-id=\"1932d260\" data-element_type=\"widget\" data-widget_type=\"button.default\">\n\t\t\t\t<div class=\"elementor-widget-container\">\n\t\t\t\t\t<div class=\"elementor-button-wrapper\">\n\t\t\t<a href=\"https:\/\/vinumnobile.com\/wp-content\/uploads\/2020\/12\/GonzalezByasVermouth-ficha-03-VermoutLaCopaExtraSeco.pdf\" target=\"_blank\" class=\"elementor-button-link elementor-button elementor-size-sm\" role=\"button\">\n\t\t\t\t\t\t<span class=\"elementor-button-content-wrapper\">\n\t\t\t\t\t\t<span class=\"elementor-button-text\">DESCARGAR FICHA PDF<\/span>\n\t\t<\/span>\n\t\t\t\t\t<\/a>\n\t\t<\/div>\n\t\t\t\t<\/div>\n\t\t\t\t<\/div>\n\t\t\t\t\t\t<\/div>\n\t\t\t\t\t<\/div>\n\t\t<\/div>\n\t\t\t\t\t\t\t\t<\/div>\n\t\t\t\t\t<\/div>\n\t\t<\/section>\n\t\t\t\t\t\t<\/div>\n\t\t\t\t\t\t<\/div>\n\t\t\t\t\t<\/div>\n\t\t","protected":false},"excerpt":{"rendered":"<p>Vermouth GONZ\u00c1LEZ BYASS Vermouth La Copa Extra Seco GRADO ALCOH\u00d3LICO: 15%HISTORIA: En Gonz\u00e1lez Byass, las primeras referencias del vermouth datan de 1896. Los libros de inventario muestran la existencia de un vermouth entre los a\u00f1os 1896 y 1926. Primeramente en la secci\u00f3n de vinos importados y posteriormente, a partir de 1909, incluido en el negocio [&hellip;]<\/p>\n","protected":false},"author":1,"featured_media":0,"parent":92,"menu_order":0,"comment_status":"closed","ping_status":"closed","template":"elementor_header_footer","meta":{"footnotes":""},"class_list":["post-2446","page","type-page","status-publish","hentry"],"_links":{"self":[{"href":"https:\/\/vinumnobile.com\/index.php\/wp-json\/wp\/v2\/pages\/2446","targetHints":{"allow":["GET"]}}],"collection":[{"href":"https:\/\/vinumnobile.com\/index.php\/wp-json\/wp\/v2\/pages"}],"about":[{"href":"https:\/\/vinumnobile.com\/index.php\/wp-json\/wp\/v2\/types\/page"}],"author":[{"embeddable":true,"href":"https:\/\/vinumnobile.com\/index.php\/wp-json\/wp\/v2\/users\/1"}],"replies":[{"embeddable":true,"href":"https:\/\/vinumnobile.com\/index.php\/wp-json\/wp\/v2\/comments?post=2446"}],"version-history":[{"count":4,"href":"https:\/\/vinumnobile.com\/index.php\/wp-json\/wp\/v2\/pages\/2446\/revisions"}],"predecessor-version":[{"id":2461,"href":"https:\/\/vinumnobile.com\/index.php\/wp-json\/wp\/v2\/pages\/2446\/revisions\/2461"}],"up":[{"embeddable":true,"href":"https:\/\/vinumnobile.com\/index.php\/wp-json\/wp\/v2\/pages\/92"}],"wp:attachment":[{"href":"https:\/\/vinumnobile.com\/index.php\/wp-json\/wp\/v2\/media?parent=2446"}],"curies":[{"name":"wp","href":"https:\/\/api.w.org\/{rel}","templated":true}]}}