{"id":2385,"date":"2020-12-15T11:36:15","date_gmt":"2020-12-15T11:36:15","guid":{"rendered":"https:\/\/vinumnobile.com\/?page_id=2385"},"modified":"2020-12-16T18:32:40","modified_gmt":"2020-12-16T18:32:40","slug":"xarello-castano-gran-reserva","status":"publish","type":"page","link":"https:\/\/vinumnobile.com\/index.php\/d-o-cava\/cava-vilarnau\/xarello-castano-gran-reserva\/","title":{"rendered":"xarello-castano-gran-reserva"},"content":{"rendered":"\t\t<div data-elementor-type=\"wp-page\" data-elementor-id=\"2385\" class=\"elementor elementor-2385\" data-elementor-settings=\"[]\">\n\t\t\t\t\t\t<div class=\"elementor-inner\">\n\t\t\t\t\t\t\t<div class=\"elementor-section-wrap\">\n\t\t\t\t\t\t\t<section class=\"elementor-section elementor-top-section elementor-element elementor-element-29d89f6f elementor-section-height-full elementor-section-items-top elementor-section-boxed elementor-section-height-default\" data-id=\"29d89f6f\" data-element_type=\"section\">\n\t\t\t\t\t\t<div class=\"elementor-container elementor-column-gap-default\">\n\t\t\t\t\t\t\t<div class=\"elementor-row\">\n\t\t\t\t\t<div class=\"elementor-column elementor-col-33 elementor-top-column elementor-element elementor-element-479f7ce2\" data-id=\"479f7ce2\" data-element_type=\"column\">\n\t\t\t<div class=\"elementor-column-wrap elementor-element-populated\">\n\t\t\t\t\t\t\t<div class=\"elementor-widget-wrap\">\n\t\t\t\t\t\t<div class=\"elementor-element elementor-element-23d63b8e elementor-widget elementor-widget-heading\" data-id=\"23d63b8e\" data-element_type=\"widget\" data-widget_type=\"heading.default\">\n\t\t\t\t<div class=\"elementor-widget-container\">\n\t\t\t<h1 class=\"elementor-heading-title elementor-size-default\">D.O. Cava<\/h1>\t\t<\/div>\n\t\t\t\t<\/div>\n\t\t\t\t<div class=\"elementor-element elementor-element-5f8c6414 elementor-widget-divider--view-line elementor-widget elementor-widget-divider\" data-id=\"5f8c6414\" data-element_type=\"widget\" data-widget_type=\"divider.default\">\n\t\t\t\t<div class=\"elementor-widget-container\">\n\t\t\t\t\t<div class=\"elementor-divider\">\n\t\t\t<span class=\"elementor-divider-separator\">\n\t\t\t\t\t\t<\/span>\n\t\t<\/div>\n\t\t\t\t<\/div>\n\t\t\t\t<\/div>\n\t\t\t\t<div class=\"elementor-element elementor-element-2f36cd2b elementor-widget elementor-widget-heading\" data-id=\"2f36cd2b\" data-element_type=\"widget\" data-widget_type=\"heading.default\">\n\t\t\t\t<div class=\"elementor-widget-container\">\n\t\t\t<h2 class=\"elementor-heading-title elementor-size-default\">VILARNAU<\/h2>\t\t<\/div>\n\t\t\t\t<\/div>\n\t\t\t\t<div class=\"elementor-element elementor-element-684190ee elementor-widget elementor-widget-heading\" data-id=\"684190ee\" data-element_type=\"widget\" data-widget_type=\"heading.default\">\n\t\t\t\t<div class=\"elementor-widget-container\">\n\t\t\t<h3 class=\"elementor-heading-title elementor-size-default\">Xarel\u00b7lo Casta\u00f1o Gran Reserva<\/h3>\t\t<\/div>\n\t\t\t\t<\/div>\n\t\t\t\t<div class=\"elementor-element elementor-element-3b12e334 elementor-widget elementor-widget-text-editor\" data-id=\"3b12e334\" data-element_type=\"widget\" data-widget_type=\"text-editor.default\">\n\t\t\t\t<div class=\"elementor-widget-container\">\n\t\t\t\t\t\t\t\t<div class=\"elementor-text-editor elementor-clearfix\">\n\t\t\t\t\t<strong>VARIEDADES DE UVA:<\/strong><br\/>\nXarel\u00b7lo: 100%\t\t\t\t\t<\/div>\n\t\t\t\t\t\t<\/div>\n\t\t\t\t<\/div>\n\t\t\t\t<div class=\"elementor-element elementor-element-218015ba elementor-widget elementor-widget-text-editor\" data-id=\"218015ba\" data-element_type=\"widget\" data-widget_type=\"text-editor.default\">\n\t\t\t\t<div class=\"elementor-widget-container\">\n\t\t\t\t\t\t\t\t<div class=\"elementor-text-editor elementor-clearfix\">\n\t\t\t\t\t<strong>VI\u00d1EDO:<\/strong><br\/>\nLa hect\u00e1rea de Xarel\u00b7lo de la que proviene este vino est\u00e1 certificada\ndesde el 2007 como viticultura integrada y, desde el a\u00f1o 2016,\ncomo ecol\u00f3gica. Se trata de un vi\u00f1edo plantado en 1991 y situado\nen el paraje \u201cVilarnau d\u2019 Espiells\u201d, la zona m\u00e1s alta y m\u00e1s aireada del\nt\u00e9rmino municipal de Sant Sadurn\u00ed d\u2019Anoia.\t\t\t\t\t<\/div>\n\t\t\t\t\t\t<\/div>\n\t\t\t\t<\/div>\n\t\t\t\t\t\t<\/div>\n\t\t\t\t\t<\/div>\n\t\t<\/div>\n\t\t\t\t<div class=\"elementor-column elementor-col-33 elementor-top-column elementor-element elementor-element-72acb53d\" data-id=\"72acb53d\" data-element_type=\"column\">\n\t\t\t<div class=\"elementor-column-wrap elementor-element-populated\">\n\t\t\t\t\t\t\t<div class=\"elementor-widget-wrap\">\n\t\t\t\t\t\t<div class=\"elementor-element elementor-element-385a747d elementor-widget elementor-widget-image\" data-id=\"385a747d\" data-element_type=\"widget\" data-widget_type=\"image.default\">\n\t\t\t\t<div class=\"elementor-widget-container\">\n\t\t\t\t\t\t\t\t<div class=\"elementor-image\">\n\t\t\t\t\t\t\t\t\t\t\t\t<img loading=\"lazy\" decoding=\"async\" width=\"186\" height=\"580\" src=\"https:\/\/vinumnobile.com\/wp-content\/uploads\/2020\/12\/VilarnauCavasPremium-botella-02b-XarelloCastanoGranReserva.png\" class=\"attachment-full size-full\" alt=\"\" \/>\t\t\t\t\t\t\t\t\t\t\t\t\t\t<\/div>\n\t\t\t\t\t\t<\/div>\n\t\t\t\t<\/div>\n\t\t\t\t\t\t<\/div>\n\t\t\t\t\t<\/div>\n\t\t<\/div>\n\t\t\t\t<div class=\"elementor-column elementor-col-33 elementor-top-column elementor-element elementor-element-788534e5\" data-id=\"788534e5\" data-element_type=\"column\">\n\t\t\t<div class=\"elementor-column-wrap elementor-element-populated\">\n\t\t\t\t\t\t\t<div class=\"elementor-widget-wrap\">\n\t\t\t\t\t\t<div class=\"elementor-element elementor-element-770fa28 elementor-widget elementor-widget-text-editor\" data-id=\"770fa28\" data-element_type=\"widget\" data-widget_type=\"text-editor.default\">\n\t\t\t\t<div class=\"elementor-widget-container\">\n\t\t\t\t\t\t\t\t<div class=\"elementor-text-editor elementor-clearfix\">\n\t\t\t\t\t<strong>CATA:<\/strong><br\/>\nEn la fase visual presenta un color amarillo brillante con reflejos\ndorados, con burbujas que forman un rosario continuado de\nperlaje fino que acaban formando la corona. En nariz nos ofrece un\naroma complejo, tropical, con fondo bals\u00e1mico y ligeros tonos que\nrecuerdan la manzanilla y la crema inglesa.\nEn boca se manifiesta cremoso y untuoso, manteniendo un gran\nfrescor. Es un cava profundo con un postgusto que nos recuerda el\n\u201cmarr\u00f3n glac\u00e9\u201d o casta\u00f1as confitadas.\t\t\t\t\t<\/div>\n\t\t\t\t\t\t<\/div>\n\t\t\t\t<\/div>\n\t\t\t\t<div class=\"elementor-element elementor-element-c388c20 elementor-widget elementor-widget-text-editor\" data-id=\"c388c20\" data-element_type=\"widget\" data-widget_type=\"text-editor.default\">\n\t\t\t\t<div class=\"elementor-widget-container\">\n\t\t\t\t\t\t\t\t<div class=\"elementor-text-editor elementor-clearfix\">\n\t\t\t\t\t<strong>SERVICIO Y MARIDAJE:<\/strong><br\/>\nServir a temperatura de 6\u00b0-8\u00b0 C, es un cava con cuerpo y gran\ncomplejidad arom\u00e1tica.<br\/>\nIdeal para acompa\u00f1ar una comida de principio a fin.\t\t\t\t\t<\/div>\n\t\t\t\t\t\t<\/div>\n\t\t\t\t<\/div>\n\t\t\t\t<div class=\"elementor-element elementor-element-61487a01 elementor-align-center elementor-widget elementor-widget-button\" data-id=\"61487a01\" data-element_type=\"widget\" data-widget_type=\"button.default\">\n\t\t\t\t<div class=\"elementor-widget-container\">\n\t\t\t\t\t<div class=\"elementor-button-wrapper\">\n\t\t\t<a href=\"https:\/\/vinumnobile.com\/wp-content\/uploads\/2020\/12\/VilarnauCavasPremium-botella-02-XarelloCastanoGranReserva.pdf\" target=\"_blank\" class=\"elementor-button-link elementor-button elementor-size-sm\" role=\"button\">\n\t\t\t\t\t\t<span class=\"elementor-button-content-wrapper\">\n\t\t\t\t\t\t<span class=\"elementor-button-text\">DESCARGAR FICHA PDF<\/span>\n\t\t<\/span>\n\t\t\t\t\t<\/a>\n\t\t<\/div>\n\t\t\t\t<\/div>\n\t\t\t\t<\/div>\n\t\t\t\t\t\t<\/div>\n\t\t\t\t\t<\/div>\n\t\t<\/div>\n\t\t\t\t\t\t\t\t<\/div>\n\t\t\t\t\t<\/div>\n\t\t<\/section>\n\t\t\t\t\t\t<\/div>\n\t\t\t\t\t\t<\/div>\n\t\t\t\t\t<\/div>\n\t\t","protected":false},"excerpt":{"rendered":"<p>D.O. Cava VILARNAU Xarel\u00b7lo Casta\u00f1o Gran Reserva VARIEDADES DE UVA: Xarel\u00b7lo: 100%VI\u00d1EDO: La hect\u00e1rea de Xarel\u00b7lo de la que proviene este vino est\u00e1 certificada desde el 2007 como viticultura integrada y, desde el a\u00f1o 2016, como ecol\u00f3gica. Se trata de un vi\u00f1edo plantado en 1991 y situado en el paraje \u201cVilarnau d\u2019 Espiells\u201d, la zona [&hellip;]<\/p>\n","protected":false},"author":1,"featured_media":0,"parent":2323,"menu_order":0,"comment_status":"closed","ping_status":"closed","template":"elementor_header_footer","meta":{"footnotes":""},"class_list":["post-2385","page","type-page","status-publish","hentry"],"_links":{"self":[{"href":"https:\/\/vinumnobile.com\/index.php\/wp-json\/wp\/v2\/pages\/2385","targetHints":{"allow":["GET"]}}],"collection":[{"href":"https:\/\/vinumnobile.com\/index.php\/wp-json\/wp\/v2\/pages"}],"about":[{"href":"https:\/\/vinumnobile.com\/index.php\/wp-json\/wp\/v2\/types\/page"}],"author":[{"embeddable":true,"href":"https:\/\/vinumnobile.com\/index.php\/wp-json\/wp\/v2\/users\/1"}],"replies":[{"embeddable":true,"href":"https:\/\/vinumnobile.com\/index.php\/wp-json\/wp\/v2\/comments?post=2385"}],"version-history":[{"count":7,"href":"https:\/\/vinumnobile.com\/index.php\/wp-json\/wp\/v2\/pages\/2385\/revisions"}],"predecessor-version":[{"id":3524,"href":"https:\/\/vinumnobile.com\/index.php\/wp-json\/wp\/v2\/pages\/2385\/revisions\/3524"}],"up":[{"embeddable":true,"href":"https:\/\/vinumnobile.com\/index.php\/wp-json\/wp\/v2\/pages\/2323"}],"wp:attachment":[{"href":"https:\/\/vinumnobile.com\/index.php\/wp-json\/wp\/v2\/media?parent=2385"}],"curies":[{"name":"wp","href":"https:\/\/api.w.org\/{rel}","templated":true}]}}