{"id":2299,"date":"2020-12-15T10:01:39","date_gmt":"2020-12-15T10:01:39","guid":{"rendered":"https:\/\/vinumnobile.com\/?page_id=2299"},"modified":"2023-03-14T17:20:53","modified_gmt":"2023-03-14T17:20:53","slug":"tintilla-de-rota","status":"publish","type":"page","link":"https:\/\/vinumnobile.com\/index.php\/vinos-de-la-tierra-de-cadiz-finca-moncloa\/tintilla-de-rota\/","title":{"rendered":"tintilla-de-rota"},"content":{"rendered":"\t\t<div data-elementor-type=\"wp-page\" data-elementor-id=\"2299\" class=\"elementor elementor-2299\" data-elementor-settings=\"[]\">\n\t\t\t\t\t\t<div class=\"elementor-inner\">\n\t\t\t\t\t\t\t<div class=\"elementor-section-wrap\">\n\t\t\t\t\t\t\t<section class=\"elementor-section elementor-top-section elementor-element elementor-element-7d658828 elementor-section-height-min-height elementor-section-items-top elementor-section-boxed elementor-section-height-default\" data-id=\"7d658828\" data-element_type=\"section\">\n\t\t\t\t\t\t<div class=\"elementor-container elementor-column-gap-default\">\n\t\t\t\t\t\t\t<div class=\"elementor-row\">\n\t\t\t\t\t<div class=\"elementor-column elementor-col-33 elementor-top-column elementor-element elementor-element-315e84c6\" data-id=\"315e84c6\" data-element_type=\"column\">\n\t\t\t<div class=\"elementor-column-wrap elementor-element-populated\">\n\t\t\t\t\t\t\t<div class=\"elementor-widget-wrap\">\n\t\t\t\t\t\t<div class=\"elementor-element elementor-element-291a8149 elementor-widget elementor-widget-heading\" data-id=\"291a8149\" data-element_type=\"widget\" data-widget_type=\"heading.default\">\n\t\t\t\t<div class=\"elementor-widget-container\">\n\t\t\t<h1 class=\"elementor-heading-title elementor-size-default\">Vinos de la Tierra\nde Ca\u00b4diz<\/h1>\t\t<\/div>\n\t\t\t\t<\/div>\n\t\t\t\t<div class=\"elementor-element elementor-element-2271f2bc elementor-widget-divider--view-line elementor-widget elementor-widget-divider\" data-id=\"2271f2bc\" data-element_type=\"widget\" data-widget_type=\"divider.default\">\n\t\t\t\t<div class=\"elementor-widget-container\">\n\t\t\t\t\t<div class=\"elementor-divider\">\n\t\t\t<span class=\"elementor-divider-separator\">\n\t\t\t\t\t\t<\/span>\n\t\t<\/div>\n\t\t\t\t<\/div>\n\t\t\t\t<\/div>\n\t\t\t\t<div class=\"elementor-element elementor-element-17d2ffca elementor-widget elementor-widget-heading\" data-id=\"17d2ffca\" data-element_type=\"widget\" data-widget_type=\"heading.default\">\n\t\t\t\t<div class=\"elementor-widget-container\">\n\t\t\t<h2 class=\"elementor-heading-title elementor-size-default\">FINCA MONCLOA<\/h2>\t\t<\/div>\n\t\t\t\t<\/div>\n\t\t\t\t<div class=\"elementor-element elementor-element-ed7377 elementor-widget elementor-widget-heading\" data-id=\"ed7377\" data-element_type=\"widget\" data-widget_type=\"heading.default\">\n\t\t\t\t<div class=\"elementor-widget-container\">\n\t\t\t<h3 class=\"elementor-heading-title elementor-size-default\">Tintilla de Rota<\/h3>\t\t<\/div>\n\t\t\t\t<\/div>\n\t\t\t\t<div class=\"elementor-element elementor-element-36370b3b elementor-widget elementor-widget-text-editor\" data-id=\"36370b3b\" data-element_type=\"widget\" data-widget_type=\"text-editor.default\">\n\t\t\t\t<div class=\"elementor-widget-container\">\n\t\t\t\t\t\t\t\t<div class=\"elementor-text-editor elementor-clearfix\">\n\t\t\t\t\t<p><strong>VARIEDADES DE UVA:<\/strong><br \/>100% Tintilla de Rota.<span class=\"Apple-converted-space\">\u00a0<\/span><\/p>\t\t\t\t\t<\/div>\n\t\t\t\t\t\t<\/div>\n\t\t\t\t<\/div>\n\t\t\t\t<div class=\"elementor-element elementor-element-1f79c53e elementor-widget elementor-widget-text-editor\" data-id=\"1f79c53e\" data-element_type=\"widget\" data-widget_type=\"text-editor.default\">\n\t\t\t\t<div class=\"elementor-widget-container\">\n\t\t\t\t\t\t\t\t<div class=\"elementor-text-editor elementor-clearfix\">\n\t\t\t\t\t<p><strong>ELABORACI\u00d3N:<\/strong><br \/>La elaboraci\u00f3n del vino dulce natural a partir de la variedad Tintilla de Rota la llevamos a cabo de forma tradicional, dejando sobremadurar la uva en la cepa. Despu\u00e9s de la vendimia manual, los racimos se extienden sobre tiras de esparto y se someten al proceso de \u201casoleo\u201d durante varios d\u00edas, hasta alcanzar el grado de dulzor adecuado. Ya en la bodega, los granos de uva, una vez despalillados y estrujados, son sometidos a maceraci\u00f3n y fermentaci\u00f3n durante varios d\u00edas, hasta alcanzar entre 4 y 5 % de alcohol antes de ser prensados. Al mosto en fermentaci\u00f3n obtenido se le a\u00f1ade un 10% de alcohol v\u00ednico para parar la fermentaci\u00f3n. Despu\u00e9s de unos meses de reposo a baja temperatura en dep\u00f3sitos de acero inoxidable, el vino envejece durante 20 meses en barricas de roble franc\u00e9s antes de su embotellado.<\/p>\t\t\t\t\t<\/div>\n\t\t\t\t\t\t<\/div>\n\t\t\t\t<\/div>\n\t\t\t\t\t\t<\/div>\n\t\t\t\t\t<\/div>\n\t\t<\/div>\n\t\t\t\t<div class=\"elementor-column elementor-col-33 elementor-top-column elementor-element elementor-element-abbcea0\" data-id=\"abbcea0\" data-element_type=\"column\">\n\t\t\t<div class=\"elementor-column-wrap elementor-element-populated\">\n\t\t\t\t\t\t\t<div class=\"elementor-widget-wrap\">\n\t\t\t\t\t\t<div class=\"elementor-element elementor-element-79b7740a elementor-widget elementor-widget-image\" data-id=\"79b7740a\" data-element_type=\"widget\" data-widget_type=\"image.default\">\n\t\t\t\t<div class=\"elementor-widget-container\">\n\t\t\t\t\t\t\t\t<div class=\"elementor-image\">\n\t\t\t\t\t\t\t\t\t\t\t\t<img loading=\"lazy\" decoding=\"async\" width=\"342\" height=\"580\" src=\"https:\/\/vinumnobile.com\/wp-content\/uploads\/2023\/03\/FincaMoncloaTintillaDeRota-botella-01b-TintillaDeRota.png\" class=\"attachment-full size-full\" alt=\"\" \/>\t\t\t\t\t\t\t\t\t\t\t\t\t\t<\/div>\n\t\t\t\t\t\t<\/div>\n\t\t\t\t<\/div>\n\t\t\t\t\t\t<\/div>\n\t\t\t\t\t<\/div>\n\t\t<\/div>\n\t\t\t\t<div class=\"elementor-column elementor-col-33 elementor-top-column elementor-element elementor-element-1cfb98e0\" data-id=\"1cfb98e0\" data-element_type=\"column\">\n\t\t\t<div class=\"elementor-column-wrap elementor-element-populated\">\n\t\t\t\t\t\t\t<div class=\"elementor-widget-wrap\">\n\t\t\t\t\t\t<div class=\"elementor-element elementor-element-7f9aca49 elementor-widget elementor-widget-text-editor\" data-id=\"7f9aca49\" data-element_type=\"widget\" data-widget_type=\"text-editor.default\">\n\t\t\t\t<div class=\"elementor-widget-container\">\n\t\t\t\t\t\t\t\t<div class=\"elementor-text-editor elementor-clearfix\">\n\t\t\t\t\t<p class=\"p2\"><span class=\"s3\"><b>COMENTARIOS ENOL\u00d3GICOS<\/b><\/span><strong>:<\/strong><br \/>Tintilla de Rota Dulce ofrece un intenso color cereza muy oscuro, con ribete p\u00farpura y una l\u00e1grima densa y persistente. En nariz presenta intensos aromas a frutas negras muy maduras, vainilla, cacao y roble franc\u00e9s. En boca es sedoso, aterciopelado, persistente y con cuerpo, con suaves y elegantes taninos, y retrogusto a frutos rojos y negros, licor de cassis, caramelo, miel y finas notas de roble franc\u00e9s.<\/p>\t\t\t\t\t<\/div>\n\t\t\t\t\t\t<\/div>\n\t\t\t\t<\/div>\n\t\t\t\t<div class=\"elementor-element elementor-element-8b0d35a elementor-widget elementor-widget-text-editor\" data-id=\"8b0d35a\" data-element_type=\"widget\" data-widget_type=\"text-editor.default\">\n\t\t\t\t<div class=\"elementor-widget-container\">\n\t\t\t\t\t\t\t\t<div class=\"elementor-text-editor elementor-clearfix\">\n\t\t\t\t\t<p class=\"p2\"><span class=\"s3\"><b>SERVICIO Y MARIDAJE<\/b><\/span><strong>:<\/strong><br \/>Ideal con quesos, foie, postres y helado de chocolate.<\/p>\t\t\t\t\t<\/div>\n\t\t\t\t\t\t<\/div>\n\t\t\t\t<\/div>\n\t\t\t\t<div class=\"elementor-element elementor-element-49969450 elementor-align-center elementor-widget elementor-widget-button\" data-id=\"49969450\" data-element_type=\"widget\" data-widget_type=\"button.default\">\n\t\t\t\t<div class=\"elementor-widget-container\">\n\t\t\t\t\t<div class=\"elementor-button-wrapper\">\n\t\t\t<a href=\"https:\/\/vinumnobile.com\/wp-content\/uploads\/2023\/03\/FincaMoncloaTintillaDeRota-ficha-01-TintillaDeRota.pdf\" target=\"_blank\" class=\"elementor-button-link elementor-button elementor-size-sm\" role=\"button\">\n\t\t\t\t\t\t<span class=\"elementor-button-content-wrapper\">\n\t\t\t\t\t\t<span class=\"elementor-button-text\">DESCARGAR FICHA PDF<\/span>\n\t\t<\/span>\n\t\t\t\t\t<\/a>\n\t\t<\/div>\n\t\t\t\t<\/div>\n\t\t\t\t<\/div>\n\t\t\t\t\t\t<\/div>\n\t\t\t\t\t<\/div>\n\t\t<\/div>\n\t\t\t\t\t\t\t\t<\/div>\n\t\t\t\t\t<\/div>\n\t\t<\/section>\n\t\t\t\t\t\t<\/div>\n\t\t\t\t\t\t<\/div>\n\t\t\t\t\t<\/div>\n\t\t","protected":false},"excerpt":{"rendered":"<p>Vinos de la Tierra de Ca\u00b4diz FINCA MONCLOA Tintilla de Rota VARIEDADES DE UVA:100% Tintilla de Rota.\u00a0 ELABORACI\u00d3N:La elaboraci\u00f3n del vino dulce natural a partir de la variedad Tintilla de Rota la llevamos a cabo de forma tradicional, dejando sobremadurar la uva en la cepa. Despu\u00e9s de la vendimia manual, los racimos se extienden sobre [&hellip;]<\/p>\n","protected":false},"author":1,"featured_media":0,"parent":88,"menu_order":0,"comment_status":"closed","ping_status":"closed","template":"elementor_header_footer","meta":{"footnotes":""},"class_list":["post-2299","page","type-page","status-publish","hentry"],"_links":{"self":[{"href":"https:\/\/vinumnobile.com\/index.php\/wp-json\/wp\/v2\/pages\/2299","targetHints":{"allow":["GET"]}}],"collection":[{"href":"https:\/\/vinumnobile.com\/index.php\/wp-json\/wp\/v2\/pages"}],"about":[{"href":"https:\/\/vinumnobile.com\/index.php\/wp-json\/wp\/v2\/types\/page"}],"author":[{"embeddable":true,"href":"https:\/\/vinumnobile.com\/index.php\/wp-json\/wp\/v2\/users\/1"}],"replies":[{"embeddable":true,"href":"https:\/\/vinumnobile.com\/index.php\/wp-json\/wp\/v2\/comments?post=2299"}],"version-history":[{"count":10,"href":"https:\/\/vinumnobile.com\/index.php\/wp-json\/wp\/v2\/pages\/2299\/revisions"}],"predecessor-version":[{"id":4761,"href":"https:\/\/vinumnobile.com\/index.php\/wp-json\/wp\/v2\/pages\/2299\/revisions\/4761"}],"up":[{"embeddable":true,"href":"https:\/\/vinumnobile.com\/index.php\/wp-json\/wp\/v2\/pages\/88"}],"wp:attachment":[{"href":"https:\/\/vinumnobile.com\/index.php\/wp-json\/wp\/v2\/media?parent=2299"}],"curies":[{"name":"wp","href":"https:\/\/api.w.org\/{rel}","templated":true}]}}