{"id":2041,"date":"2020-12-14T12:53:44","date_gmt":"2020-12-14T12:53:44","guid":{"rendered":"https:\/\/vinumnobile.com\/?page_id=2041"},"modified":"2023-03-29T10:39:35","modified_gmt":"2023-03-29T10:39:35","slug":"8a-uvadoble","status":"publish","type":"page","link":"https:\/\/vinumnobile.com\/index.php\/d-o-navarra-ochoa\/8a-uvadoble\/","title":{"rendered":"8a-uvadoble"},"content":{"rendered":"\t\t<div data-elementor-type=\"wp-page\" data-elementor-id=\"2041\" class=\"elementor elementor-2041\" data-elementor-settings=\"[]\">\n\t\t\t\t\t\t<div class=\"elementor-inner\">\n\t\t\t\t\t\t\t<div class=\"elementor-section-wrap\">\n\t\t\t\t\t\t\t<section class=\"elementor-section elementor-top-section elementor-element elementor-element-52336230 elementor-section-height-min-height elementor-section-items-top elementor-section-boxed elementor-section-height-default\" data-id=\"52336230\" data-element_type=\"section\">\n\t\t\t\t\t\t<div class=\"elementor-container elementor-column-gap-default\">\n\t\t\t\t\t\t\t<div class=\"elementor-row\">\n\t\t\t\t\t<div class=\"elementor-column elementor-col-33 elementor-top-column elementor-element elementor-element-5840ffb3\" data-id=\"5840ffb3\" data-element_type=\"column\">\n\t\t\t<div class=\"elementor-column-wrap elementor-element-populated\">\n\t\t\t\t\t\t\t<div class=\"elementor-widget-wrap\">\n\t\t\t\t\t\t<div class=\"elementor-element elementor-element-67a6c288 elementor-widget elementor-widget-heading\" data-id=\"67a6c288\" data-element_type=\"widget\" data-widget_type=\"heading.default\">\n\t\t\t\t<div class=\"elementor-widget-container\">\n\t\t\t<h1 class=\"elementor-heading-title elementor-size-default\">D.O. Navarra<\/h1>\t\t<\/div>\n\t\t\t\t<\/div>\n\t\t\t\t<div class=\"elementor-element elementor-element-54574e1c elementor-widget-divider--view-line elementor-widget elementor-widget-divider\" data-id=\"54574e1c\" data-element_type=\"widget\" data-widget_type=\"divider.default\">\n\t\t\t\t<div class=\"elementor-widget-container\">\n\t\t\t\t\t<div class=\"elementor-divider\">\n\t\t\t<span class=\"elementor-divider-separator\">\n\t\t\t\t\t\t<\/span>\n\t\t<\/div>\n\t\t\t\t<\/div>\n\t\t\t\t<\/div>\n\t\t\t\t<div class=\"elementor-element elementor-element-fcab539 elementor-widget elementor-widget-heading\" data-id=\"fcab539\" data-element_type=\"widget\" data-widget_type=\"heading.default\">\n\t\t\t\t<div class=\"elementor-widget-container\">\n\t\t\t<h2 class=\"elementor-heading-title elementor-size-default\">OCHOA<\/h2>\t\t<\/div>\n\t\t\t\t<\/div>\n\t\t\t\t<div class=\"elementor-element elementor-element-544a39cf elementor-widget elementor-widget-heading\" data-id=\"544a39cf\" data-element_type=\"widget\" data-widget_type=\"heading.default\">\n\t\t\t\t<div class=\"elementor-widget-container\">\n\t\t\t<h3 class=\"elementor-heading-title elementor-size-default\">8A Uva-Doble<\/h3>\t\t<\/div>\n\t\t\t\t<\/div>\n\t\t\t\t<div class=\"elementor-element elementor-element-5f495278 elementor-widget elementor-widget-text-editor\" data-id=\"5f495278\" data-element_type=\"widget\" data-widget_type=\"text-editor.default\">\n\t\t\t\t<div class=\"elementor-widget-container\">\n\t\t\t\t\t\t\t\t<div class=\"elementor-text-editor elementor-clearfix\">\n\t\t\t\t\t<p><strong>VARIEDADES DE UVA:<br \/><\/strong>Viognier 100% Finca La Milla.<span class=\"Apple-converted-space\">\u00a0<\/span><\/p>\t\t\t\t\t<\/div>\n\t\t\t\t\t\t<\/div>\n\t\t\t\t<\/div>\n\t\t\t\t<div class=\"elementor-element elementor-element-0dd2166 elementor-widget elementor-widget-text-editor\" data-id=\"0dd2166\" data-element_type=\"widget\" data-widget_type=\"text-editor.default\">\n\t\t\t\t<div class=\"elementor-widget-container\">\n\t\t\t\t\t\t\t\t<div class=\"elementor-text-editor elementor-clearfix\">\n\t\t\t\t\t<strong>VI\u00d1EDO:<br\/>\n<\/strong>\nFinca La Milla.\t\t\t\t\t<\/div>\n\t\t\t\t\t\t<\/div>\n\t\t\t\t<\/div>\n\t\t\t\t<div class=\"elementor-element elementor-element-62eebfbe elementor-widget elementor-widget-text-editor\" data-id=\"62eebfbe\" data-element_type=\"widget\" data-widget_type=\"text-editor.default\">\n\t\t\t\t<div class=\"elementor-widget-container\">\n\t\t\t\t\t\t\t\t<div class=\"elementor-text-editor elementor-clearfix\">\n\t\t\t\t\t<p><strong>EL VINO:<br \/><\/strong>Este vino es la uni\u00f3n de las dos hermanas que regentan la bodega. Como dos uvas que forman un vino. Un blanco diferente, elaborado con la uva Viognier y que pasa por una crianza sobre<span class=\"Apple-converted-space\">\u00a0<\/span>l\u00edas de 6 meses, haciendo este vino largo en boca y muy gastron\u00f3mico. Por tanto el nombre Uva-Doble, dos uvas y dos hermanas con un objetivo com\u00fan: elaborar un blanco gastron\u00f3mico y largo en boca.<\/p>\t\t\t\t\t<\/div>\n\t\t\t\t\t\t<\/div>\n\t\t\t\t<\/div>\n\t\t\t\t\t\t<\/div>\n\t\t\t\t\t<\/div>\n\t\t<\/div>\n\t\t\t\t<div class=\"elementor-column elementor-col-33 elementor-top-column elementor-element elementor-element-3fdda053\" data-id=\"3fdda053\" data-element_type=\"column\">\n\t\t\t<div class=\"elementor-column-wrap elementor-element-populated\">\n\t\t\t\t\t\t\t<div class=\"elementor-widget-wrap\">\n\t\t\t\t\t\t<div class=\"elementor-element elementor-element-444a8608 elementor-widget elementor-widget-image\" data-id=\"444a8608\" data-element_type=\"widget\" data-widget_type=\"image.default\">\n\t\t\t\t<div class=\"elementor-widget-container\">\n\t\t\t\t\t\t\t\t<div class=\"elementor-image\">\n\t\t\t\t\t\t\t\t\t\t\t\t<img loading=\"lazy\" decoding=\"async\" width=\"155\" height=\"580\" src=\"https:\/\/vinumnobile.com\/wp-content\/uploads\/2023\/03\/OchoaAdrianaOchoa-botella-01b-8AUvadoble.png\" class=\"attachment-full size-full\" alt=\"\" \/>\t\t\t\t\t\t\t\t\t\t\t\t\t\t<\/div>\n\t\t\t\t\t\t<\/div>\n\t\t\t\t<\/div>\n\t\t\t\t\t\t<\/div>\n\t\t\t\t\t<\/div>\n\t\t<\/div>\n\t\t\t\t<div class=\"elementor-column elementor-col-33 elementor-top-column elementor-element elementor-element-15f6f160\" data-id=\"15f6f160\" data-element_type=\"column\">\n\t\t\t<div class=\"elementor-column-wrap elementor-element-populated\">\n\t\t\t\t\t\t\t<div class=\"elementor-widget-wrap\">\n\t\t\t\t\t\t<div class=\"elementor-element elementor-element-3d445e9 elementor-widget elementor-widget-text-editor\" data-id=\"3d445e9\" data-element_type=\"widget\" data-widget_type=\"text-editor.default\">\n\t\t\t\t<div class=\"elementor-widget-container\">\n\t\t\t\t\t\t\t\t<div class=\"elementor-text-editor elementor-clearfix\">\n\t\t\t\t\t<p class=\"p2\"><span class=\"s3\"><b>ELABORACI\u00d3N Y CRIANZA<\/b><\/span><strong>:<\/strong><br \/>Las uvas fermentan con levaduras propias de nuestro vi\u00f1edo en dep\u00f3sitos de acero inoxidable, tras su prensada. Posteriormente envejece durante 6 meses con las l\u00edas en ese dep\u00f3sito. Posteriormente pasa a ser embotellado. Evoluciona muy favorablemente en botella.<\/p>\t\t\t\t\t<\/div>\n\t\t\t\t\t\t<\/div>\n\t\t\t\t<\/div>\n\t\t\t\t<div class=\"elementor-element elementor-element-869cf7d elementor-widget elementor-widget-text-editor\" data-id=\"869cf7d\" data-element_type=\"widget\" data-widget_type=\"text-editor.default\">\n\t\t\t\t<div class=\"elementor-widget-container\">\n\t\t\t\t\t\t\t\t<div class=\"elementor-text-editor elementor-clearfix\">\n\t\t\t\t\t<p class=\"p2\"><span class=\"s2\"><b><span class=\"Apple-converted-space\">\u00a0<\/span><\/b><\/span><span class=\"s3\"><b>CATA Y MARIDAJE<\/b><\/span><strong>:<\/strong><br \/>Vino blanco con un color amarillo claro. En nariz y boca encontramos frutas de hueso (melocot\u00f3n, albaricoque), pera y aromas florales. Tiene un toque c\u00edtrico que aporta frescura al vino.<span class=\"Apple-converted-space\">\u00a0<\/span><br \/>Maridaje: pescado blanco, crust\u00e1ceos (mejillones, almejas, etc.), pasta y arroz. Carnes blancas a la plancha.<\/p>\t\t\t\t\t<\/div>\n\t\t\t\t\t\t<\/div>\n\t\t\t\t<\/div>\n\t\t\t\t<div class=\"elementor-element elementor-element-30b5baa0 elementor-align-center elementor-widget elementor-widget-button\" data-id=\"30b5baa0\" data-element_type=\"widget\" data-widget_type=\"button.default\">\n\t\t\t\t<div class=\"elementor-widget-container\">\n\t\t\t\t\t<div class=\"elementor-button-wrapper\">\n\t\t\t<a href=\"https:\/\/vinumnobile.com\/wp-content\/uploads\/2023\/03\/OchoaAdrianaOchoa-ficha-01-8AUvadoble.pdf\" target=\"_blank\" class=\"elementor-button-link elementor-button elementor-size-sm\" role=\"button\">\n\t\t\t\t\t\t<span class=\"elementor-button-content-wrapper\">\n\t\t\t\t\t\t<span class=\"elementor-button-text\">DESCARGAR FICHA PDF<\/span>\n\t\t<\/span>\n\t\t\t\t\t<\/a>\n\t\t<\/div>\n\t\t\t\t<\/div>\n\t\t\t\t<\/div>\n\t\t\t\t\t\t<\/div>\n\t\t\t\t\t<\/div>\n\t\t<\/div>\n\t\t\t\t\t\t\t\t<\/div>\n\t\t\t\t\t<\/div>\n\t\t<\/section>\n\t\t\t\t\t\t<\/div>\n\t\t\t\t\t\t<\/div>\n\t\t\t\t\t<\/div>\n\t\t","protected":false},"excerpt":{"rendered":"<p>D.O. Navarra OCHOA 8A Uva-Doble VARIEDADES DE UVA:Viognier 100% Finca La Milla.\u00a0 VI\u00d1EDO: Finca La Milla. EL VINO:Este vino es la uni\u00f3n de las dos hermanas que regentan la bodega. Como dos uvas que forman un vino. Un blanco diferente, elaborado con la uva Viognier y que pasa por una crianza sobre\u00a0l\u00edas de 6 meses, [&hellip;]<\/p>\n","protected":false},"author":1,"featured_media":0,"parent":79,"menu_order":0,"comment_status":"closed","ping_status":"closed","template":"elementor_header_footer","meta":{"footnotes":""},"class_list":["post-2041","page","type-page","status-publish","hentry"],"_links":{"self":[{"href":"https:\/\/vinumnobile.com\/index.php\/wp-json\/wp\/v2\/pages\/2041","targetHints":{"allow":["GET"]}}],"collection":[{"href":"https:\/\/vinumnobile.com\/index.php\/wp-json\/wp\/v2\/pages"}],"about":[{"href":"https:\/\/vinumnobile.com\/index.php\/wp-json\/wp\/v2\/types\/page"}],"author":[{"embeddable":true,"href":"https:\/\/vinumnobile.com\/index.php\/wp-json\/wp\/v2\/users\/1"}],"replies":[{"embeddable":true,"href":"https:\/\/vinumnobile.com\/index.php\/wp-json\/wp\/v2\/comments?post=2041"}],"version-history":[{"count":10,"href":"https:\/\/vinumnobile.com\/index.php\/wp-json\/wp\/v2\/pages\/2041\/revisions"}],"predecessor-version":[{"id":5497,"href":"https:\/\/vinumnobile.com\/index.php\/wp-json\/wp\/v2\/pages\/2041\/revisions\/5497"}],"up":[{"embeddable":true,"href":"https:\/\/vinumnobile.com\/index.php\/wp-json\/wp\/v2\/pages\/79"}],"wp:attachment":[{"href":"https:\/\/vinumnobile.com\/index.php\/wp-json\/wp\/v2\/media?parent=2041"}],"curies":[{"name":"wp","href":"https:\/\/api.w.org\/{rel}","templated":true}]}}