{"id":1759,"date":"2020-12-11T12:21:58","date_gmt":"2020-12-11T12:21:58","guid":{"rendered":"https:\/\/vinumnobile.com\/?page_id=1759"},"modified":"2023-03-14T12:19:36","modified_gmt":"2023-03-14T12:19:36","slug":"tio-pepe-en-rama","status":"publish","type":"page","link":"https:\/\/vinumnobile.com\/index.php\/d-o-jerez\/tio-pepe-en-rama\/","title":{"rendered":"tio-pepe-en-rama"},"content":{"rendered":"\t\t<div data-elementor-type=\"wp-page\" data-elementor-id=\"1759\" class=\"elementor elementor-1759\" data-elementor-settings=\"[]\">\n\t\t\t\t\t\t<div class=\"elementor-inner\">\n\t\t\t\t\t\t\t<div class=\"elementor-section-wrap\">\n\t\t\t\t\t\t\t<section class=\"elementor-section elementor-top-section elementor-element elementor-element-5f4114b3 elementor-section-height-full elementor-section-items-top elementor-section-boxed elementor-section-height-default\" data-id=\"5f4114b3\" data-element_type=\"section\">\n\t\t\t\t\t\t<div class=\"elementor-container elementor-column-gap-default\">\n\t\t\t\t\t\t\t<div class=\"elementor-row\">\n\t\t\t\t\t<div class=\"elementor-column elementor-col-33 elementor-top-column elementor-element elementor-element-51ab4808\" data-id=\"51ab4808\" data-element_type=\"column\">\n\t\t\t<div class=\"elementor-column-wrap elementor-element-populated\">\n\t\t\t\t\t\t\t<div class=\"elementor-widget-wrap\">\n\t\t\t\t\t\t<div class=\"elementor-element elementor-element-157e2392 elementor-widget elementor-widget-heading\" data-id=\"157e2392\" data-element_type=\"widget\" data-widget_type=\"heading.default\">\n\t\t\t\t<div class=\"elementor-widget-container\">\n\t\t\t<h1 class=\"elementor-heading-title elementor-size-default\">D.O. Jerez<\/h1>\t\t<\/div>\n\t\t\t\t<\/div>\n\t\t\t\t<div class=\"elementor-element elementor-element-540ea788 elementor-widget-divider--view-line elementor-widget elementor-widget-divider\" data-id=\"540ea788\" data-element_type=\"widget\" data-widget_type=\"divider.default\">\n\t\t\t\t<div class=\"elementor-widget-container\">\n\t\t\t\t\t<div class=\"elementor-divider\">\n\t\t\t<span class=\"elementor-divider-separator\">\n\t\t\t\t\t\t<\/span>\n\t\t<\/div>\n\t\t\t\t<\/div>\n\t\t\t\t<\/div>\n\t\t\t\t<div class=\"elementor-element elementor-element-78216c68 elementor-widget elementor-widget-heading\" data-id=\"78216c68\" data-element_type=\"widget\" data-widget_type=\"heading.default\">\n\t\t\t\t<div class=\"elementor-widget-container\">\n\t\t\t<h2 class=\"elementor-heading-title elementor-size-default\">GONZ\u00c1LEZ BYASS<\/h2>\t\t<\/div>\n\t\t\t\t<\/div>\n\t\t\t\t<div class=\"elementor-element elementor-element-45c58b6f elementor-widget elementor-widget-heading\" data-id=\"45c58b6f\" data-element_type=\"widget\" data-widget_type=\"heading.default\">\n\t\t\t\t<div class=\"elementor-widget-container\">\n\t\t\t<h3 class=\"elementor-heading-title elementor-size-default\">T\u00edo Pepe en Rama<\/h3>\t\t<\/div>\n\t\t\t\t<\/div>\n\t\t\t\t<div class=\"elementor-element elementor-element-6d4b3f50 elementor-widget elementor-widget-text-editor\" data-id=\"6d4b3f50\" data-element_type=\"widget\" data-widget_type=\"text-editor.default\">\n\t\t\t\t<div class=\"elementor-widget-container\">\n\t\t\t\t\t\t\t\t<div class=\"elementor-text-editor elementor-clearfix\">\n\t\t\t\t\t<strong>VARIEDADES DE UVA:<br\/>\n<\/strong>\nPalomino: 100%\n\t\t\t\t\t<\/div>\n\t\t\t\t\t\t<\/div>\n\t\t\t\t<\/div>\n\t\t\t\t<div class=\"elementor-element elementor-element-1c978d3d elementor-widget elementor-widget-text-editor\" data-id=\"1c978d3d\" data-element_type=\"widget\" data-widget_type=\"text-editor.default\">\n\t\t\t\t<div class=\"elementor-widget-container\">\n\t\t\t\t\t\t\t\t<div class=\"elementor-text-editor elementor-clearfix\">\n\t\t\t\t\t<strong>TIPO DE VINO:<br\/><\/strong>\nFino\t\t\t\t\t<\/div>\n\t\t\t\t\t\t<\/div>\n\t\t\t\t<\/div>\n\t\t\t\t<div class=\"elementor-element elementor-element-2f520663 elementor-widget elementor-widget-text-editor\" data-id=\"2f520663\" data-element_type=\"widget\" data-widget_type=\"text-editor.default\">\n\t\t\t\t<div class=\"elementor-widget-container\">\n\t\t\t\t\t\t\t\t<div class=\"elementor-text-editor elementor-clearfix\">\n\t\t\t\t\t<p class=\"p2\"><span class=\"s3\"><b>ELABORACI\u00d3N<\/b><\/span><strong>:<\/strong><br \/>Fino en Rama es T\u00edo Pepe sin clarificar ni filtrar, obtenido de la parte central de la bota durante la prima vera, momento en que la levadura de \u201cflor\u201d es m\u00e1s activ a. Elaborado en cantidades muy limitadas.<span class=\"Apple-converted-space\">\u00a0<\/span><\/p>\t\t\t\t\t<\/div>\n\t\t\t\t\t\t<\/div>\n\t\t\t\t<\/div>\n\t\t\t\t\t\t<\/div>\n\t\t\t\t\t<\/div>\n\t\t<\/div>\n\t\t\t\t<div class=\"elementor-column elementor-col-33 elementor-top-column elementor-element elementor-element-582663e5\" data-id=\"582663e5\" data-element_type=\"column\">\n\t\t\t<div class=\"elementor-column-wrap elementor-element-populated\">\n\t\t\t\t\t\t\t<div class=\"elementor-widget-wrap\">\n\t\t\t\t\t\t<div class=\"elementor-element elementor-element-1a5fb79 elementor-widget elementor-widget-image\" data-id=\"1a5fb79\" data-element_type=\"widget\" data-widget_type=\"image.default\">\n\t\t\t\t<div class=\"elementor-widget-container\">\n\t\t\t\t\t\t\t\t<div class=\"elementor-image\">\n\t\t\t\t\t\t\t\t\t\t\t\t<img loading=\"lazy\" decoding=\"async\" width=\"143\" height=\"580\" src=\"https:\/\/vinumnobile.com\/wp-content\/uploads\/2023\/03\/GonzalezByassEdicionesLimitadas-botella-05b-TioPepeEnRama.png\" class=\"attachment-full size-full\" alt=\"\" \/>\t\t\t\t\t\t\t\t\t\t\t\t\t\t<\/div>\n\t\t\t\t\t\t<\/div>\n\t\t\t\t<\/div>\n\t\t\t\t\t\t<\/div>\n\t\t\t\t\t<\/div>\n\t\t<\/div>\n\t\t\t\t<div class=\"elementor-column elementor-col-33 elementor-top-column elementor-element elementor-element-37eec050\" data-id=\"37eec050\" data-element_type=\"column\">\n\t\t\t<div class=\"elementor-column-wrap elementor-element-populated\">\n\t\t\t\t\t\t\t<div class=\"elementor-widget-wrap\">\n\t\t\t\t\t\t<div class=\"elementor-element elementor-element-2e0657aa elementor-widget elementor-widget-text-editor\" data-id=\"2e0657aa\" data-element_type=\"widget\" data-widget_type=\"text-editor.default\">\n\t\t\t\t<div class=\"elementor-widget-container\">\n\t\t\t\t\t\t\t\t<div class=\"elementor-text-editor elementor-clearfix\">\n\t\t\t\t\t<strong>ENVEJECIMIENTO:<br\/><\/strong>\n4 a\u00f1os de media en botas de roble americano, siguiendo el sistema\nde \u201ccriaderas y soleras\u201d.\n\t\t\t\t\t<\/div>\n\t\t\t\t\t\t<\/div>\n\t\t\t\t<\/div>\n\t\t\t\t<div class=\"elementor-element elementor-element-2c8b3aee elementor-widget elementor-widget-text-editor\" data-id=\"2c8b3aee\" data-element_type=\"widget\" data-widget_type=\"text-editor.default\">\n\t\t\t\t<div class=\"elementor-widget-container\">\n\t\t\t\t\t\t\t\t<div class=\"elementor-text-editor elementor-clearfix\">\n\t\t\t\t\t<p><strong>CATA:<\/strong><br \/>Color amarillo p\u00e1lido con reflejos dorados. Ligeramente velado debido a la flor en suspensi\u00f3n que nos habla de su embotellado \u201cEn Rama\u201d. Nariz compleja , muy punzante, potente velo de flor, tiza, almendras, lim\u00f3n, aromas a flores marchitas, salinos y minerales. Boca intensa, ligeramente cremosa, salada y muy s\u00e1pida. Su final es impresionante, rotundo y equilibrado, con notas yodadas, almendras tostadas, aldeh\u00eddos y flores secas. Posgusto redondo y envolvente que marca claramente su origen de tierra albariza matizada por la grandeza de la crianza biol\u00f3gica. Es la m\u00e1s pura definici\u00f3n de la vi\u00f1a y la bodega.<span class=\"Apple-converted-space\">\u00a0<\/span><\/p>\t\t\t\t\t<\/div>\n\t\t\t\t\t\t<\/div>\n\t\t\t\t<\/div>\n\t\t\t\t<div class=\"elementor-element elementor-element-56c911b9 elementor-align-center elementor-widget elementor-widget-button\" data-id=\"56c911b9\" data-element_type=\"widget\" data-widget_type=\"button.default\">\n\t\t\t\t<div class=\"elementor-widget-container\">\n\t\t\t\t\t<div class=\"elementor-button-wrapper\">\n\t\t\t<a href=\"https:\/\/vinumnobile.com\/wp-content\/uploads\/2023\/03\/GonzalezByassEdicionesLimitadas-ficha-05-TioPepeEnRama.pdf\" target=\"_blank\" class=\"elementor-button-link elementor-button elementor-size-sm\" role=\"button\">\n\t\t\t\t\t\t<span class=\"elementor-button-content-wrapper\">\n\t\t\t\t\t\t<span class=\"elementor-button-text\">DESCARGAR FICHA PDF<\/span>\n\t\t<\/span>\n\t\t\t\t\t<\/a>\n\t\t<\/div>\n\t\t\t\t<\/div>\n\t\t\t\t<\/div>\n\t\t\t\t\t\t<\/div>\n\t\t\t\t\t<\/div>\n\t\t<\/div>\n\t\t\t\t\t\t\t\t<\/div>\n\t\t\t\t\t<\/div>\n\t\t<\/section>\n\t\t\t\t\t\t<\/div>\n\t\t\t\t\t\t<\/div>\n\t\t\t\t\t<\/div>\n\t\t","protected":false},"excerpt":{"rendered":"<p>D.O. Jerez GONZ\u00c1LEZ BYASS T\u00edo Pepe en Rama VARIEDADES DE UVA: Palomino: 100% TIPO DE VINO: Fino ELABORACI\u00d3N:Fino en Rama es T\u00edo Pepe sin clarificar ni filtrar, obtenido de la parte central de la bota durante la prima vera, momento en que la levadura de \u201cflor\u201d es m\u00e1s activ a. Elaborado en cantidades muy limitadas.\u00a0 [&hellip;]<\/p>\n","protected":false},"author":1,"featured_media":0,"parent":75,"menu_order":0,"comment_status":"closed","ping_status":"closed","template":"elementor_header_footer","meta":{"footnotes":""},"class_list":["post-1759","page","type-page","status-publish","hentry"],"_links":{"self":[{"href":"https:\/\/vinumnobile.com\/index.php\/wp-json\/wp\/v2\/pages\/1759","targetHints":{"allow":["GET"]}}],"collection":[{"href":"https:\/\/vinumnobile.com\/index.php\/wp-json\/wp\/v2\/pages"}],"about":[{"href":"https:\/\/vinumnobile.com\/index.php\/wp-json\/wp\/v2\/types\/page"}],"author":[{"embeddable":true,"href":"https:\/\/vinumnobile.com\/index.php\/wp-json\/wp\/v2\/users\/1"}],"replies":[{"embeddable":true,"href":"https:\/\/vinumnobile.com\/index.php\/wp-json\/wp\/v2\/comments?post=1759"}],"version-history":[{"count":13,"href":"https:\/\/vinumnobile.com\/index.php\/wp-json\/wp\/v2\/pages\/1759\/revisions"}],"predecessor-version":[{"id":4616,"href":"https:\/\/vinumnobile.com\/index.php\/wp-json\/wp\/v2\/pages\/1759\/revisions\/4616"}],"up":[{"embeddable":true,"href":"https:\/\/vinumnobile.com\/index.php\/wp-json\/wp\/v2\/pages\/75"}],"wp:attachment":[{"href":"https:\/\/vinumnobile.com\/index.php\/wp-json\/wp\/v2\/media?parent=1759"}],"curies":[{"name":"wp","href":"https:\/\/api.w.org\/{rel}","templated":true}]}}