{"id":1315,"date":"2020-11-26T10:06:26","date_gmt":"2020-11-26T10:06:26","guid":{"rendered":"https:\/\/vinumnobile.com\/?page_id=1315"},"modified":"2023-03-14T10:23:51","modified_gmt":"2023-03-14T10:23:51","slug":"graciano","status":"publish","type":"page","link":"https:\/\/vinumnobile.com\/index.php\/d-o-ca-rioja\/rioja-beronia\/graciano\/","title":{"rendered":"graciano"},"content":{"rendered":"\t\t<div data-elementor-type=\"wp-page\" data-elementor-id=\"1315\" class=\"elementor elementor-1315\" data-elementor-settings=\"[]\">\n\t\t\t\t\t\t<div class=\"elementor-inner\">\n\t\t\t\t\t\t\t<div class=\"elementor-section-wrap\">\n\t\t\t\t\t\t\t<section class=\"elementor-section elementor-top-section elementor-element elementor-element-421432c8 elementor-section-height-min-height elementor-section-items-top elementor-section-boxed elementor-section-height-default\" data-id=\"421432c8\" data-element_type=\"section\">\n\t\t\t\t\t\t<div class=\"elementor-container elementor-column-gap-default\">\n\t\t\t\t\t\t\t<div class=\"elementor-row\">\n\t\t\t\t\t<div class=\"elementor-column elementor-col-33 elementor-top-column elementor-element elementor-element-3e5c63b3\" data-id=\"3e5c63b3\" data-element_type=\"column\">\n\t\t\t<div class=\"elementor-column-wrap elementor-element-populated\">\n\t\t\t\t\t\t\t<div class=\"elementor-widget-wrap\">\n\t\t\t\t\t\t<div class=\"elementor-element elementor-element-5940701f elementor-widget elementor-widget-heading\" data-id=\"5940701f\" data-element_type=\"widget\" data-widget_type=\"heading.default\">\n\t\t\t\t<div class=\"elementor-widget-container\">\n\t\t\t<h1 class=\"elementor-heading-title elementor-size-default\">D.O. Ca Rioja<\/h1>\t\t<\/div>\n\t\t\t\t<\/div>\n\t\t\t\t<div class=\"elementor-element elementor-element-7b7d068f elementor-widget-divider--view-line elementor-widget elementor-widget-divider\" data-id=\"7b7d068f\" data-element_type=\"widget\" data-widget_type=\"divider.default\">\n\t\t\t\t<div class=\"elementor-widget-container\">\n\t\t\t\t\t<div class=\"elementor-divider\">\n\t\t\t<span class=\"elementor-divider-separator\">\n\t\t\t\t\t\t<\/span>\n\t\t<\/div>\n\t\t\t\t<\/div>\n\t\t\t\t<\/div>\n\t\t\t\t<div class=\"elementor-element elementor-element-4a91ab50 elementor-widget elementor-widget-heading\" data-id=\"4a91ab50\" data-element_type=\"widget\" data-widget_type=\"heading.default\">\n\t\t\t\t<div class=\"elementor-widget-container\">\n\t\t\t<h2 class=\"elementor-heading-title elementor-size-default\">BERONIA<\/h2>\t\t<\/div>\n\t\t\t\t<\/div>\n\t\t\t\t<div class=\"elementor-element elementor-element-7d2e274e elementor-widget elementor-widget-heading\" data-id=\"7d2e274e\" data-element_type=\"widget\" data-widget_type=\"heading.default\">\n\t\t\t\t<div class=\"elementor-widget-container\">\n\t\t\t<h3 class=\"elementor-heading-title elementor-size-default\">Graciano<\/h3>\t\t<\/div>\n\t\t\t\t<\/div>\n\t\t\t\t<div class=\"elementor-element elementor-element-302615b2 elementor-widget elementor-widget-text-editor\" data-id=\"302615b2\" data-element_type=\"widget\" data-widget_type=\"text-editor.default\">\n\t\t\t\t<div class=\"elementor-widget-container\">\n\t\t\t\t\t\t\t\t<div class=\"elementor-text-editor elementor-clearfix\">\n\t\t\t\t\t<p><strong>VARIEDADES DE UVA:<br \/><\/strong>Graciano: 100%.<\/p>\t\t\t\t\t<\/div>\n\t\t\t\t\t\t<\/div>\n\t\t\t\t<\/div>\n\t\t\t\t<div class=\"elementor-element elementor-element-34a611f4 elementor-widget elementor-widget-text-editor\" data-id=\"34a611f4\" data-element_type=\"widget\" data-widget_type=\"text-editor.default\">\n\t\t\t\t<div class=\"elementor-widget-container\">\n\t\t\t\t\t\t\t\t<div class=\"elementor-text-editor elementor-clearfix\">\n\t\t\t\t\t<p class=\"p2\"><span class=\"s3\"><b>ELABORACI\u00d3N<\/b><\/span><strong>:<\/strong><br \/>Para la elaboraci\u00f3n de Beronia Graciano sometimos a las uvas a una maceraci\u00f3n prefermentativa en fr\u00edo. Para lograr la mayor extracci\u00f3n arom\u00e1tica posible, la fermentaci\u00f3n alcoh\u00f3lica se llev\u00f3 a cabo a una temperatura entre 22\u00b0-24\u00b0 C. Una vez terminada \u00e9sta, el vino resultante permaneci\u00f3 durante 7 meses en barricas nuevas de roble franc\u00e9s. Finalmente, Beronia Graciano fue embotellado y continu\u00f3 con su reposo en bodega durante al menos 6 meses antes de su salida al mercado.<\/p>\t\t\t\t\t<\/div>\n\t\t\t\t\t\t<\/div>\n\t\t\t\t<\/div>\n\t\t\t\t\t\t<\/div>\n\t\t\t\t\t<\/div>\n\t\t<\/div>\n\t\t\t\t<div class=\"elementor-column elementor-col-33 elementor-top-column elementor-element elementor-element-7e60bf51\" data-id=\"7e60bf51\" data-element_type=\"column\">\n\t\t\t<div class=\"elementor-column-wrap elementor-element-populated\">\n\t\t\t\t\t\t\t<div class=\"elementor-widget-wrap\">\n\t\t\t\t\t\t<div class=\"elementor-element elementor-element-48d41c6b elementor-widget elementor-widget-image\" data-id=\"48d41c6b\" data-element_type=\"widget\" data-widget_type=\"image.default\">\n\t\t\t\t<div class=\"elementor-widget-container\">\n\t\t\t\t\t\t\t\t<div class=\"elementor-image\">\n\t\t\t\t\t\t\t\t\t\t\t\t<img loading=\"lazy\" decoding=\"async\" width=\"133\" height=\"580\" src=\"https:\/\/vinumnobile.com\/wp-content\/uploads\/2023\/03\/BeroniaColeccionVarietales-botella-04b-Graciano.png\" class=\"attachment-full size-full\" alt=\"\" \/>\t\t\t\t\t\t\t\t\t\t\t\t\t\t<\/div>\n\t\t\t\t\t\t<\/div>\n\t\t\t\t<\/div>\n\t\t\t\t\t\t<\/div>\n\t\t\t\t\t<\/div>\n\t\t<\/div>\n\t\t\t\t<div class=\"elementor-column elementor-col-33 elementor-top-column elementor-element elementor-element-70c75f98\" data-id=\"70c75f98\" data-element_type=\"column\">\n\t\t\t<div class=\"elementor-column-wrap elementor-element-populated\">\n\t\t\t\t\t\t\t<div class=\"elementor-widget-wrap\">\n\t\t\t\t\t\t<div class=\"elementor-element elementor-element-14c49d45 elementor-widget elementor-widget-text-editor\" data-id=\"14c49d45\" data-element_type=\"widget\" data-widget_type=\"text-editor.default\">\n\t\t\t\t<div class=\"elementor-widget-container\">\n\t\t\t\t\t\t\t\t<div class=\"elementor-text-editor elementor-clearfix\">\n\t\t\t\t\t<p class=\"p2\"><span class=\"s3\"><b>COMENTARIOS ENOL\u00d3GICOS<\/b><\/span><strong>:<\/strong><br \/>Beronia Graciano ofrece un profundo color cereza picota de capa alta. En nariz destacan los aromas de ciruela negra, compota de frutas y flor de brezo sobre un fondo mineral y bals\u00e1mico. Su intensa paleta arom\u00e1tica se complementa con recuerdos de chocolate y tabaco. En boca aparecen los frutos negros sobre un fondo mentolado. Se trata de un vino fresco, largo, elegante y estructurado, con una madera muy bien integrada y una excelente acidez, que nos permite disfrutar de nuevas sensaciones debido a la variedad Graciano.<\/p>\t\t\t\t\t<\/div>\n\t\t\t\t\t\t<\/div>\n\t\t\t\t<\/div>\n\t\t\t\t<div class=\"elementor-element elementor-element-5782a28c elementor-widget elementor-widget-text-editor\" data-id=\"5782a28c\" data-element_type=\"widget\" data-widget_type=\"text-editor.default\">\n\t\t\t\t<div class=\"elementor-widget-container\">\n\t\t\t\t\t\t\t\t<div class=\"elementor-text-editor elementor-clearfix\">\n\t\t\t\t\t<p class=\"p2\"><span class=\"s3\"><b>SERVICIO Y MARIDAJE<\/b><\/span><strong>:<\/strong><br \/>Beronia Graciano armoniza a la perfecci\u00f3n con pescados grasos, todo tipo de ahumados, mariscos y quesos.<span class=\"Apple-converted-space\">\u00a0<\/span><\/p>\t\t\t\t\t<\/div>\n\t\t\t\t\t\t<\/div>\n\t\t\t\t<\/div>\n\t\t\t\t<div class=\"elementor-element elementor-element-4c15bd0e elementor-align-center elementor-widget elementor-widget-button\" data-id=\"4c15bd0e\" data-element_type=\"widget\" data-widget_type=\"button.default\">\n\t\t\t\t<div class=\"elementor-widget-container\">\n\t\t\t\t\t<div class=\"elementor-button-wrapper\">\n\t\t\t<a href=\"https:\/\/vinumnobile.com\/wp-content\/uploads\/2023\/03\/BeroniaColeccionVarietales-ficha-04-Graciano.pdf\" target=\"_blank\" class=\"elementor-button-link elementor-button elementor-size-sm\" role=\"button\">\n\t\t\t\t\t\t<span class=\"elementor-button-content-wrapper\">\n\t\t\t\t\t\t<span class=\"elementor-button-text\">DESCARGAR FICHA PDF<\/span>\n\t\t<\/span>\n\t\t\t\t\t<\/a>\n\t\t<\/div>\n\t\t\t\t<\/div>\n\t\t\t\t<\/div>\n\t\t\t\t\t\t<\/div>\n\t\t\t\t\t<\/div>\n\t\t<\/div>\n\t\t\t\t\t\t\t\t<\/div>\n\t\t\t\t\t<\/div>\n\t\t<\/section>\n\t\t\t\t\t\t<\/div>\n\t\t\t\t\t\t<\/div>\n\t\t\t\t\t<\/div>\n\t\t","protected":false},"excerpt":{"rendered":"<p>D.O. Ca Rioja BERONIA Graciano VARIEDADES DE UVA:Graciano: 100%. ELABORACI\u00d3N:Para la elaboraci\u00f3n de Beronia Graciano sometimos a las uvas a una maceraci\u00f3n prefermentativa en fr\u00edo. Para lograr la mayor extracci\u00f3n arom\u00e1tica posible, la fermentaci\u00f3n alcoh\u00f3lica se llev\u00f3 a cabo a una temperatura entre 22\u00b0-24\u00b0 C. Una vez terminada \u00e9sta, el vino resultante permaneci\u00f3 durante 7 [&hellip;]<\/p>\n","protected":false},"author":1,"featured_media":0,"parent":1293,"menu_order":0,"comment_status":"closed","ping_status":"closed","template":"elementor_header_footer","meta":{"footnotes":""},"class_list":["post-1315","page","type-page","status-publish","hentry"],"_links":{"self":[{"href":"https:\/\/vinumnobile.com\/index.php\/wp-json\/wp\/v2\/pages\/1315","targetHints":{"allow":["GET"]}}],"collection":[{"href":"https:\/\/vinumnobile.com\/index.php\/wp-json\/wp\/v2\/pages"}],"about":[{"href":"https:\/\/vinumnobile.com\/index.php\/wp-json\/wp\/v2\/types\/page"}],"author":[{"embeddable":true,"href":"https:\/\/vinumnobile.com\/index.php\/wp-json\/wp\/v2\/users\/1"}],"replies":[{"embeddable":true,"href":"https:\/\/vinumnobile.com\/index.php\/wp-json\/wp\/v2\/comments?post=1315"}],"version-history":[{"count":14,"href":"https:\/\/vinumnobile.com\/index.php\/wp-json\/wp\/v2\/pages\/1315\/revisions"}],"predecessor-version":[{"id":4526,"href":"https:\/\/vinumnobile.com\/index.php\/wp-json\/wp\/v2\/pages\/1315\/revisions\/4526"}],"up":[{"embeddable":true,"href":"https:\/\/vinumnobile.com\/index.php\/wp-json\/wp\/v2\/pages\/1293"}],"wp:attachment":[{"href":"https:\/\/vinumnobile.com\/index.php\/wp-json\/wp\/v2\/media?parent=1315"}],"curies":[{"name":"wp","href":"https:\/\/api.w.org\/{rel}","templated":true}]}}