{"id":1309,"date":"2020-11-26T10:04:14","date_gmt":"2020-11-26T10:04:14","guid":{"rendered":"https:\/\/vinumnobile.com\/?page_id=1309"},"modified":"2023-03-14T10:15:34","modified_gmt":"2023-03-14T10:15:34","slug":"tempranillo-edicion-especial","status":"publish","type":"page","link":"https:\/\/vinumnobile.com\/index.php\/d-o-ca-rioja\/rioja-beronia\/tempranillo-edicion-especial\/","title":{"rendered":"tempranillo-elaboracion-especial"},"content":{"rendered":"\t\t<div data-elementor-type=\"wp-page\" data-elementor-id=\"1309\" class=\"elementor elementor-1309\" data-elementor-settings=\"[]\">\n\t\t\t\t\t\t<div class=\"elementor-inner\">\n\t\t\t\t\t\t\t<div class=\"elementor-section-wrap\">\n\t\t\t\t\t\t\t<section class=\"elementor-section elementor-top-section elementor-element elementor-element-5a3a3232 elementor-section-height-min-height elementor-section-items-top elementor-section-boxed elementor-section-height-default\" data-id=\"5a3a3232\" data-element_type=\"section\">\n\t\t\t\t\t\t<div class=\"elementor-container elementor-column-gap-default\">\n\t\t\t\t\t\t\t<div class=\"elementor-row\">\n\t\t\t\t\t<div class=\"elementor-column elementor-col-33 elementor-top-column elementor-element elementor-element-247e72d\" data-id=\"247e72d\" data-element_type=\"column\">\n\t\t\t<div class=\"elementor-column-wrap elementor-element-populated\">\n\t\t\t\t\t\t\t<div class=\"elementor-widget-wrap\">\n\t\t\t\t\t\t<div class=\"elementor-element elementor-element-73ef863f elementor-widget elementor-widget-heading\" data-id=\"73ef863f\" data-element_type=\"widget\" data-widget_type=\"heading.default\">\n\t\t\t\t<div class=\"elementor-widget-container\">\n\t\t\t<h1 class=\"elementor-heading-title elementor-size-default\">D.O. Ca Rioja<\/h1>\t\t<\/div>\n\t\t\t\t<\/div>\n\t\t\t\t<div class=\"elementor-element elementor-element-78c2bc3f elementor-widget-divider--view-line elementor-widget elementor-widget-divider\" data-id=\"78c2bc3f\" data-element_type=\"widget\" data-widget_type=\"divider.default\">\n\t\t\t\t<div class=\"elementor-widget-container\">\n\t\t\t\t\t<div class=\"elementor-divider\">\n\t\t\t<span class=\"elementor-divider-separator\">\n\t\t\t\t\t\t<\/span>\n\t\t<\/div>\n\t\t\t\t<\/div>\n\t\t\t\t<\/div>\n\t\t\t\t<div class=\"elementor-element elementor-element-754a1ee8 elementor-widget elementor-widget-heading\" data-id=\"754a1ee8\" data-element_type=\"widget\" data-widget_type=\"heading.default\">\n\t\t\t\t<div class=\"elementor-widget-container\">\n\t\t\t<h2 class=\"elementor-heading-title elementor-size-default\">BERONIA<\/h2>\t\t<\/div>\n\t\t\t\t<\/div>\n\t\t\t\t<div class=\"elementor-element elementor-element-62be23c2 elementor-widget elementor-widget-heading\" data-id=\"62be23c2\" data-element_type=\"widget\" data-widget_type=\"heading.default\">\n\t\t\t\t<div class=\"elementor-widget-container\">\n\t\t\t<h3 class=\"elementor-heading-title elementor-size-default\">Tempranillo Elaboraci\u00f3n Especial\n<\/h3>\t\t<\/div>\n\t\t\t\t<\/div>\n\t\t\t\t<div class=\"elementor-element elementor-element-350bf5f4 elementor-widget elementor-widget-text-editor\" data-id=\"350bf5f4\" data-element_type=\"widget\" data-widget_type=\"text-editor.default\">\n\t\t\t\t<div class=\"elementor-widget-container\">\n\t\t\t\t\t\t\t\t<div class=\"elementor-text-editor elementor-clearfix\">\n\t\t\t\t\t<p><strong>VARIEDADES DE UVA:<br \/><\/strong>Tempranillo: 100%.<\/p>\t\t\t\t\t<\/div>\n\t\t\t\t\t\t<\/div>\n\t\t\t\t<\/div>\n\t\t\t\t<div class=\"elementor-element elementor-element-2273fb4d elementor-widget elementor-widget-text-editor\" data-id=\"2273fb4d\" data-element_type=\"widget\" data-widget_type=\"text-editor.default\">\n\t\t\t\t<div class=\"elementor-widget-container\">\n\t\t\t\t\t\t\t\t<div class=\"elementor-text-editor elementor-clearfix\">\n\t\t\t\t\t<p class=\"p2\"><span class=\"s3\"><b>ELABORACI\u00d3N<\/b><\/span><strong>:<\/strong><br \/>Para la elaboraci\u00f3n de nuestro Beronia Tempranillo Elaboraci\u00f3n Especial seleccionamos los racimos de mayor calidad. La fermentaci\u00f3n alcoh\u00f3lica, y posteriormente, la malol\u00e1ctica, se llev\u00f3 a cabo en barricas de roble americano 225 litros, donde continu\u00f3 con su crianza durante cinco meses m\u00e1s sometido a battonages peri\u00f3dicos. Finalmente, el vino fue embotellado en junio de 2021, donde permaneci\u00f3 durante al menos 5 meses antes de su salida al mercado.<\/p>\t\t\t\t\t<\/div>\n\t\t\t\t\t\t<\/div>\n\t\t\t\t<\/div>\n\t\t\t\t\t\t<\/div>\n\t\t\t\t\t<\/div>\n\t\t<\/div>\n\t\t\t\t<div class=\"elementor-column elementor-col-33 elementor-top-column elementor-element elementor-element-1f71d454\" data-id=\"1f71d454\" data-element_type=\"column\">\n\t\t\t<div class=\"elementor-column-wrap elementor-element-populated\">\n\t\t\t\t\t\t\t<div class=\"elementor-widget-wrap\">\n\t\t\t\t\t\t<div class=\"elementor-element elementor-element-1e738dc7 elementor-widget elementor-widget-image\" data-id=\"1e738dc7\" data-element_type=\"widget\" data-widget_type=\"image.default\">\n\t\t\t\t<div class=\"elementor-widget-container\">\n\t\t\t\t\t\t\t\t<div class=\"elementor-image\">\n\t\t\t\t\t\t\t\t\t\t\t\t<img loading=\"lazy\" decoding=\"async\" width=\"133\" height=\"580\" src=\"https:\/\/vinumnobile.com\/wp-content\/uploads\/2023\/03\/BeroniaColeccionVarietales-botella-01b-TempranilloElaboracionEspecial.png\" class=\"attachment-full size-full\" alt=\"\" \/>\t\t\t\t\t\t\t\t\t\t\t\t\t\t<\/div>\n\t\t\t\t\t\t<\/div>\n\t\t\t\t<\/div>\n\t\t\t\t\t\t<\/div>\n\t\t\t\t\t<\/div>\n\t\t<\/div>\n\t\t\t\t<div class=\"elementor-column elementor-col-33 elementor-top-column elementor-element elementor-element-5e020e9b\" data-id=\"5e020e9b\" data-element_type=\"column\">\n\t\t\t<div class=\"elementor-column-wrap elementor-element-populated\">\n\t\t\t\t\t\t\t<div class=\"elementor-widget-wrap\">\n\t\t\t\t\t\t<div class=\"elementor-element elementor-element-4b392b29 elementor-widget elementor-widget-text-editor\" data-id=\"4b392b29\" data-element_type=\"widget\" data-widget_type=\"text-editor.default\">\n\t\t\t\t<div class=\"elementor-widget-container\">\n\t\t\t\t\t\t\t\t<div class=\"elementor-text-editor elementor-clearfix\">\n\t\t\t\t\t<p class=\"p2\"><span class=\"s3\"><b>COMENTARIOS ENOL\u00d3GICOS<\/b><\/span><strong>:<\/strong><br \/>Beronia Tempranillo Elaboraci\u00f3n Especial ofrece un intenso color carmes\u00ed. En nariz se muestra sofisticado y atractivo, con aromas propios de la variedad tempranillo, como p\u00e9talos de rosa, fruta roja y regaliz acompa\u00f1ados de notas minerales y especias dulces. En boca descubre r\u00e1pidamente su car\u00e1cter varietal y su frescura, destacando la presencia de frutos rojos y chocolate, con un tanino bien integrado que permite disfrutar de sensaciones diferentes a las habituales.<\/p>\t\t\t\t\t<\/div>\n\t\t\t\t\t\t<\/div>\n\t\t\t\t<\/div>\n\t\t\t\t<div class=\"elementor-element elementor-element-1d04c317 elementor-widget elementor-widget-text-editor\" data-id=\"1d04c317\" data-element_type=\"widget\" data-widget_type=\"text-editor.default\">\n\t\t\t\t<div class=\"elementor-widget-container\">\n\t\t\t\t\t\t\t\t<div class=\"elementor-text-editor elementor-clearfix\">\n\t\t\t\t\t<p class=\"p2\"><span class=\"s3\"><b>SERVICIO Y MARIDAJE<\/b><\/span><strong>:<\/strong><br \/>Beronia Tempranillo Elaboraci\u00f3n Especial armoniza a la perfecci\u00f3n con ahumados, pat\u00e9s, carpaccios y aves de caza.<\/p>\t\t\t\t\t<\/div>\n\t\t\t\t\t\t<\/div>\n\t\t\t\t<\/div>\n\t\t\t\t<div class=\"elementor-element elementor-element-7f8815 elementor-align-center elementor-widget elementor-widget-button\" data-id=\"7f8815\" data-element_type=\"widget\" data-widget_type=\"button.default\">\n\t\t\t\t<div class=\"elementor-widget-container\">\n\t\t\t\t\t<div class=\"elementor-button-wrapper\">\n\t\t\t<a href=\"https:\/\/vinumnobile.com\/wp-content\/uploads\/2023\/03\/BeroniaColeccionVarietales-ficha-01-TempranilloElaboracionEspecial.pdf\" target=\"_blank\" class=\"elementor-button-link elementor-button elementor-size-sm\" role=\"button\">\n\t\t\t\t\t\t<span class=\"elementor-button-content-wrapper\">\n\t\t\t\t\t\t<span class=\"elementor-button-text\">DESCARGAR FICHA PDF<\/span>\n\t\t<\/span>\n\t\t\t\t\t<\/a>\n\t\t<\/div>\n\t\t\t\t<\/div>\n\t\t\t\t<\/div>\n\t\t\t\t\t\t<\/div>\n\t\t\t\t\t<\/div>\n\t\t<\/div>\n\t\t\t\t\t\t\t\t<\/div>\n\t\t\t\t\t<\/div>\n\t\t<\/section>\n\t\t\t\t\t\t<\/div>\n\t\t\t\t\t\t<\/div>\n\t\t\t\t\t<\/div>\n\t\t","protected":false},"excerpt":{"rendered":"<p>D.O. Ca Rioja BERONIA Tempranillo Elaboraci\u00f3n Especial VARIEDADES DE UVA:Tempranillo: 100%. ELABORACI\u00d3N:Para la elaboraci\u00f3n de nuestro Beronia Tempranillo Elaboraci\u00f3n Especial seleccionamos los racimos de mayor calidad. La fermentaci\u00f3n alcoh\u00f3lica, y posteriormente, la malol\u00e1ctica, se llev\u00f3 a cabo en barricas de roble americano 225 litros, donde continu\u00f3 con su crianza durante cinco meses m\u00e1s sometido a [&hellip;]<\/p>\n","protected":false},"author":1,"featured_media":0,"parent":1293,"menu_order":0,"comment_status":"closed","ping_status":"closed","template":"elementor_header_footer","meta":{"footnotes":""},"class_list":["post-1309","page","type-page","status-publish","hentry"],"_links":{"self":[{"href":"https:\/\/vinumnobile.com\/index.php\/wp-json\/wp\/v2\/pages\/1309","targetHints":{"allow":["GET"]}}],"collection":[{"href":"https:\/\/vinumnobile.com\/index.php\/wp-json\/wp\/v2\/pages"}],"about":[{"href":"https:\/\/vinumnobile.com\/index.php\/wp-json\/wp\/v2\/types\/page"}],"author":[{"embeddable":true,"href":"https:\/\/vinumnobile.com\/index.php\/wp-json\/wp\/v2\/users\/1"}],"replies":[{"embeddable":true,"href":"https:\/\/vinumnobile.com\/index.php\/wp-json\/wp\/v2\/comments?post=1309"}],"version-history":[{"count":20,"href":"https:\/\/vinumnobile.com\/index.php\/wp-json\/wp\/v2\/pages\/1309\/revisions"}],"predecessor-version":[{"id":4520,"href":"https:\/\/vinumnobile.com\/index.php\/wp-json\/wp\/v2\/pages\/1309\/revisions\/4520"}],"up":[{"embeddable":true,"href":"https:\/\/vinumnobile.com\/index.php\/wp-json\/wp\/v2\/pages\/1293"}],"wp:attachment":[{"href":"https:\/\/vinumnobile.com\/index.php\/wp-json\/wp\/v2\/media?parent=1309"}],"curies":[{"name":"wp","href":"https:\/\/api.w.org\/{rel}","templated":true}]}}