{"id":1295,"date":"2020-11-26T10:00:00","date_gmt":"2020-11-26T10:00:00","guid":{"rendered":"https:\/\/vinumnobile.com\/?page_id=1295"},"modified":"2023-03-14T08:52:03","modified_gmt":"2023-03-14T08:52:03","slug":"blanco-viura","status":"publish","type":"page","link":"https:\/\/vinumnobile.com\/index.php\/d-o-ca-rioja\/rioja-beronia\/blanco-viura\/","title":{"rendered":"blanco-viura"},"content":{"rendered":"\t\t<div data-elementor-type=\"wp-page\" data-elementor-id=\"1295\" class=\"elementor elementor-1295\" data-elementor-settings=\"[]\">\n\t\t\t\t\t\t<div class=\"elementor-inner\">\n\t\t\t\t\t\t\t<div class=\"elementor-section-wrap\">\n\t\t\t\t\t\t\t<section class=\"elementor-section elementor-top-section elementor-element elementor-element-1a610a8d elementor-section-height-min-height elementor-section-items-top elementor-section-boxed elementor-section-height-default\" data-id=\"1a610a8d\" data-element_type=\"section\">\n\t\t\t\t\t\t<div class=\"elementor-container elementor-column-gap-default\">\n\t\t\t\t\t\t\t<div class=\"elementor-row\">\n\t\t\t\t\t<div class=\"elementor-column elementor-col-33 elementor-top-column elementor-element elementor-element-3e2b22fb\" data-id=\"3e2b22fb\" data-element_type=\"column\">\n\t\t\t<div class=\"elementor-column-wrap elementor-element-populated\">\n\t\t\t\t\t\t\t<div class=\"elementor-widget-wrap\">\n\t\t\t\t\t\t<div class=\"elementor-element elementor-element-1a814121 elementor-widget elementor-widget-heading\" data-id=\"1a814121\" data-element_type=\"widget\" data-widget_type=\"heading.default\">\n\t\t\t\t<div class=\"elementor-widget-container\">\n\t\t\t<h1 class=\"elementor-heading-title elementor-size-default\">D.O. Ca Rioja<\/h1>\t\t<\/div>\n\t\t\t\t<\/div>\n\t\t\t\t<div class=\"elementor-element elementor-element-7143a45a elementor-widget-divider--view-line elementor-widget elementor-widget-divider\" data-id=\"7143a45a\" data-element_type=\"widget\" data-widget_type=\"divider.default\">\n\t\t\t\t<div class=\"elementor-widget-container\">\n\t\t\t\t\t<div class=\"elementor-divider\">\n\t\t\t<span class=\"elementor-divider-separator\">\n\t\t\t\t\t\t<\/span>\n\t\t<\/div>\n\t\t\t\t<\/div>\n\t\t\t\t<\/div>\n\t\t\t\t<div class=\"elementor-element elementor-element-60526f4c elementor-widget elementor-widget-heading\" data-id=\"60526f4c\" data-element_type=\"widget\" data-widget_type=\"heading.default\">\n\t\t\t\t<div class=\"elementor-widget-container\">\n\t\t\t<h2 class=\"elementor-heading-title elementor-size-default\">BERONIA<\/h2>\t\t<\/div>\n\t\t\t\t<\/div>\n\t\t\t\t<div class=\"elementor-element elementor-element-41de23f3 elementor-widget elementor-widget-heading\" data-id=\"41de23f3\" data-element_type=\"widget\" data-widget_type=\"heading.default\">\n\t\t\t\t<div class=\"elementor-widget-container\">\n\t\t\t<h3 class=\"elementor-heading-title elementor-size-default\">Blanco Viura<\/h3>\t\t<\/div>\n\t\t\t\t<\/div>\n\t\t\t\t<div class=\"elementor-element elementor-element-534d413a elementor-widget elementor-widget-text-editor\" data-id=\"534d413a\" data-element_type=\"widget\" data-widget_type=\"text-editor.default\">\n\t\t\t\t<div class=\"elementor-widget-container\">\n\t\t\t\t\t\t\t\t<div class=\"elementor-text-editor elementor-clearfix\">\n\t\t\t\t\t<p><strong>VARIEDADES DE UVA:<br \/><\/strong>Viura 86% y garnacha blanca 14%.<span class=\"Apple-converted-space\">\u00a0<\/span><\/p>\t\t\t\t\t<\/div>\n\t\t\t\t\t\t<\/div>\n\t\t\t\t<\/div>\n\t\t\t\t<div class=\"elementor-element elementor-element-2841510d elementor-widget elementor-widget-text-editor\" data-id=\"2841510d\" data-element_type=\"widget\" data-widget_type=\"text-editor.default\">\n\t\t\t\t<div class=\"elementor-widget-container\">\n\t\t\t\t\t\t\t\t<div class=\"elementor-text-editor elementor-clearfix\">\n\t\t\t\t\t<p class=\"p2\"><span class=\"s2\"><b><span class=\"Apple-converted-space\">\u00a0<\/span><\/b><\/span><span class=\"s3\"><b>ELABORACI\u00d3N<\/b><\/span><strong>:<\/strong><br \/>Una vez que las uvas llegaron a bodega, y despu\u00e9s de despalillarlas casi totalmente, llevamos a cabo la maceraci\u00f3n pelicular est\u00e1tica de las mismas durante 24 horas. Inmediatamente despu\u00e9s, separamos el mosto yema y lo desfangamos de forma est\u00e1tica a una temperatura de 5\u00b0 C. A continuaci\u00f3n, comenz\u00f3 la fermentaci\u00f3n alcoh\u00f3lica a una temperatura controlada entre 14\u00b0 y 16\u00b0 C, que se prolong\u00f3 durante 10 d\u00edas. Durante los meses de noviembre y diciembre realizamos battonages peri\u00f3dicos de las l\u00edas en dep\u00f3sito, y finalmente, en enero el vino fue estabilizado por frio y embotellado.<\/p>\t\t\t\t\t<\/div>\n\t\t\t\t\t\t<\/div>\n\t\t\t\t<\/div>\n\t\t\t\t\t\t<\/div>\n\t\t\t\t\t<\/div>\n\t\t<\/div>\n\t\t\t\t<div class=\"elementor-column elementor-col-33 elementor-top-column elementor-element elementor-element-2df49a09\" data-id=\"2df49a09\" data-element_type=\"column\">\n\t\t\t<div class=\"elementor-column-wrap elementor-element-populated\">\n\t\t\t\t\t\t\t<div class=\"elementor-widget-wrap\">\n\t\t\t\t\t\t<div class=\"elementor-element elementor-element-6ba6401a elementor-widget elementor-widget-image\" data-id=\"6ba6401a\" data-element_type=\"widget\" data-widget_type=\"image.default\">\n\t\t\t\t<div class=\"elementor-widget-container\">\n\t\t\t\t\t\t\t\t<div class=\"elementor-image\">\n\t\t\t\t\t\t\t\t\t\t\t\t<img loading=\"lazy\" decoding=\"async\" width=\"133\" height=\"580\" src=\"https:\/\/vinumnobile.com\/wp-content\/uploads\/2023\/03\/BeroniaGamaClasica-botella-01b-BlancoViura.png\" class=\"attachment-full size-full\" alt=\"\" \/>\t\t\t\t\t\t\t\t\t\t\t\t\t\t<\/div>\n\t\t\t\t\t\t<\/div>\n\t\t\t\t<\/div>\n\t\t\t\t\t\t<\/div>\n\t\t\t\t\t<\/div>\n\t\t<\/div>\n\t\t\t\t<div class=\"elementor-column elementor-col-33 elementor-top-column elementor-element elementor-element-2aa43055\" data-id=\"2aa43055\" data-element_type=\"column\">\n\t\t\t<div class=\"elementor-column-wrap elementor-element-populated\">\n\t\t\t\t\t\t\t<div class=\"elementor-widget-wrap\">\n\t\t\t\t\t\t<div class=\"elementor-element elementor-element-40a974b elementor-widget elementor-widget-text-editor\" data-id=\"40a974b\" data-element_type=\"widget\" data-widget_type=\"text-editor.default\">\n\t\t\t\t<div class=\"elementor-widget-container\">\n\t\t\t\t\t\t\t\t<div class=\"elementor-text-editor elementor-clearfix\">\n\t\t\t\t\t<p class=\"p2\"><span class=\"s2\"><b><span class=\"Apple-converted-space\">\u00a0<\/span><\/b><\/span><span class=\"s3\"><b>COMENTARIOS ENOL\u00d3GICOS<\/b><\/span><strong>:<\/strong><br \/>De color amarillo verdoso. Limpio y brillante. Atractiva y compleja nariz donde afloran aromas frutales de pi\u00f1a y piel de manzana junto con notas de flores blancas sobre un fondo de hierbas arom\u00e1ticas destacando la manzanilla. En boca es un vino fresco, largo y voluminoso. Aparecen notas de frutas de hueso como el mango sobre un fondo tropical. Vino muy equilibrado y con un final goloso perfecto para disfrutarlo en cualquier momento, con o sin acompa\u00f1amiento.<span class=\"Apple-converted-space\">\u00a0<\/span><\/p>\t\t\t\t\t<\/div>\n\t\t\t\t\t\t<\/div>\n\t\t\t\t<\/div>\n\t\t\t\t<div class=\"elementor-element elementor-element-2676b083 elementor-widget elementor-widget-text-editor\" data-id=\"2676b083\" data-element_type=\"widget\" data-widget_type=\"text-editor.default\">\n\t\t\t\t<div class=\"elementor-widget-container\">\n\t\t\t\t\t\t\t\t<div class=\"elementor-text-editor elementor-clearfix\">\n\t\t\t\t\t<p class=\"p2\"><span class=\"s3\"><b>SERVICIO Y MARIDAJE<\/b><\/span><strong>:<\/strong><br \/>Resulta ideal para disfrutarlo solo o acompa\u00f1ando entrantes, pastas, arroces, ensaladas y pescados blancos en sus diferentes elaboraciones, as\u00ed como carnes magras.<\/p>\t\t\t\t\t<\/div>\n\t\t\t\t\t\t<\/div>\n\t\t\t\t<\/div>\n\t\t\t\t<div class=\"elementor-element elementor-element-1171e8ee elementor-align-center elementor-widget elementor-widget-button\" data-id=\"1171e8ee\" data-element_type=\"widget\" data-widget_type=\"button.default\">\n\t\t\t\t<div class=\"elementor-widget-container\">\n\t\t\t\t\t<div class=\"elementor-button-wrapper\">\n\t\t\t<a href=\"https:\/\/vinumnobile.com\/wp-content\/uploads\/2023\/03\/BeroniaGamaClasica-ficha-01-BlancoViura.pdf\" target=\"_blank\" class=\"elementor-button-link elementor-button elementor-size-sm\" role=\"button\">\n\t\t\t\t\t\t<span class=\"elementor-button-content-wrapper\">\n\t\t\t\t\t\t<span class=\"elementor-button-text\">DESCARGAR FICHA PDF<\/span>\n\t\t<\/span>\n\t\t\t\t\t<\/a>\n\t\t<\/div>\n\t\t\t\t<\/div>\n\t\t\t\t<\/div>\n\t\t\t\t\t\t<\/div>\n\t\t\t\t\t<\/div>\n\t\t<\/div>\n\t\t\t\t\t\t\t\t<\/div>\n\t\t\t\t\t<\/div>\n\t\t<\/section>\n\t\t\t\t\t\t<\/div>\n\t\t\t\t\t\t<\/div>\n\t\t\t\t\t<\/div>\n\t\t","protected":false},"excerpt":{"rendered":"<p>D.O. Ca Rioja BERONIA Blanco Viura VARIEDADES DE UVA:Viura 86% y garnacha blanca 14%.\u00a0 \u00a0ELABORACI\u00d3N:Una vez que las uvas llegaron a bodega, y despu\u00e9s de despalillarlas casi totalmente, llevamos a cabo la maceraci\u00f3n pelicular est\u00e1tica de las mismas durante 24 horas. Inmediatamente despu\u00e9s, separamos el mosto yema y lo desfangamos de forma est\u00e1tica a una [&hellip;]<\/p>\n","protected":false},"author":1,"featured_media":0,"parent":1293,"menu_order":0,"comment_status":"closed","ping_status":"closed","template":"elementor_header_footer","meta":{"footnotes":""},"class_list":["post-1295","page","type-page","status-publish","hentry"],"_links":{"self":[{"href":"https:\/\/vinumnobile.com\/index.php\/wp-json\/wp\/v2\/pages\/1295","targetHints":{"allow":["GET"]}}],"collection":[{"href":"https:\/\/vinumnobile.com\/index.php\/wp-json\/wp\/v2\/pages"}],"about":[{"href":"https:\/\/vinumnobile.com\/index.php\/wp-json\/wp\/v2\/types\/page"}],"author":[{"embeddable":true,"href":"https:\/\/vinumnobile.com\/index.php\/wp-json\/wp\/v2\/users\/1"}],"replies":[{"embeddable":true,"href":"https:\/\/vinumnobile.com\/index.php\/wp-json\/wp\/v2\/comments?post=1295"}],"version-history":[{"count":20,"href":"https:\/\/vinumnobile.com\/index.php\/wp-json\/wp\/v2\/pages\/1295\/revisions"}],"predecessor-version":[{"id":4475,"href":"https:\/\/vinumnobile.com\/index.php\/wp-json\/wp\/v2\/pages\/1295\/revisions\/4475"}],"up":[{"embeddable":true,"href":"https:\/\/vinumnobile.com\/index.php\/wp-json\/wp\/v2\/pages\/1293"}],"wp:attachment":[{"href":"https:\/\/vinumnobile.com\/index.php\/wp-json\/wp\/v2\/media?parent=1295"}],"curies":[{"name":"wp","href":"https:\/\/api.w.org\/{rel}","templated":true}]}}